{"id":14751,"date":"2024-10-24T08:19:55","date_gmt":"2024-10-24T08:19:55","guid":{"rendered":"https:\/\/pwinecastes.com\/product\/belletrist-os-papas-de-fatima-tawny\/"},"modified":"2024-10-24T08:19:55","modified_gmt":"2024-10-24T08:19:55","slug":"belletrist-os-papas-de-fatima-tawny","status":"publish","type":"product","link":"https:\/\/pwinecastes.com\/en\/product\/belletrist-os-papas-de-fatima-tawny\/","title":{"rendered":"Belletrist Os Papas de F\u00e1tima Tawny"},"content":{"rendered":"<p>Belletrist Os Papas de F\u00e1tima Tawny<\/p>\n<ul>\n<li><strong>Region: <\/strong>Douro.<\/li>\n<li><strong>Capacity:<\/strong> 75cL<\/li>\n<li><strong>Alcohol content: <\/strong>19.5% Vol.<\/li>\n<li>Discover Belletrist Os Papas de F\u00e1tima Tawny, a unique celebration of papal visits to F\u00e1tima, immortalized with a case and label dedicated to Pope John Paul II, in honour of his historic visit to Portugal in 1982.<\/li>\n<li>This special Tawny has a golden red color, seducing the senses with aromas of dried figs, spices and a soft touch of vanilla. Its sweet, delicate taste unfolds with soft, elegant tannins, culminating in a long, memorable finish. <\/li>\n<\/ul>\n","protected":false},"excerpt":{"rendered":"<p>Belletrist Os Papas de F\u00e1tima Tawny Region: Douro. Capacity: 75cL Alcohol content: 19.5% Vol. Discover Belletrist Os Papas de F\u00e1tima Tawny, a unique celebration of papal visits to F\u00e1tima, immortalized with a case and label dedicated to Pope John Paul II, in honour of his historic visit to Portugal in 1982. This special Tawny has [&hellip;]<\/p>\n","protected":false},"featured_media":14739,"template":"","meta":{"_monsterinsights_skip_tracking":false,"_monsterinsights_sitenote_active":false,"_monsterinsights_sitenote_note":"","_monsterinsights_sitenote_category":0},"product_brand":[],"product_cat":[178,357,174],"product_tag":[],"class_list":{"0":"post-14751","1":"product","2":"type-product","3":"status-publish","4":"has-post-thumbnail","6":"product_cat-port","7":"product_cat-tawny-en","8":"product_cat-type-en-3","10":"first","11":"outofstock","12":"taxable","13":"shipping-taxable","14":"purchasable","15":"product-type-simple"},"aioseo_notices":[],"_links":{"self":[{"href":"https:\/\/pwinecastes.com\/en\/wp-json\/wp\/v2\/product\/14751","targetHints":{"allow":["GET"]}}],"collection":[{"href":"https:\/\/pwinecastes.com\/en\/wp-json\/wp\/v2\/product"}],"about":[{"href":"https:\/\/pwinecastes.com\/en\/wp-json\/wp\/v2\/types\/product"}],"version-history":[{"count":0,"href":"https:\/\/pwinecastes.com\/en\/wp-json\/wp\/v2\/product\/14751\/revisions"}],"wp:featuredmedia":[{"embeddable":true,"href":"https:\/\/pwinecastes.com\/en\/wp-json\/wp\/v2\/media\/14739"}],"wp:attachment":[{"href":"https:\/\/pwinecastes.com\/en\/wp-json\/wp\/v2\/media?parent=14751"}],"wp:term":[{"taxonomy":"product_brand","embeddable":true,"href":"https:\/\/pwinecastes.com\/en\/wp-json\/wp\/v2\/product_brand?post=14751"},{"taxonomy":"product_cat","embeddable":true,"href":"https:\/\/pwinecastes.com\/en\/wp-json\/wp\/v2\/product_cat?post=14751"},{"taxonomy":"product_tag","embeddable":true,"href":"https:\/\/pwinecastes.com\/en\/wp-json\/wp\/v2\/product_tag?post=14751"}],"curies":[{"name":"wp","href":"https:\/\/api.w.org\/{rel}","templated":true}]}}