{"id":14792,"date":"2024-10-24T09:28:09","date_gmt":"2024-10-24T09:28:09","guid":{"rendered":"https:\/\/pwinecastes.com\/product\/belletrist-lusiadas-tawny\/"},"modified":"2024-10-24T09:28:09","modified_gmt":"2024-10-24T09:28:09","slug":"belletrist-lusiadas-tawny","status":"publish","type":"product","link":"https:\/\/pwinecastes.com\/en\/product\/belletrist-lusiadas-tawny\/","title":{"rendered":"Belletrist Lus\u00edadas Tawny"},"content":{"rendered":"<p>Belletrist Lus\u00edadas Tawny<\/p>\n<ul>\n<li><strong>Region: <\/strong>Douro.<\/li>\n<li><strong>Capacity:<\/strong> 75cL<\/li>\n<li><strong>Alcohol content: <\/strong>19.5% Vol.<\/li>\n<li>Celebrate the 450th anniversary of &#8220;Os Lus\u00edadas&#8221;, the majestic epic by Lu\u00eds Vaz de Cam\u00f5es, with the exquisite Belletrist Lus\u00edadas Tawny. This tawny Port, which pays homage to the first great Portuguese poetic work in print, is an elixir of reddish-blond color that seduces at first sight. <\/li>\n<li>Includes A3 screen printing<\/li>\n<\/ul>\n","protected":false},"excerpt":{"rendered":"<p>Belletrist Lus\u00edadas Tawny Region: Douro. Capacity: 75cL Alcohol content: 19.5% Vol. Celebrate the 450th anniversary of &#8220;Os Lus\u00edadas&#8221;, the majestic epic by Lu\u00eds Vaz de Cam\u00f5es, with the exquisite Belletrist Lus\u00edadas Tawny. This tawny Port, which pays homage to the first great Portuguese poetic work in print, is an elixir of reddish-blond color that seduces [&hellip;]<\/p>\n","protected":false},"featured_media":14789,"template":"","meta":{"_monsterinsights_skip_tracking":false,"_monsterinsights_sitenote_active":false,"_monsterinsights_sitenote_note":"","_monsterinsights_sitenote_category":0},"product_brand":[],"product_cat":[178,357,174],"product_tag":[],"class_list":{"0":"post-14792","1":"product","2":"type-product","3":"status-publish","4":"has-post-thumbnail","6":"product_cat-port","7":"product_cat-tawny-en","8":"product_cat-type-en-3","10":"first","11":"instock","12":"taxable","13":"shipping-taxable","14":"purchasable","15":"product-type-simple"},"aioseo_notices":[],"_links":{"self":[{"href":"https:\/\/pwinecastes.com\/en\/wp-json\/wp\/v2\/product\/14792","targetHints":{"allow":["GET"]}}],"collection":[{"href":"https:\/\/pwinecastes.com\/en\/wp-json\/wp\/v2\/product"}],"about":[{"href":"https:\/\/pwinecastes.com\/en\/wp-json\/wp\/v2\/types\/product"}],"version-history":[{"count":0,"href":"https:\/\/pwinecastes.com\/en\/wp-json\/wp\/v2\/product\/14792\/revisions"}],"wp:featuredmedia":[{"embeddable":true,"href":"https:\/\/pwinecastes.com\/en\/wp-json\/wp\/v2\/media\/14789"}],"wp:attachment":[{"href":"https:\/\/pwinecastes.com\/en\/wp-json\/wp\/v2\/media?parent=14792"}],"wp:term":[{"taxonomy":"product_brand","embeddable":true,"href":"https:\/\/pwinecastes.com\/en\/wp-json\/wp\/v2\/product_brand?post=14792"},{"taxonomy":"product_cat","embeddable":true,"href":"https:\/\/pwinecastes.com\/en\/wp-json\/wp\/v2\/product_cat?post=14792"},{"taxonomy":"product_tag","embeddable":true,"href":"https:\/\/pwinecastes.com\/en\/wp-json\/wp\/v2\/product_tag?post=14792"}],"curies":[{"name":"wp","href":"https:\/\/api.w.org\/{rel}","templated":true}]}}