{"id":15513,"date":"2024-11-30T15:23:11","date_gmt":"2024-11-30T15:23:11","guid":{"rendered":"https:\/\/pwinecastes.com\/product\/port-maynards-harvest-1974\/"},"modified":"2024-11-30T15:23:11","modified_gmt":"2024-11-30T15:23:11","slug":"port-maynards-harvest-1974","status":"publish","type":"product","link":"https:\/\/pwinecastes.com\/en\/product\/port-maynards-harvest-1974\/","title":{"rendered":"Port Maynard&#8217;s Harvest 1974"},"content":{"rendered":"<h3 class=\"product-title \">Port Maynard&#8217;s Harvest 1974<\/h3>\n<ul>\n<li><strong>Region: <\/strong>Douro.<\/li>\n<li><strong>Capacity:<\/strong> 75cL.<\/li>\n<li><strong>Alcohol content: <\/strong>20% vol.<\/li>\n<li><b>Producer:<\/b> Bar\u00e3o de Vilar, Vinhos S.A.<\/li>\n<li><b>Winemaker:<\/b> \u00c1lvaro Van Zeller.<\/li>\n<li><b>Grape varieties:<\/b> Touriga Nacional, Touriga Franca, Tinta Roriz, Tinta Barroca and Tinto C\u00e3o.<\/li>\n<li><strong>Tasting notes: <\/strong>Maynards Porto Colheita Tawny 1974 is a rich, intense and immensely complex Port wine. It has rich flavors of caramel and spices that contrast with the notes of its citric acidity and freshness from ageing in wood, with a dry core of ripe sweet fruit. <\/li>\n<li>Pairing<strong>: <\/strong>Perfect as an aperitif or dessert, with dried figs and Turkish apricots stuffed with walnuts. For a contrasting pairing, goat&#8217;s cheese crostini with walnuts and honey. Consume at 10-12\u00baC.  <\/li>\n<li><strong>Other information:<\/strong> Contains sulphites.<\/li>\n<\/ul>\n","protected":false},"excerpt":{"rendered":"<p>Port Maynard&#8217;s Harvest 1974 Region: Douro. Capacity: 75cL. Alcohol content: 20% vol. Producer: Bar\u00e3o de Vilar, Vinhos S.A. Winemaker: \u00c1lvaro Van Zeller. Grape varieties: Touriga Nacional, Touriga Franca, Tinta Roriz, Tinta Barroca and Tinto C\u00e3o. Tasting notes: Maynards Porto Colheita Tawny 1974 is a rich, intense and immensely complex Port wine. It has rich flavors [&hellip;]<\/p>\n","protected":false},"featured_media":15516,"template":"","meta":{"_monsterinsights_skip_tracking":false,"_monsterinsights_sitenote_active":false,"_monsterinsights_sitenote_note":"","_monsterinsights_sitenote_category":0},"product_brand":[],"product_cat":[148,178,165,357,101],"product_tag":[],"class_list":{"0":"post-15513","1":"product","2":"type-product","3":"status-publish","4":"has-post-thumbnail","6":"product_cat-country-en","7":"product_cat-port","8":"product_cat-portugal-en-2","9":"product_cat-tawny-en","10":"product_cat-wines","12":"first","13":"instock","14":"taxable","15":"shipping-taxable","16":"purchasable","17":"product-type-simple"},"aioseo_notices":[],"_links":{"self":[{"href":"https:\/\/pwinecastes.com\/en\/wp-json\/wp\/v2\/product\/15513","targetHints":{"allow":["GET"]}}],"collection":[{"href":"https:\/\/pwinecastes.com\/en\/wp-json\/wp\/v2\/product"}],"about":[{"href":"https:\/\/pwinecastes.com\/en\/wp-json\/wp\/v2\/types\/product"}],"version-history":[{"count":0,"href":"https:\/\/pwinecastes.com\/en\/wp-json\/wp\/v2\/product\/15513\/revisions"}],"wp:featuredmedia":[{"embeddable":true,"href":"https:\/\/pwinecastes.com\/en\/wp-json\/wp\/v2\/media\/15516"}],"wp:attachment":[{"href":"https:\/\/pwinecastes.com\/en\/wp-json\/wp\/v2\/media?parent=15513"}],"wp:term":[{"taxonomy":"product_brand","embeddable":true,"href":"https:\/\/pwinecastes.com\/en\/wp-json\/wp\/v2\/product_brand?post=15513"},{"taxonomy":"product_cat","embeddable":true,"href":"https:\/\/pwinecastes.com\/en\/wp-json\/wp\/v2\/product_cat?post=15513"},{"taxonomy":"product_tag","embeddable":true,"href":"https:\/\/pwinecastes.com\/en\/wp-json\/wp\/v2\/product_tag?post=15513"}],"curies":[{"name":"wp","href":"https:\/\/api.w.org\/{rel}","templated":true}]}}