{"id":16165,"date":"2025-01-15T18:22:19","date_gmt":"2025-01-15T18:22:19","guid":{"rendered":"https:\/\/pwinecastes.com\/?post_type=product&#038;p=16165"},"modified":"2025-01-15T18:25:04","modified_gmt":"2025-01-15T18:25:04","slug":"grahams-reserva-the-tawny","status":"publish","type":"product","link":"https:\/\/pwinecastes.com\/en\/product\/grahams-reserva-the-tawny\/","title":{"rendered":"Graham&#8217;s Reserve &#8220;The Tawny&#8221; Port"},"content":{"rendered":"<p class=\"product-title product_title entry-title\">Graham&#8217;s Reserve &#8220;The Tawny&#8221; Port<\/p>\n<ul>\n<li><strong>Region: <\/strong>Douro, Portugal.<\/li>\n<li><strong>Capacity:<\/strong> 75cL<\/li>\n<li><strong>Grape varieties: <\/strong>Blend.<\/li>\n<li><strong>Alcohol content: <\/strong>20% Vol.<\/li>\n<li><strong>Tasting notes:<\/strong> The nose shows complexes of orange peel and cinnamon, prunes, raisins and figs. On the palate, full and generous flavors with a long, clean finish. Deep golden amber in color. Grahams Reserve &#8220;The Tawny&#8221; Port is aged in oak casks for between 7 and 9 years.<\/li>\n<li><strong>Pairing: <\/strong>Almond tart, cr\u00e8me br\u00fbl\u00e9e<\/li>\n<li><strong>Other information:<\/strong> Contains sulphites.<\/li>\n<\/ul>\n","protected":false},"excerpt":{"rendered":"<p>Graham&#8217;s Reserve &#8220;The Tawny&#8221; Port Region: Douro, Portugal. Capacity: 75cL Grape varieties: Blend. Alcohol content: 20% Vol. Tasting notes: The nose shows complexes of orange peel and cinnamon, prunes, raisins and figs. On the palate, full and generous flavors with a long, clean finish. Deep golden amber in color. Grahams Reserve &#8220;The Tawny&#8221; Port is [&hellip;]<\/p>\n","protected":false},"featured_media":16171,"template":"","meta":{"_monsterinsights_skip_tracking":false,"_monsterinsights_sitenote_active":false,"_monsterinsights_sitenote_note":"","_monsterinsights_sitenote_category":0},"product_brand":[],"product_cat":[148,178,165,357,101],"product_tag":[],"class_list":{"0":"post-16165","1":"product","2":"type-product","3":"status-publish","4":"has-post-thumbnail","6":"product_cat-country-en","7":"product_cat-port","8":"product_cat-portugal-en-2","9":"product_cat-tawny-en","10":"product_cat-wines","12":"first","13":"instock","14":"taxable","15":"shipping-taxable","16":"purchasable","17":"product-type-simple"},"aioseo_notices":[],"_links":{"self":[{"href":"https:\/\/pwinecastes.com\/en\/wp-json\/wp\/v2\/product\/16165","targetHints":{"allow":["GET"]}}],"collection":[{"href":"https:\/\/pwinecastes.com\/en\/wp-json\/wp\/v2\/product"}],"about":[{"href":"https:\/\/pwinecastes.com\/en\/wp-json\/wp\/v2\/types\/product"}],"version-history":[{"count":0,"href":"https:\/\/pwinecastes.com\/en\/wp-json\/wp\/v2\/product\/16165\/revisions"}],"wp:featuredmedia":[{"embeddable":true,"href":"https:\/\/pwinecastes.com\/en\/wp-json\/wp\/v2\/media\/16171"}],"wp:attachment":[{"href":"https:\/\/pwinecastes.com\/en\/wp-json\/wp\/v2\/media?parent=16165"}],"wp:term":[{"taxonomy":"product_brand","embeddable":true,"href":"https:\/\/pwinecastes.com\/en\/wp-json\/wp\/v2\/product_brand?post=16165"},{"taxonomy":"product_cat","embeddable":true,"href":"https:\/\/pwinecastes.com\/en\/wp-json\/wp\/v2\/product_cat?post=16165"},{"taxonomy":"product_tag","embeddable":true,"href":"https:\/\/pwinecastes.com\/en\/wp-json\/wp\/v2\/product_tag?post=16165"}],"curies":[{"name":"wp","href":"https:\/\/api.w.org\/{rel}","templated":true}]}}