{"id":16247,"date":"2025-01-16T18:31:09","date_gmt":"2025-01-16T18:31:09","guid":{"rendered":"https:\/\/pwinecastes.com\/?post_type=product&#038;p=16247"},"modified":"2025-01-16T18:31:09","modified_gmt":"2025-01-16T18:31:09","slug":"espumante-campolargo-pinot-noir-rose-bruto","status":"publish","type":"product","link":"https:\/\/pwinecastes.com\/en\/product\/espumante-campolargo-pinot-noir-rose-bruto\/","title":{"rendered":"Espumante Campolargo Pinot Noir Ros\u00e9 Bruto"},"content":{"rendered":"<p>Espumante Campolargo Pinot Noir Ros\u00e9 Bruto<\/p>\n<ul>\n<li><strong>Region: <\/strong>Bairrada.<\/li>\n<li><strong>Capacity:<\/strong> 75cL<\/li>\n<li><strong>Grape varieties: <\/strong>Pinot Noir.<\/li>\n<li><strong>Alcohol content: <\/strong>12% vol.<\/li>\n<li><strong>Notas de prova:<\/strong>Cor salm\u00e3o p\u00e1lido. Aroma muito bom, cheio de frutas elegantes, com notas de cereja e framboesa. Muito fino na boca, mousse delicada, seco e fresco.  <\/li>\n<li><strong>Other information:<\/strong> Contains sulphites.<\/li>\n<\/ul>\n","protected":false},"excerpt":{"rendered":"<p>Espumante Campolargo Pinot Noir Ros\u00e9 Bruto Region: Bairrada. Capacity: 75cL Grape varieties: Pinot Noir. Alcohol content: 12% vol. Notas de prova:Cor salm\u00e3o p\u00e1lido. Aroma muito bom, cheio de frutas elegantes, com notas de cereja e framboesa. Muito fino na boca, mousse delicada, seco e fresco. Other information: Contains sulphites.<\/p>\n","protected":false},"featured_media":16253,"template":"","meta":{"_monsterinsights_skip_tracking":false,"_monsterinsights_sitenote_active":false,"_monsterinsights_sitenote_note":"","_monsterinsights_sitenote_category":0},"product_brand":[],"product_cat":[151,143],"product_tag":[],"class_list":{"0":"post-16247","1":"product","2":"type-product","3":"status-publish","4":"has-post-thumbnail","6":"product_cat-portugal-en","7":"product_cat-sparkling-wine-champagnes","9":"first","10":"instock","11":"taxable","12":"shipping-taxable","13":"purchasable","14":"product-type-simple"},"aioseo_notices":[],"_links":{"self":[{"href":"https:\/\/pwinecastes.com\/en\/wp-json\/wp\/v2\/product\/16247","targetHints":{"allow":["GET"]}}],"collection":[{"href":"https:\/\/pwinecastes.com\/en\/wp-json\/wp\/v2\/product"}],"about":[{"href":"https:\/\/pwinecastes.com\/en\/wp-json\/wp\/v2\/types\/product"}],"version-history":[{"count":0,"href":"https:\/\/pwinecastes.com\/en\/wp-json\/wp\/v2\/product\/16247\/revisions"}],"wp:featuredmedia":[{"embeddable":true,"href":"https:\/\/pwinecastes.com\/en\/wp-json\/wp\/v2\/media\/16253"}],"wp:attachment":[{"href":"https:\/\/pwinecastes.com\/en\/wp-json\/wp\/v2\/media?parent=16247"}],"wp:term":[{"taxonomy":"product_brand","embeddable":true,"href":"https:\/\/pwinecastes.com\/en\/wp-json\/wp\/v2\/product_brand?post=16247"},{"taxonomy":"product_cat","embeddable":true,"href":"https:\/\/pwinecastes.com\/en\/wp-json\/wp\/v2\/product_cat?post=16247"},{"taxonomy":"product_tag","embeddable":true,"href":"https:\/\/pwinecastes.com\/en\/wp-json\/wp\/v2\/product_tag?post=16247"}],"curies":[{"name":"wp","href":"https:\/\/api.w.org\/{rel}","templated":true}]}}