{"id":16562,"date":"2025-01-24T14:16:02","date_gmt":"2025-01-24T14:16:02","guid":{"rendered":"https:\/\/pwinecastes.com\/product\/sparkling-wine-colinas-de-sao-lourenco-rose-de-pinots-cuvee-brut-reserve\/"},"modified":"2025-01-24T14:16:02","modified_gmt":"2025-01-24T14:16:02","slug":"sparkling-wine-colinas-de-sao-lourenco-rose-de-pinots-cuvee-brut-reserve","status":"publish","type":"product","link":"https:\/\/pwinecastes.com\/en\/product\/sparkling-wine-colinas-de-sao-lourenco-rose-de-pinots-cuvee-brut-reserve\/","title":{"rendered":"Sparkling wine Colinas de S\u00e3o Louren\u00e7o Ros\u00e9 de Pinots Cuv\u00e9e Brut Reserve"},"content":{"rendered":"<p>Sparkling wine Colinas de S\u00e3o Louren\u00e7o Ros\u00e9 de Pinots Cuv\u00e9e Brut Reserve<\/p>\n<ul>\n<li><strong>Region: <\/strong>Bairrada.<\/li>\n<li><strong>Capacity:<\/strong> 75cL<\/li>\n<li><strong>Grape varieties: <\/strong>Pinot Noir.<\/li>\n<li><strong>Alcohol content: <\/strong>12.5% vol.<\/li>\n<li><strong>Tasting notes:<\/strong> Extensive aroma, born in an unexpected and daring way. Exceptional on the palate, we discovered the harmony between the pastry notes and the red fruit tart. The palate has floral notes with hints of dried fruit. Extremely delicate and subtle, with a fine, elegant bubble.   <\/li>\n<li><strong>Other information:<\/strong> Contains sulphites.<\/li>\n<\/ul>\n","protected":false},"excerpt":{"rendered":"<p>Sparkling wine Colinas de S\u00e3o Louren\u00e7o Ros\u00e9 de Pinots Cuv\u00e9e Brut Reserve Region: Bairrada. Capacity: 75cL Grape varieties: Pinot Noir. Alcohol content: 12.5% vol. Tasting notes: Extensive aroma, born in an unexpected and daring way. Exceptional on the palate, we discovered the harmony between the pastry notes and the red fruit tart. The palate has [&hellip;]<\/p>\n","protected":false},"featured_media":16568,"template":"","meta":{"_monsterinsights_skip_tracking":false,"_monsterinsights_sitenote_active":false,"_monsterinsights_sitenote_note":"","_monsterinsights_sitenote_category":0},"product_brand":[],"product_cat":[151,143],"product_tag":[],"class_list":{"0":"post-16562","1":"product","2":"type-product","3":"status-publish","4":"has-post-thumbnail","6":"product_cat-portugal-en","7":"product_cat-sparkling-wine-champagnes","9":"first","10":"instock","11":"taxable","12":"shipping-taxable","13":"purchasable","14":"product-type-simple"},"aioseo_notices":[],"_links":{"self":[{"href":"https:\/\/pwinecastes.com\/en\/wp-json\/wp\/v2\/product\/16562","targetHints":{"allow":["GET"]}}],"collection":[{"href":"https:\/\/pwinecastes.com\/en\/wp-json\/wp\/v2\/product"}],"about":[{"href":"https:\/\/pwinecastes.com\/en\/wp-json\/wp\/v2\/types\/product"}],"version-history":[{"count":0,"href":"https:\/\/pwinecastes.com\/en\/wp-json\/wp\/v2\/product\/16562\/revisions"}],"wp:featuredmedia":[{"embeddable":true,"href":"https:\/\/pwinecastes.com\/en\/wp-json\/wp\/v2\/media\/16568"}],"wp:attachment":[{"href":"https:\/\/pwinecastes.com\/en\/wp-json\/wp\/v2\/media?parent=16562"}],"wp:term":[{"taxonomy":"product_brand","embeddable":true,"href":"https:\/\/pwinecastes.com\/en\/wp-json\/wp\/v2\/product_brand?post=16562"},{"taxonomy":"product_cat","embeddable":true,"href":"https:\/\/pwinecastes.com\/en\/wp-json\/wp\/v2\/product_cat?post=16562"},{"taxonomy":"product_tag","embeddable":true,"href":"https:\/\/pwinecastes.com\/en\/wp-json\/wp\/v2\/product_tag?post=16562"}],"curies":[{"name":"wp","href":"https:\/\/api.w.org\/{rel}","templated":true}]}}