{"id":18483,"date":"2025-05-19T13:13:04","date_gmt":"2025-05-19T13:13:04","guid":{"rendered":"https:\/\/pwinecastes.com\/product\/quinta-do-sobreiro-de-cima-grande-reserva-white-2022\/"},"modified":"2025-05-19T13:13:04","modified_gmt":"2025-05-19T13:13:04","slug":"quinta-do-sobreiro-de-cima-grande-reserva-white-2022","status":"publish","type":"product","link":"https:\/\/pwinecastes.com\/en\/product\/quinta-do-sobreiro-de-cima-grande-reserva-white-2022\/","title":{"rendered":"Quinta do Sobreir\u00f3 de Cima Grande Reserva White 2022"},"content":{"rendered":"<p>Quinta do Sobreir\u00f3 de Cima Grande Reserva White 2022<\/p>\n<ul>\n<li><strong>Region: <\/strong>Tr\u00e1s-os-Montes<\/li>\n<li><strong>Capacity:<\/strong> 75cL<\/li>\n<li><strong>Grape varieties: <\/strong>C\u00f4dega de Larinho (75%), Viosinho (25%).<\/li>\n<li><strong>Alcohol content: <\/strong>13.5% Vol.<\/li>\n<li><strong>Tasting notes:<\/strong> Pale yellow in color, it is a wine of great intensity<br \/>\naromatic. The aroma of ripe white fruits is balanced by hints of citrus fruits which give it freshness. This blend gained complexity and volume on the palate after fermentation and ageing in French oak barrels with &#8220;batonn\u00e2ge&#8221; until it was filled into the bottle. Our Grande Reserva is a fuller-bodied wine, whose ageing has given it more complexity and balance.   <\/li>\n<li><strong>Pairing: Goes <\/strong>well with fish, cheese and ham dishes.<\/li>\n<li><strong>Other information:<\/strong> Contains sulphites.<\/li>\n<\/ul>\n","protected":false},"excerpt":{"rendered":"<p>Quinta do Sobreir\u00f3 de Cima Grande Reserva White 2022 Region: Tr\u00e1s-os-Montes Capacity: 75cL Grape varieties: C\u00f4dega de Larinho (75%), Viosinho (25%). Alcohol content: 13.5% Vol. Tasting notes: Pale yellow in color, it is a wine of great intensity aromatic. The aroma of ripe white fruits is balanced by hints of citrus fruits which give it [&hellip;]<\/p>\n","protected":false},"featured_media":18486,"template":"","meta":{"_monsterinsights_skip_tracking":false,"_monsterinsights_sitenote_active":false,"_monsterinsights_sitenote_note":"","_monsterinsights_sitenote_category":0},"product_brand":[],"product_cat":[148,165,166,375,101],"product_tag":[],"class_list":{"0":"post-18483","1":"product","2":"type-product","3":"status-publish","4":"has-post-thumbnail","6":"product_cat-country-en","7":"product_cat-portugal-en-2","8":"product_cat-region","9":"product_cat-tras-os-montes-en","10":"product_cat-wines","12":"first","13":"outofstock","14":"taxable","15":"shipping-taxable","16":"purchasable","17":"product-type-simple"},"aioseo_notices":[],"_links":{"self":[{"href":"https:\/\/pwinecastes.com\/en\/wp-json\/wp\/v2\/product\/18483","targetHints":{"allow":["GET"]}}],"collection":[{"href":"https:\/\/pwinecastes.com\/en\/wp-json\/wp\/v2\/product"}],"about":[{"href":"https:\/\/pwinecastes.com\/en\/wp-json\/wp\/v2\/types\/product"}],"version-history":[{"count":0,"href":"https:\/\/pwinecastes.com\/en\/wp-json\/wp\/v2\/product\/18483\/revisions"}],"wp:featuredmedia":[{"embeddable":true,"href":"https:\/\/pwinecastes.com\/en\/wp-json\/wp\/v2\/media\/18486"}],"wp:attachment":[{"href":"https:\/\/pwinecastes.com\/en\/wp-json\/wp\/v2\/media?parent=18483"}],"wp:term":[{"taxonomy":"product_brand","embeddable":true,"href":"https:\/\/pwinecastes.com\/en\/wp-json\/wp\/v2\/product_brand?post=18483"},{"taxonomy":"product_cat","embeddable":true,"href":"https:\/\/pwinecastes.com\/en\/wp-json\/wp\/v2\/product_cat?post=18483"},{"taxonomy":"product_tag","embeddable":true,"href":"https:\/\/pwinecastes.com\/en\/wp-json\/wp\/v2\/product_tag?post=18483"}],"curies":[{"name":"wp","href":"https:\/\/api.w.org\/{rel}","templated":true}]}}