{"id":19580,"date":"2025-09-23T14:39:51","date_gmt":"2025-09-23T14:39:51","guid":{"rendered":"https:\/\/pwinecastes.com\/product\/casa-americo-vinhas-centenarias-red-2013\/"},"modified":"2025-09-23T14:39:51","modified_gmt":"2025-09-23T14:39:51","slug":"casa-americo-vinhas-centenarias-red-2013","status":"publish","type":"product","link":"https:\/\/pwinecastes.com\/en\/product\/casa-americo-vinhas-centenarias-red-2013\/","title":{"rendered":"Casa Am\u00e9rico Vinhas Centen\u00e1rias Red 2013"},"content":{"rendered":"<p>Casa Am\u00e9rico Vinhas Centen\u00e1rias Red 2013<\/p>\n<ul>\n<li><strong>Region: <\/strong>D\u00e3o<\/li>\n<li><strong>Capacity:<\/strong> 75cL<\/li>\n<li>Varieties<strong>: <\/strong>Various indigenous varieties, mostly red, some of which are rare.<\/li>\n<li><strong>Alcohol content: <\/strong>13.5% vol.<\/li>\n<li><strong>Tasting notes:<\/strong> Open ruby color. Complex aroma with notes of blueberry, jam and wild flowers. Very elegant on the palate, balanced and with a long finish.  <\/li>\n<li><strong>Pairing: <\/strong>Excellent with pork and smoked meats, game and poultry, pasta and cheese.<\/li>\n<li><strong>Other information:<\/strong> Contains sulphites.<\/li>\n<\/ul>\n","protected":false},"excerpt":{"rendered":"<p>Casa Am\u00e9rico Vinhas Centen\u00e1rias Red 2013 Region: D\u00e3o Capacity: 75cL Varieties: Various indigenous varieties, mostly red, some of which are rare. Alcohol content: 13.5% vol. Tasting notes: Open ruby color. Complex aroma with notes of blueberry, jam and wild flowers. Very elegant on the palate, balanced and with a long finish. Pairing: Excellent with pork [&hellip;]<\/p>\n","protected":false},"featured_media":19583,"template":"","meta":{"_monsterinsights_skip_tracking":false,"_monsterinsights_sitenote_active":false,"_monsterinsights_sitenote_note":"","_monsterinsights_sitenote_category":0},"product_brand":[],"product_cat":[148,168,165,254,166,101],"product_tag":[],"class_list":{"0":"post-19580","1":"product","2":"type-product","3":"status-publish","4":"has-post-thumbnail","6":"product_cat-country-en","7":"product_cat-dao-en","8":"product_cat-portugal-en-2","9":"product_cat-red-en-3","10":"product_cat-region","11":"product_cat-wines","13":"first","14":"instock","15":"taxable","16":"shipping-taxable","17":"purchasable","18":"product-type-simple"},"aioseo_notices":[],"_links":{"self":[{"href":"https:\/\/pwinecastes.com\/en\/wp-json\/wp\/v2\/product\/19580","targetHints":{"allow":["GET"]}}],"collection":[{"href":"https:\/\/pwinecastes.com\/en\/wp-json\/wp\/v2\/product"}],"about":[{"href":"https:\/\/pwinecastes.com\/en\/wp-json\/wp\/v2\/types\/product"}],"version-history":[{"count":0,"href":"https:\/\/pwinecastes.com\/en\/wp-json\/wp\/v2\/product\/19580\/revisions"}],"wp:featuredmedia":[{"embeddable":true,"href":"https:\/\/pwinecastes.com\/en\/wp-json\/wp\/v2\/media\/19583"}],"wp:attachment":[{"href":"https:\/\/pwinecastes.com\/en\/wp-json\/wp\/v2\/media?parent=19580"}],"wp:term":[{"taxonomy":"product_brand","embeddable":true,"href":"https:\/\/pwinecastes.com\/en\/wp-json\/wp\/v2\/product_brand?post=19580"},{"taxonomy":"product_cat","embeddable":true,"href":"https:\/\/pwinecastes.com\/en\/wp-json\/wp\/v2\/product_cat?post=19580"},{"taxonomy":"product_tag","embeddable":true,"href":"https:\/\/pwinecastes.com\/en\/wp-json\/wp\/v2\/product_tag?post=19580"}],"curies":[{"name":"wp","href":"https:\/\/api.w.org\/{rel}","templated":true}]}}