{"id":20249,"date":"2025-12-02T16:10:21","date_gmt":"2025-12-02T16:10:21","guid":{"rendered":"https:\/\/pwinecastes.com\/product\/grahams-20-years-2\/"},"modified":"2025-12-02T16:48:46","modified_gmt":"2025-12-02T16:48:46","slug":"grahams-20-years-2","status":"publish","type":"product","link":"https:\/\/pwinecastes.com\/en\/product\/grahams-20-years-2\/","title":{"rendered":"Graham&#8217;s 20 Years"},"content":{"rendered":"<p>Graham&#8217;s 20 Year Old Tawny Port<\/p>\n<ul>\n<li><strong>Region: <\/strong>Douro, Portugal.<\/li>\n<li><strong>Capacity:<\/strong> 75cL<\/li>\n<li><strong>Alcohol content: <\/strong>20% Vol.<\/li>\n<li><strong>Tasting notes: <\/strong>It has a golden auburn amber color. On the nose, it shows an excellent bouquet with a characteristic &#8216;nutty&#8217; character and delicious ripe fruit with hints of orange peel, exquisitely mellowed by careful ageing. Rich, softly sweet and smooth. On the palate, it is perfectly balanced, with a long, elegant finish.   <\/li>\n<li><strong>Pairing: <\/strong>It should be enjoyed slightly chilled and goes very well with dried fruit, nuts and fruit cake, but also with vanilla ice cream or cr\u00e8me br\u00fbl\u00e9e.<\/li>\n<li><strong>Other information:<\/strong> Contains sulphites.<\/li>\n<\/ul>\n","protected":false},"excerpt":{"rendered":"<p>Graham&#8217;s 20 Year Old Tawny Port Region: Douro, Portugal. Capacity: 75cL Alcohol content: 20% Vol. Tasting notes: It has a golden auburn amber color. On the nose, it shows an excellent bouquet with a characteristic &#8216;nutty&#8217; character and delicious ripe fruit with hints of orange peel, exquisitely mellowed by careful ageing. Rich, softly sweet and [&hellip;]<\/p>\n","protected":false},"featured_media":20253,"template":"","meta":{"_monsterinsights_skip_tracking":false,"_monsterinsights_sitenote_active":false,"_monsterinsights_sitenote_note":"","_monsterinsights_sitenote_category":0},"product_brand":[],"product_cat":[148,170,178,165,166,357],"product_tag":[],"class_list":{"0":"post-20249","1":"product","2":"type-product","3":"status-publish","4":"has-post-thumbnail","6":"product_cat-country-en","7":"product_cat-douro-en","8":"product_cat-port","9":"product_cat-portugal-en-2","10":"product_cat-region","11":"product_cat-tawny-en","13":"first","14":"instock","15":"taxable","16":"shipping-taxable","17":"purchasable","18":"product-type-simple"},"aioseo_notices":[],"_links":{"self":[{"href":"https:\/\/pwinecastes.com\/en\/wp-json\/wp\/v2\/product\/20249","targetHints":{"allow":["GET"]}}],"collection":[{"href":"https:\/\/pwinecastes.com\/en\/wp-json\/wp\/v2\/product"}],"about":[{"href":"https:\/\/pwinecastes.com\/en\/wp-json\/wp\/v2\/types\/product"}],"version-history":[{"count":0,"href":"https:\/\/pwinecastes.com\/en\/wp-json\/wp\/v2\/product\/20249\/revisions"}],"wp:featuredmedia":[{"embeddable":true,"href":"https:\/\/pwinecastes.com\/en\/wp-json\/wp\/v2\/media\/20253"}],"wp:attachment":[{"href":"https:\/\/pwinecastes.com\/en\/wp-json\/wp\/v2\/media?parent=20249"}],"wp:term":[{"taxonomy":"product_brand","embeddable":true,"href":"https:\/\/pwinecastes.com\/en\/wp-json\/wp\/v2\/product_brand?post=20249"},{"taxonomy":"product_cat","embeddable":true,"href":"https:\/\/pwinecastes.com\/en\/wp-json\/wp\/v2\/product_cat?post=20249"},{"taxonomy":"product_tag","embeddable":true,"href":"https:\/\/pwinecastes.com\/en\/wp-json\/wp\/v2\/product_tag?post=20249"}],"curies":[{"name":"wp","href":"https:\/\/api.w.org\/{rel}","templated":true}]}}