{"id":20531,"date":"2026-01-13T18:25:42","date_gmt":"2026-01-13T18:25:42","guid":{"rendered":"https:\/\/pwinecastes.com\/product\/maria-joao-grand-cuvee-brut-sparkling-wine\/"},"modified":"2026-01-13T18:25:42","modified_gmt":"2026-01-13T18:25:42","slug":"maria-joao-grand-cuvee-brut-sparkling-wine","status":"publish","type":"product","link":"https:\/\/pwinecastes.com\/en\/product\/maria-joao-grand-cuvee-brut-sparkling-wine\/","title":{"rendered":"Maria Jo\u00e3o Grand Cuv\u00e9e Brut Sparkling Wine"},"content":{"rendered":"<p>Maria Jo\u00e3o Grand Cuv\u00e9e Brut Sparkling Wine<\/p>\n<ul>\n<li><strong>Region: <\/strong>D\u00e3o<\/li>\n<li><strong>Capacity:<\/strong> 75cL<\/li>\n<li><strong>Grape varieties:<\/strong> Encruzado, Bical, Malvasia Fina<\/li>\n<li><strong>Alcohol content: <\/strong>12.5% Vol.<\/li>\n<li><strong>Tasting notes:<\/strong> Intense notes of complexity, predominantly dried fruit, toasted bread and cookies. Fruity flavor with plenty of crunchy mousse, irreverent acidity that conveys elegance, persistence and originality. Intense citrus color.   Fine, persistent bubbles.<\/li>\n<li><strong>Pairing: <\/strong>Aperitif, desserts or leisure time.<\/li>\n<li><strong>Other information:<\/strong> Contains sulphites. Crushing with total destemming, gentle pneumatic pressing, where only the flower must was used. Clarification was natural static and alcoholic fermentation took place at 18\u00baC. Sparkling using the classic method. It matured for at least 60 months in the cellar (surl\u00ed) and 6 months in the bottle after degorgment.   <\/li>\n<\/ul>\n","protected":false},"excerpt":{"rendered":"<p>Maria Jo\u00e3o Grand Cuv\u00e9e Brut Sparkling Wine Region: D\u00e3o Capacity: 75cL Grape varieties: Encruzado, Bical, Malvasia Fina Alcohol content: 12.5% Vol. Tasting notes: Intense notes of complexity, predominantly dried fruit, toasted bread and cookies. Fruity flavor with plenty of crunchy mousse, irreverent acidity that conveys elegance, persistence and originality. Intense citrus color. Fine, persistent bubbles. [&hellip;]<\/p>\n","protected":false},"featured_media":20533,"template":"","meta":{"_monsterinsights_skip_tracking":false,"_monsterinsights_sitenote_active":false,"_monsterinsights_sitenote_note":"","_monsterinsights_sitenote_category":0},"product_brand":[],"product_cat":[151,143],"product_tag":[],"class_list":{"0":"post-20531","1":"product","2":"type-product","3":"status-publish","4":"has-post-thumbnail","6":"product_cat-portugal-en","7":"product_cat-sparkling-wine-champagnes","9":"first","10":"instock","11":"taxable","12":"shipping-taxable","13":"purchasable","14":"product-type-simple"},"aioseo_notices":[],"_links":{"self":[{"href":"https:\/\/pwinecastes.com\/en\/wp-json\/wp\/v2\/product\/20531","targetHints":{"allow":["GET"]}}],"collection":[{"href":"https:\/\/pwinecastes.com\/en\/wp-json\/wp\/v2\/product"}],"about":[{"href":"https:\/\/pwinecastes.com\/en\/wp-json\/wp\/v2\/types\/product"}],"version-history":[{"count":0,"href":"https:\/\/pwinecastes.com\/en\/wp-json\/wp\/v2\/product\/20531\/revisions"}],"wp:featuredmedia":[{"embeddable":true,"href":"https:\/\/pwinecastes.com\/en\/wp-json\/wp\/v2\/media\/20533"}],"wp:attachment":[{"href":"https:\/\/pwinecastes.com\/en\/wp-json\/wp\/v2\/media?parent=20531"}],"wp:term":[{"taxonomy":"product_brand","embeddable":true,"href":"https:\/\/pwinecastes.com\/en\/wp-json\/wp\/v2\/product_brand?post=20531"},{"taxonomy":"product_cat","embeddable":true,"href":"https:\/\/pwinecastes.com\/en\/wp-json\/wp\/v2\/product_cat?post=20531"},{"taxonomy":"product_tag","embeddable":true,"href":"https:\/\/pwinecastes.com\/en\/wp-json\/wp\/v2\/product_tag?post=20531"}],"curies":[{"name":"wp","href":"https:\/\/api.w.org\/{rel}","templated":true}]}}