{"id":4309,"date":"2024-04-10T13:15:00","date_gmt":"2024-04-10T13:15:00","guid":{"rendered":"https:\/\/luxuryinportugal.com\/pwinecastes\/product\/antao-vaz-da-peceguina-white-2019\/"},"modified":"2025-07-26T00:04:06","modified_gmt":"2025-07-26T00:04:06","slug":"antao-vaz-da-peceguina-white-2019","status":"publish","type":"product","link":"https:\/\/pwinecastes.com\/en\/product\/antao-vaz-da-peceguina-white-2019\/","title":{"rendered":"Ant\u00e3o Vaz da Peceguina White 2019"},"content":{"rendered":"<p>Ant\u00e3o Vaz da Peceguina White 2019<\/p>\n<ul>\n<li><strong>Region: <\/strong>Alentejo<\/li>\n<li><strong>Capacity:<\/strong> 75cL<\/li>\n<li><strong>Grape varieties: <\/strong>Ant\u00e3o Vaz<\/li>\n<li><strong>Alcohol content: <\/strong>12.5%<\/li>\n<li><strong>Tasting notes:<\/strong> Ant\u00e3o Vaz da Peceguina stands out for its great aromatic intensity, exuberant notes of tropical fruit and orange peel. A fresh and fruity wine on the palate, with a medium structure and good acidity, resulting in a balanced, dry wine with a long finish.<\/li>\n<li><strong>Harmonization:<\/strong>With grilled fish<\/li>\n<li><strong>Other information:<\/strong> Contains sulphites.<\/li>\n<\/ul>\n","protected":false},"excerpt":{"rendered":"<p>Ant\u00e3o Vaz da Peceguina White 2019 Region: Alentejo Capacity: 75cL Grape varieties: Ant\u00e3o Vaz Alcohol content: 12.5% Tasting notes: Ant\u00e3o Vaz da Peceguina stands out for its great aromatic intensity, exuberant notes of tropical fruit and orange peel. A fresh and fruity wine on the palate, with a medium structure and good acidity, resulting in [&hellip;]<\/p>\n","protected":false},"featured_media":5156,"template":"","meta":{"_monsterinsights_skip_tracking":false,"_monsterinsights_sitenote_active":false,"_monsterinsights_sitenote_note":"","_monsterinsights_sitenote_category":0},"product_brand":[],"product_cat":[167,148,165,166,234,101],"product_tag":[],"class_list":{"0":"post-4309","1":"product","2":"type-product","3":"status-publish","4":"has-post-thumbnail","6":"product_cat-alentejo-en","7":"product_cat-country-en","8":"product_cat-portugal-en-2","9":"product_cat-region","10":"product_cat-white-en","11":"product_cat-wines","13":"first","14":"instock","15":"taxable","16":"shipping-taxable","17":"purchasable","18":"product-type-simple"},"aioseo_notices":[],"_links":{"self":[{"href":"https:\/\/pwinecastes.com\/en\/wp-json\/wp\/v2\/product\/4309","targetHints":{"allow":["GET"]}}],"collection":[{"href":"https:\/\/pwinecastes.com\/en\/wp-json\/wp\/v2\/product"}],"about":[{"href":"https:\/\/pwinecastes.com\/en\/wp-json\/wp\/v2\/types\/product"}],"version-history":[{"count":0,"href":"https:\/\/pwinecastes.com\/en\/wp-json\/wp\/v2\/product\/4309\/revisions"}],"wp:featuredmedia":[{"embeddable":true,"href":"https:\/\/pwinecastes.com\/en\/wp-json\/wp\/v2\/media\/5156"}],"wp:attachment":[{"href":"https:\/\/pwinecastes.com\/en\/wp-json\/wp\/v2\/media?parent=4309"}],"wp:term":[{"taxonomy":"product_brand","embeddable":true,"href":"https:\/\/pwinecastes.com\/en\/wp-json\/wp\/v2\/product_brand?post=4309"},{"taxonomy":"product_cat","embeddable":true,"href":"https:\/\/pwinecastes.com\/en\/wp-json\/wp\/v2\/product_cat?post=4309"},{"taxonomy":"product_tag","embeddable":true,"href":"https:\/\/pwinecastes.com\/en\/wp-json\/wp\/v2\/product_tag?post=4309"}],"curies":[{"name":"wp","href":"https:\/\/api.w.org\/{rel}","templated":true}]}}