{"id":4685,"date":"2024-04-10T17:41:44","date_gmt":"2024-04-10T17:41:44","guid":{"rendered":"https:\/\/luxuryinportugal.com\/pwinecastes\/product\/bucaco-mistico-white-2017\/"},"modified":"2024-04-10T17:41:44","modified_gmt":"2024-04-10T17:41:44","slug":"bucaco-mistico-white-2017","status":"publish","type":"product","link":"https:\/\/pwinecastes.com\/en\/product\/bucaco-mistico-white-2017\/","title":{"rendered":"Bu\u00e7aco M\u00edstico White 2017"},"content":{"rendered":"<p>Bu\u00e7aco M\u00edstico White 2017<\/p>\n<ul>\n<li><strong>Region: <\/strong>Bairrada<\/li>\n<li><strong>Capacity:<\/strong> 75cL<\/li>\n<li><strong>Alcohol content: <\/strong>13%<\/li>\n<li><strong>Other information:<\/strong> Contais sulphites.<\/li>\n<\/ul>\n","protected":false},"excerpt":{"rendered":"<p>Bu\u00e7aco M\u00edstico White 2017 Region: Bairrada Capacity: 75cL Alcohol content: 13% Other information: Contais sulphites.<\/p>\n","protected":false},"featured_media":5426,"template":"","meta":{"_monsterinsights_skip_tracking":false,"_monsterinsights_sitenote_active":false,"_monsterinsights_sitenote_note":"","_monsterinsights_sitenote_category":0},"product_brand":[],"product_cat":[169,148,165,166,241,101],"product_tag":[],"class_list":{"0":"post-4685","1":"product","2":"type-product","3":"status-publish","4":"has-post-thumbnail","6":"product_cat-bairrada-en","7":"product_cat-country-en","8":"product_cat-portugal-en-2","9":"product_cat-region","10":"product_cat-white-en-2","11":"product_cat-wines","13":"first","14":"outofstock","15":"taxable","16":"shipping-taxable","17":"purchasable","18":"product-type-simple"},"aioseo_notices":[],"_links":{"self":[{"href":"https:\/\/pwinecastes.com\/en\/wp-json\/wp\/v2\/product\/4685","targetHints":{"allow":["GET"]}}],"collection":[{"href":"https:\/\/pwinecastes.com\/en\/wp-json\/wp\/v2\/product"}],"about":[{"href":"https:\/\/pwinecastes.com\/en\/wp-json\/wp\/v2\/types\/product"}],"version-history":[{"count":0,"href":"https:\/\/pwinecastes.com\/en\/wp-json\/wp\/v2\/product\/4685\/revisions"}],"wp:featuredmedia":[{"embeddable":true,"href":"https:\/\/pwinecastes.com\/en\/wp-json\/wp\/v2\/media\/5426"}],"wp:attachment":[{"href":"https:\/\/pwinecastes.com\/en\/wp-json\/wp\/v2\/media?parent=4685"}],"wp:term":[{"taxonomy":"product_brand","embeddable":true,"href":"https:\/\/pwinecastes.com\/en\/wp-json\/wp\/v2\/product_brand?post=4685"},{"taxonomy":"product_cat","embeddable":true,"href":"https:\/\/pwinecastes.com\/en\/wp-json\/wp\/v2\/product_cat?post=4685"},{"taxonomy":"product_tag","embeddable":true,"href":"https:\/\/pwinecastes.com\/en\/wp-json\/wp\/v2\/product_tag?post=4685"}],"curies":[{"name":"wp","href":"https:\/\/api.w.org\/{rel}","templated":true}]}}