{"id":5704,"date":"2024-04-12T13:39:27","date_gmt":"2024-04-12T13:39:27","guid":{"rendered":"https:\/\/luxuryinportugal.com\/pwinecastes\/product\/principal-rose-tete-de-cuvee-pinot-noir-2019\/"},"modified":"2024-04-12T13:39:27","modified_gmt":"2024-04-12T13:39:27","slug":"principal-rose-tete-de-cuvee-pinot-noir-2019","status":"publish","type":"product","link":"https:\/\/pwinecastes.com\/en\/product\/principal-rose-tete-de-cuvee-pinot-noir-2019\/","title":{"rendered":"Principal Ros\u00e9 T\u00eate de Cuv\u00e9e Pinot Noir 2019"},"content":{"rendered":"<p>Principal Ros\u00e9 T\u00eate de Cuv\u00e9e Pinot Noir 2019<\/p>\n<ul>\n<li><strong>Region: <\/strong>Bairrada<\/li>\n<li><strong>Capacity:<\/strong> 75cL<\/li>\n<li><strong>Grape Varieties: <\/strong>Pinot Noir<\/li>\n<li><strong>Alcohol content: <\/strong>13%<\/li>\n<li><strong>Tasting notes:<\/strong> Excellent aromatic impact, with remarkable elegance and complexity, nuances of raspberries. Very delicate on the palate, vibrant with freshness, it is a ros\u00e9 of great class, full of character.<\/li>\n<li><strong>Other information:<\/strong> Contais sulphites.<\/li>\n<\/ul>\n","protected":false},"excerpt":{"rendered":"<p>Principal Ros\u00e9 T\u00eate de Cuv\u00e9e Pinot Noir 2019 Region: Bairrada Capacity: 75cL Grape Varieties: Pinot Noir Alcohol content: 13% Tasting notes: Excellent aromatic impact, with remarkable elegance and complexity, nuances of raspberries. Very delicate on the palate, vibrant with freshness, it is a ros\u00e9 of great class, full of character. Other information: Contais sulphites.<\/p>\n","protected":false},"featured_media":5689,"template":"","meta":{"_monsterinsights_skip_tracking":false,"_monsterinsights_sitenote_active":false,"_monsterinsights_sitenote_note":"","_monsterinsights_sitenote_category":0},"product_brand":[],"product_cat":[169,148,165,166,242,101],"product_tag":[],"class_list":{"0":"post-5704","1":"product","2":"type-product","3":"status-publish","4":"has-post-thumbnail","6":"product_cat-bairrada-en","7":"product_cat-country-en","8":"product_cat-portugal-en-2","9":"product_cat-region","10":"product_cat-rose-en-3","11":"product_cat-wines","13":"first","14":"instock","15":"taxable","16":"shipping-taxable","17":"purchasable","18":"product-type-simple"},"aioseo_notices":[],"_links":{"self":[{"href":"https:\/\/pwinecastes.com\/en\/wp-json\/wp\/v2\/product\/5704","targetHints":{"allow":["GET"]}}],"collection":[{"href":"https:\/\/pwinecastes.com\/en\/wp-json\/wp\/v2\/product"}],"about":[{"href":"https:\/\/pwinecastes.com\/en\/wp-json\/wp\/v2\/types\/product"}],"version-history":[{"count":0,"href":"https:\/\/pwinecastes.com\/en\/wp-json\/wp\/v2\/product\/5704\/revisions"}],"wp:featuredmedia":[{"embeddable":true,"href":"https:\/\/pwinecastes.com\/en\/wp-json\/wp\/v2\/media\/5689"}],"wp:attachment":[{"href":"https:\/\/pwinecastes.com\/en\/wp-json\/wp\/v2\/media?parent=5704"}],"wp:term":[{"taxonomy":"product_brand","embeddable":true,"href":"https:\/\/pwinecastes.com\/en\/wp-json\/wp\/v2\/product_brand?post=5704"},{"taxonomy":"product_cat","embeddable":true,"href":"https:\/\/pwinecastes.com\/en\/wp-json\/wp\/v2\/product_cat?post=5704"},{"taxonomy":"product_tag","embeddable":true,"href":"https:\/\/pwinecastes.com\/en\/wp-json\/wp\/v2\/product_tag?post=5704"}],"curies":[{"name":"wp","href":"https:\/\/api.w.org\/{rel}","templated":true}]}}