{"id":6039,"date":"2024-04-15T14:51:54","date_gmt":"2024-04-15T14:51:54","guid":{"rendered":"https:\/\/luxuryinportugal.com\/pwinecastes\/product\/meandro-do-vale-meao-red-2019\/"},"modified":"2024-04-15T14:51:54","modified_gmt":"2024-04-15T14:51:54","slug":"meandro-do-vale-meao-red-2019","status":"publish","type":"product","link":"https:\/\/pwinecastes.com\/en\/product\/meandro-do-vale-meao-red-2019\/","title":{"rendered":"Meandro do Vale Me\u00e3o Red 2019"},"content":{"rendered":"<p>Meandro do Vale Me\u00e3o Red 2019<\/p>\n<ul>\n<li><strong>Region: <\/strong>Douro<\/li>\n<li><strong>Capacity:<\/strong> 75cL<\/li>\n<li><strong>Grape varieties: <\/strong>Touriga Nacional, Touriga Franca, Tinta Roriz, Sous\u00e3o, Tinta Barroca and Tinto C\u00e3o.<\/li>\n<li><strong>Alcohol content: <\/strong>14%<\/li>\n<li><strong>Tasting notes:<\/strong> Excellent color, very lively. Floral aromas combined with black and wild berries. It fills the mouth with intense notes of fruit, with a fresh and complex aftertaste.<\/li>\n<li><strong>Other information:<\/strong> Contais sulphites.<\/li>\n<\/ul>\n","protected":false},"excerpt":{"rendered":"<p>Meandro do Vale Me\u00e3o Red 2019 Region: Douro Capacity: 75cL Grape varieties: Touriga Nacional, Touriga Franca, Tinta Roriz, Sous\u00e3o, Tinta Barroca and Tinto C\u00e3o. Alcohol content: 14% Tasting notes: Excellent color, very lively. Floral aromas combined with black and wild berries. It fills the mouth with intense notes of fruit, with a fresh and complex [&hellip;]<\/p>\n","protected":false},"featured_media":6684,"template":"","meta":{"_monsterinsights_skip_tracking":false,"_monsterinsights_sitenote_active":false,"_monsterinsights_sitenote_note":"","_monsterinsights_sitenote_category":0},"product_brand":[],"product_cat":[148,170,165,260,166,101],"product_tag":[],"class_list":{"0":"post-6039","1":"product","2":"type-product","3":"status-publish","4":"has-post-thumbnail","6":"product_cat-country-en","7":"product_cat-douro-en","8":"product_cat-portugal-en-2","9":"product_cat-red-en-4","10":"product_cat-region","11":"product_cat-wines","13":"first","14":"instock","15":"taxable","16":"shipping-taxable","17":"purchasable","18":"product-type-simple"},"aioseo_notices":[],"_links":{"self":[{"href":"https:\/\/pwinecastes.com\/en\/wp-json\/wp\/v2\/product\/6039","targetHints":{"allow":["GET"]}}],"collection":[{"href":"https:\/\/pwinecastes.com\/en\/wp-json\/wp\/v2\/product"}],"about":[{"href":"https:\/\/pwinecastes.com\/en\/wp-json\/wp\/v2\/types\/product"}],"version-history":[{"count":0,"href":"https:\/\/pwinecastes.com\/en\/wp-json\/wp\/v2\/product\/6039\/revisions"}],"wp:featuredmedia":[{"embeddable":true,"href":"https:\/\/pwinecastes.com\/en\/wp-json\/wp\/v2\/media\/6684"}],"wp:attachment":[{"href":"https:\/\/pwinecastes.com\/en\/wp-json\/wp\/v2\/media?parent=6039"}],"wp:term":[{"taxonomy":"product_brand","embeddable":true,"href":"https:\/\/pwinecastes.com\/en\/wp-json\/wp\/v2\/product_brand?post=6039"},{"taxonomy":"product_cat","embeddable":true,"href":"https:\/\/pwinecastes.com\/en\/wp-json\/wp\/v2\/product_cat?post=6039"},{"taxonomy":"product_tag","embeddable":true,"href":"https:\/\/pwinecastes.com\/en\/wp-json\/wp\/v2\/product_tag?post=6039"}],"curies":[{"name":"wp","href":"https:\/\/api.w.org\/{rel}","templated":true}]}}