{"id":6197,"date":"2024-04-18T10:22:30","date_gmt":"2024-04-18T10:22:30","guid":{"rendered":"https:\/\/luxuryinportugal.com\/pwinecastes\/product\/quinta-de-santiago-alvarinho-reserve-2018\/"},"modified":"2024-05-18T13:23:26","modified_gmt":"2024-05-18T13:23:26","slug":"quinta-de-santiago-alvarinho-reserve-2018","status":"publish","type":"product","link":"https:\/\/pwinecastes.com\/en\/product\/quinta-de-santiago-alvarinho-reserve-2018\/","title":{"rendered":"Quinta de Santiago Alvarinho Reserve 2018"},"content":{"rendered":"<p>Quinta de Santiago Alvarinho Reserve 2018<\/p>\n<ul>\n<li><strong>Region: <\/strong>Mon\u00e7\u00e3o and Melga\u00e7o sub-region.<\/li>\n<li><strong>Capacity:<\/strong> 75cL<\/li>\n<li><strong>Grape Varieties: <\/strong>Alvarinho<\/li>\n<li><strong>Alcohol content: <\/strong>13.5%<\/li>\n<li><strong>Tasting notes:<\/strong> Citrus color. The aroma is elegant and complex, with notes of mint, fruit and citrus blossom surrounded by soft wood. Balanced, full-bodied and persistent with a unique freshness and intensity of fruit.<\/li>\n<li><strong>Harmonization: <\/strong>The elegance and balance of this wine make it the ideal companion for seafood, fish, Asian cuisine, cheeses, game and white meats, especially poultry.<\/li>\n<li><strong>Other information:<\/strong> Contais sulphites.<\/li>\n<\/ul>\n","protected":false},"excerpt":{"rendered":"<p>Quinta de Santiago Alvarinho Reserve 2018 Region: Mon\u00e7\u00e3o and Melga\u00e7o sub-region. Capacity: 75cL Grape Varieties: Alvarinho Alcohol content: 13.5% Tasting notes: Citrus color. The aroma is elegant and complex, with notes of mint, fruit and citrus blossom surrounded by soft wood. Balanced, full-bodied and persistent with a unique freshness and intensity of fruit. Harmonization: The [&hellip;]<\/p>\n","protected":false},"featured_media":6846,"template":"","meta":{"_monsterinsights_skip_tracking":false,"_monsterinsights_sitenote_active":false,"_monsterinsights_sitenote_note":"","_monsterinsights_sitenote_category":0},"product_brand":[],"product_cat":[148,166,173,286,101],"product_tag":[],"class_list":{"0":"post-6197","1":"product","2":"type-product","3":"status-publish","4":"has-post-thumbnail","6":"product_cat-country-en","7":"product_cat-region","8":"product_cat-vinho-verde-en","9":"product_cat-white-en-7","10":"product_cat-wines","12":"first","13":"instock","14":"taxable","15":"shipping-taxable","16":"purchasable","17":"product-type-simple"},"aioseo_notices":[],"_links":{"self":[{"href":"https:\/\/pwinecastes.com\/en\/wp-json\/wp\/v2\/product\/6197","targetHints":{"allow":["GET"]}}],"collection":[{"href":"https:\/\/pwinecastes.com\/en\/wp-json\/wp\/v2\/product"}],"about":[{"href":"https:\/\/pwinecastes.com\/en\/wp-json\/wp\/v2\/types\/product"}],"version-history":[{"count":0,"href":"https:\/\/pwinecastes.com\/en\/wp-json\/wp\/v2\/product\/6197\/revisions"}],"wp:featuredmedia":[{"embeddable":true,"href":"https:\/\/pwinecastes.com\/en\/wp-json\/wp\/v2\/media\/6846"}],"wp:attachment":[{"href":"https:\/\/pwinecastes.com\/en\/wp-json\/wp\/v2\/media?parent=6197"}],"wp:term":[{"taxonomy":"product_brand","embeddable":true,"href":"https:\/\/pwinecastes.com\/en\/wp-json\/wp\/v2\/product_brand?post=6197"},{"taxonomy":"product_cat","embeddable":true,"href":"https:\/\/pwinecastes.com\/en\/wp-json\/wp\/v2\/product_cat?post=6197"},{"taxonomy":"product_tag","embeddable":true,"href":"https:\/\/pwinecastes.com\/en\/wp-json\/wp\/v2\/product_tag?post=6197"}],"curies":[{"name":"wp","href":"https:\/\/api.w.org\/{rel}","templated":true}]}}