{"id":6352,"date":"2024-04-19T14:37:36","date_gmt":"2024-04-19T14:37:36","guid":{"rendered":"https:\/\/luxuryinportugal.com\/pwinecastes\/product\/quinta-do-regueiro-barricas-2019\/"},"modified":"2024-04-19T14:37:36","modified_gmt":"2024-04-19T14:37:36","slug":"quinta-do-regueiro-barricas-2019","status":"publish","type":"product","link":"https:\/\/pwinecastes.com\/en\/product\/quinta-do-regueiro-barricas-2019\/","title":{"rendered":"Quinta do Regueiro Barricas 2019"},"content":{"rendered":"<p>Quinta do Regueiro Barricas 2019<\/p>\n<ul>\n<li><strong>Region: <\/strong>Mon\u00e7\u00e3o and Melga\u00e7o<\/li>\n<li><strong>Capacity:<\/strong> 75cL<\/li>\n<li><strong>Grape Varieties:<\/strong> Alvarinho<\/li>\n<li><strong>Alcohol content: <\/strong>13.5%<\/li>\n<li><strong>Tasting notes:<\/strong> This wine is based on notes of ripe citrus fruit. Elegant, creamy, distinctive, lingers long in the mouth<\/li>\n<li><strong>Other information:<\/strong> Contais sulphites.<\/li>\n<\/ul>\n","protected":false},"excerpt":{"rendered":"<p>Quinta do Regueiro Barricas 2019 Region: Mon\u00e7\u00e3o and Melga\u00e7o Capacity: 75cL Grape Varieties: Alvarinho Alcohol content: 13.5% Tasting notes: This wine is based on notes of ripe citrus fruit. Elegant, creamy, distinctive, lingers long in the mouth Other information: Contais sulphites.<\/p>\n","protected":false},"featured_media":6939,"template":"","meta":{"_monsterinsights_skip_tracking":false,"_monsterinsights_sitenote_active":false,"_monsterinsights_sitenote_note":"","_monsterinsights_sitenote_category":0},"product_brand":[],"product_cat":[148,165,166,173,286,101],"product_tag":[],"class_list":{"0":"post-6352","1":"product","2":"type-product","3":"status-publish","4":"has-post-thumbnail","6":"product_cat-country-en","7":"product_cat-portugal-en-2","8":"product_cat-region","9":"product_cat-vinho-verde-en","10":"product_cat-white-en-7","11":"product_cat-wines","13":"first","14":"outofstock","15":"taxable","16":"shipping-taxable","17":"purchasable","18":"product-type-simple"},"aioseo_notices":[],"_links":{"self":[{"href":"https:\/\/pwinecastes.com\/en\/wp-json\/wp\/v2\/product\/6352","targetHints":{"allow":["GET"]}}],"collection":[{"href":"https:\/\/pwinecastes.com\/en\/wp-json\/wp\/v2\/product"}],"about":[{"href":"https:\/\/pwinecastes.com\/en\/wp-json\/wp\/v2\/types\/product"}],"version-history":[{"count":0,"href":"https:\/\/pwinecastes.com\/en\/wp-json\/wp\/v2\/product\/6352\/revisions"}],"wp:featuredmedia":[{"embeddable":true,"href":"https:\/\/pwinecastes.com\/en\/wp-json\/wp\/v2\/media\/6939"}],"wp:attachment":[{"href":"https:\/\/pwinecastes.com\/en\/wp-json\/wp\/v2\/media?parent=6352"}],"wp:term":[{"taxonomy":"product_brand","embeddable":true,"href":"https:\/\/pwinecastes.com\/en\/wp-json\/wp\/v2\/product_brand?post=6352"},{"taxonomy":"product_cat","embeddable":true,"href":"https:\/\/pwinecastes.com\/en\/wp-json\/wp\/v2\/product_cat?post=6352"},{"taxonomy":"product_tag","embeddable":true,"href":"https:\/\/pwinecastes.com\/en\/wp-json\/wp\/v2\/product_tag?post=6352"}],"curies":[{"name":"wp","href":"https:\/\/api.w.org\/{rel}","templated":true}]}}