{"id":6366,"date":"2024-04-19T15:40:24","date_gmt":"2024-04-19T15:40:24","guid":{"rendered":"https:\/\/luxuryinportugal.com\/pwinecastes\/product\/quinta-do-regueiro-alvarinho-reserve\/"},"modified":"2024-05-18T13:31:58","modified_gmt":"2024-05-18T13:31:58","slug":"quinta-do-regueiro-alvarinho-reserve","status":"publish","type":"product","link":"https:\/\/pwinecastes.com\/en\/product\/quinta-do-regueiro-alvarinho-reserve\/","title":{"rendered":"Quinta do Regueiro Alvarinho Reserve"},"content":{"rendered":"<p>Quinta do Regueiro Alvarinho Reserve<\/p>\n<ul>\n<li><strong>Region: <\/strong>Mon\u00e7\u00e3o and Melga\u00e7o<\/li>\n<li><strong>Capacity:<\/strong> 75cL<\/li>\n<li><strong>Grape Varieties:<\/strong> Alvarinho<\/li>\n<li><strong>Alcohol content: <\/strong>13%<\/li>\n<li><strong>Tasting notes:<\/strong> Straw yellow color with citrus aromas and hints of tropical fruit. The palate is full-bodied and voluminous, with some acidity, making it very fresh and tasty.<\/li>\n<li><strong>Harmonization: <\/strong>Seafood and fish dishes<\/li>\n<li><strong>Other information:<\/strong> Contais sulphites.<\/li>\n<\/ul>\n","protected":false},"excerpt":{"rendered":"<p>Quinta do Regueiro Alvarinho Reserve Region: Mon\u00e7\u00e3o and Melga\u00e7o Capacity: 75cL Grape Varieties: Alvarinho Alcohol content: 13% Tasting notes: Straw yellow color with citrus aromas and hints of tropical fruit. The palate is full-bodied and voluminous, with some acidity, making it very fresh and tasty. Harmonization: Seafood and fish dishes Other information: Contais sulphites.<\/p>\n","protected":false},"featured_media":6930,"template":"","meta":{"_monsterinsights_skip_tracking":false,"_monsterinsights_sitenote_active":false,"_monsterinsights_sitenote_note":"","_monsterinsights_sitenote_category":0},"product_brand":[],"product_cat":[148,165,166,173,286,101],"product_tag":[],"class_list":{"0":"post-6366","1":"product","2":"type-product","3":"status-publish","4":"has-post-thumbnail","6":"product_cat-country-en","7":"product_cat-portugal-en-2","8":"product_cat-region","9":"product_cat-vinho-verde-en","10":"product_cat-white-en-7","11":"product_cat-wines","13":"first","14":"instock","15":"taxable","16":"shipping-taxable","17":"purchasable","18":"product-type-simple"},"aioseo_notices":[],"_links":{"self":[{"href":"https:\/\/pwinecastes.com\/en\/wp-json\/wp\/v2\/product\/6366","targetHints":{"allow":["GET"]}}],"collection":[{"href":"https:\/\/pwinecastes.com\/en\/wp-json\/wp\/v2\/product"}],"about":[{"href":"https:\/\/pwinecastes.com\/en\/wp-json\/wp\/v2\/types\/product"}],"version-history":[{"count":0,"href":"https:\/\/pwinecastes.com\/en\/wp-json\/wp\/v2\/product\/6366\/revisions"}],"wp:featuredmedia":[{"embeddable":true,"href":"https:\/\/pwinecastes.com\/en\/wp-json\/wp\/v2\/media\/6930"}],"wp:attachment":[{"href":"https:\/\/pwinecastes.com\/en\/wp-json\/wp\/v2\/media?parent=6366"}],"wp:term":[{"taxonomy":"product_brand","embeddable":true,"href":"https:\/\/pwinecastes.com\/en\/wp-json\/wp\/v2\/product_brand?post=6366"},{"taxonomy":"product_cat","embeddable":true,"href":"https:\/\/pwinecastes.com\/en\/wp-json\/wp\/v2\/product_cat?post=6366"},{"taxonomy":"product_tag","embeddable":true,"href":"https:\/\/pwinecastes.com\/en\/wp-json\/wp\/v2\/product_tag?post=6366"}],"curies":[{"name":"wp","href":"https:\/\/api.w.org\/{rel}","templated":true}]}}