{"id":7285,"date":"2024-04-26T17:00:40","date_gmt":"2024-04-26T17:00:40","guid":{"rendered":"https:\/\/luxuryinportugal.com\/pwinecastes\/product\/titan-of-douro-fragmented-white-wine\/"},"modified":"2024-05-25T15:16:58","modified_gmt":"2024-05-25T15:16:58","slug":"titan-of-douro-fragmented-white-wine","status":"publish","type":"product","link":"https:\/\/pwinecastes.com\/en\/product\/titan-of-douro-fragmented-white-wine\/","title":{"rendered":"Titan Of Douro Fragmentado Blend II White"},"content":{"rendered":"<p>Titan Of Douro Fragmentado Blend II White<\/p>\n<ul>\n<li><strong>Region: <\/strong>Douro.<\/li>\n<li><strong>Capacity:<\/strong> 75cL<\/li>\n<li><strong>Grape varieties: <\/strong>Arinto, Bical, Cerceal, C\u00f3dega do Larinho, Dona Branca, Donzelinho Branco, Esgana C\u00e3o, Fern\u00e3o Pires, Folgaz\u00e3o, Gouveio, Malvasia Fina, Malvasia Parda, Rabigato, Samarrinho, S\u00edria, Rabo de Ovelha and Vital.<\/li>\n<li><strong>Alcohol content: <\/strong>13.5% vol.<\/li>\n<li><strong>Tasting notes:<\/strong> Aromas of bakery, honey, grapefruit, white flowers and wet stone. On the palate it is a wine full of layers, very voluminous and full of energy given its persistent freshness. Intense straw color<\/li>\n<li><strong>Harmonization: <\/strong>Enjoy with dishes with a complex and rich flavour, such as baked fish, seafood and aged cheeses.<\/li>\n<li><strong>Other information:<\/strong> Contains sulphites.<\/li>\n<\/ul>\n","protected":false},"excerpt":{"rendered":"<p>Titan Of Douro Fragmentado Blend II White Region: Douro. Capacity: 75cL Grape varieties: Arinto, Bical, Cerceal, C\u00f3dega do Larinho, Dona Branca, Donzelinho Branco, Esgana C\u00e3o, Fern\u00e3o Pires, Folgaz\u00e3o, Gouveio, Malvasia Fina, Malvasia Parda, Rabigato, Samarrinho, S\u00edria, Rabo de Ovelha and Vital. Alcohol content: 13.5% vol. Tasting notes: Aromas of bakery, honey, grapefruit, white flowers and [&hellip;]<\/p>\n","protected":false},"featured_media":7623,"template":"","meta":{"_monsterinsights_skip_tracking":false,"_monsterinsights_sitenote_active":false,"_monsterinsights_sitenote_note":"","_monsterinsights_sitenote_category":0},"product_brand":[],"product_cat":[148,170,165,166,259,101],"product_tag":[],"class_list":{"0":"post-7285","1":"product","2":"type-product","3":"status-publish","4":"has-post-thumbnail","6":"product_cat-country-en","7":"product_cat-douro-en","8":"product_cat-portugal-en-2","9":"product_cat-region","10":"product_cat-white-en-4","11":"product_cat-wines","13":"first","14":"instock","15":"taxable","16":"shipping-taxable","17":"purchasable","18":"product-type-simple"},"aioseo_notices":[],"_links":{"self":[{"href":"https:\/\/pwinecastes.com\/en\/wp-json\/wp\/v2\/product\/7285","targetHints":{"allow":["GET"]}}],"collection":[{"href":"https:\/\/pwinecastes.com\/en\/wp-json\/wp\/v2\/product"}],"about":[{"href":"https:\/\/pwinecastes.com\/en\/wp-json\/wp\/v2\/types\/product"}],"version-history":[{"count":0,"href":"https:\/\/pwinecastes.com\/en\/wp-json\/wp\/v2\/product\/7285\/revisions"}],"wp:featuredmedia":[{"embeddable":true,"href":"https:\/\/pwinecastes.com\/en\/wp-json\/wp\/v2\/media\/7623"}],"wp:attachment":[{"href":"https:\/\/pwinecastes.com\/en\/wp-json\/wp\/v2\/media?parent=7285"}],"wp:term":[{"taxonomy":"product_brand","embeddable":true,"href":"https:\/\/pwinecastes.com\/en\/wp-json\/wp\/v2\/product_brand?post=7285"},{"taxonomy":"product_cat","embeddable":true,"href":"https:\/\/pwinecastes.com\/en\/wp-json\/wp\/v2\/product_cat?post=7285"},{"taxonomy":"product_tag","embeddable":true,"href":"https:\/\/pwinecastes.com\/en\/wp-json\/wp\/v2\/product_tag?post=7285"}],"curies":[{"name":"wp","href":"https:\/\/api.w.org\/{rel}","templated":true}]}}