{"id":7617,"date":"2024-04-30T17:00:01","date_gmt":"2024-04-30T17:00:01","guid":{"rendered":"https:\/\/luxuryinportugal.com\/pwinecastes\/product\/palacio-dos-tavoras-bastardo-red-2018\/"},"modified":"2024-05-23T11:15:00","modified_gmt":"2024-05-23T11:15:00","slug":"palacio-dos-tavoras-bastardo-red-2018","status":"publish","type":"product","link":"https:\/\/pwinecastes.com\/en\/product\/palacio-dos-tavoras-bastardo-red-2018\/","title":{"rendered":"Pal\u00e1cio dos T\u00e1voras Bastardo Red 2018"},"content":{"rendered":"<p>Pal\u00e1cio dos T\u00e1voras Bastardo Red 2018<\/p>\n<ul>\n<li><strong>Region: <\/strong>Tr\u00e1s-os-Montes<\/li>\n<li><strong>Capacity:<\/strong> 75cL<\/li>\n<li><strong>Grape Varieties: <\/strong>Bastardo<\/li>\n<li><strong>Alcohol content: <\/strong>13%<\/li>\n<li><strong>Tasting notes:<\/strong> Aromas of fresh red fruits balanced with aromas of dried herbs. In the mouth it is elegant, fresh and with an acidity that presents a long aftertaste.<\/li>\n<li><strong>Harmonization: <\/strong>Good with roast dishes, white and red meats and cheeses.<\/li>\n<li><strong>Other information:<\/strong> Contais sulphites.<\/li>\n<\/ul>\n","protected":false},"excerpt":{"rendered":"<p>Pal\u00e1cio dos T\u00e1voras Bastardo Red 2018 Region: Tr\u00e1s-os-Montes Capacity: 75cL Grape Varieties: Bastardo Alcohol content: 13% Tasting notes: Aromas of fresh red fruits balanced with aromas of dried herbs. In the mouth it is elegant, fresh and with an acidity that presents a long aftertaste. Harmonization: Good with roast dishes, white and red meats and [&hellip;]<\/p>\n","protected":false},"featured_media":7841,"template":"","meta":{"_monsterinsights_skip_tracking":false,"_monsterinsights_sitenote_active":false,"_monsterinsights_sitenote_note":"","_monsterinsights_sitenote_category":0},"product_brand":[],"product_cat":[148,170,165,260,166,375,101],"product_tag":[],"class_list":{"0":"post-7617","1":"product","2":"type-product","3":"status-publish","4":"has-post-thumbnail","6":"product_cat-country-en","7":"product_cat-douro-en","8":"product_cat-portugal-en-2","9":"product_cat-red-en-4","10":"product_cat-region","11":"product_cat-tras-os-montes-en","12":"product_cat-wines","14":"first","15":"instock","16":"taxable","17":"shipping-taxable","18":"purchasable","19":"product-type-simple"},"aioseo_notices":[],"_links":{"self":[{"href":"https:\/\/pwinecastes.com\/en\/wp-json\/wp\/v2\/product\/7617","targetHints":{"allow":["GET"]}}],"collection":[{"href":"https:\/\/pwinecastes.com\/en\/wp-json\/wp\/v2\/product"}],"about":[{"href":"https:\/\/pwinecastes.com\/en\/wp-json\/wp\/v2\/types\/product"}],"version-history":[{"count":0,"href":"https:\/\/pwinecastes.com\/en\/wp-json\/wp\/v2\/product\/7617\/revisions"}],"wp:featuredmedia":[{"embeddable":true,"href":"https:\/\/pwinecastes.com\/en\/wp-json\/wp\/v2\/media\/7841"}],"wp:attachment":[{"href":"https:\/\/pwinecastes.com\/en\/wp-json\/wp\/v2\/media?parent=7617"}],"wp:term":[{"taxonomy":"product_brand","embeddable":true,"href":"https:\/\/pwinecastes.com\/en\/wp-json\/wp\/v2\/product_brand?post=7617"},{"taxonomy":"product_cat","embeddable":true,"href":"https:\/\/pwinecastes.com\/en\/wp-json\/wp\/v2\/product_cat?post=7617"},{"taxonomy":"product_tag","embeddable":true,"href":"https:\/\/pwinecastes.com\/en\/wp-json\/wp\/v2\/product_tag?post=7617"}],"curies":[{"name":"wp","href":"https:\/\/api.w.org\/{rel}","templated":true}]}}