{"id":8163,"date":"2024-05-03T13:55:23","date_gmt":"2024-05-03T13:55:23","guid":{"rendered":"https:\/\/luxuryinportugal.com\/pwinecastes\/product\/champagne-moet-chandon-brut-rose-imperial\/"},"modified":"2024-06-14T16:34:14","modified_gmt":"2024-06-14T16:34:14","slug":"champagne-moet-chandon-brut-rose-imperial","status":"publish","type":"product","link":"https:\/\/pwinecastes.com\/en\/product\/champagne-moet-chandon-brut-rose-imperial\/","title":{"rendered":"Champagne Mo\u00ebt &amp; Chandon Brut Ros\u00e9 Imp\u00e9rial"},"content":{"rendered":"<p>Champagne Mo\u00ebt &amp; Chandon Brut Ros\u00e9 Imp\u00e9rial<\/p>\n<ul>\n<li><strong><strong>Region: <\/strong><\/strong>Champagne, France.<\/li>\n<li><strong>Capacity:<\/strong> 75cL<\/li>\n<li><strong>Grape varieties: <\/strong>Pinot Noir, Meunier, Chardonnay<\/li>\n<li><strong>Alcohol content: <\/strong>12% vol.<\/li>\n<li><strong>Tasting notes: <\/strong>Mo\u00ebt et Chandon Ros\u00e9 Imp\u00e9rial is a radiant, spontaneous, romantic expression of the Mo\u00ebt et Chandon style, distinguished by its bright fruity aroma, seductive palate and elegant maturity.<\/li>\n<li><strong>Other information:<\/strong> Contains sulphites.<\/li>\n<\/ul>\n","protected":false},"excerpt":{"rendered":"<p>Champagne Mo\u00ebt &amp; Chandon Brut Ros\u00e9 Imp\u00e9rial Region: Champagne, France. Capacity: 75cL Grape varieties: Pinot Noir, Meunier, Chardonnay Alcohol content: 12% vol. Tasting notes: Mo\u00ebt et Chandon Ros\u00e9 Imp\u00e9rial is a radiant, spontaneous, romantic expression of the Mo\u00ebt et Chandon style, distinguished by its bright fruity aroma, seductive palate and elegant maturity. Other information: Contains [&hellip;]<\/p>\n","protected":false},"featured_media":11495,"template":"","meta":{"_monsterinsights_skip_tracking":false,"_monsterinsights_sitenote_active":false,"_monsterinsights_sitenote_note":"","_monsterinsights_sitenote_category":0},"product_brand":[],"product_cat":[150,143],"product_tag":[],"class_list":{"0":"post-8163","1":"product","2":"type-product","3":"status-publish","4":"has-post-thumbnail","6":"product_cat-france","7":"product_cat-sparkling-wine-champagnes","9":"first","10":"instock","11":"taxable","12":"shipping-taxable","13":"purchasable","14":"product-type-simple"},"aioseo_notices":[],"_links":{"self":[{"href":"https:\/\/pwinecastes.com\/en\/wp-json\/wp\/v2\/product\/8163","targetHints":{"allow":["GET"]}}],"collection":[{"href":"https:\/\/pwinecastes.com\/en\/wp-json\/wp\/v2\/product"}],"about":[{"href":"https:\/\/pwinecastes.com\/en\/wp-json\/wp\/v2\/types\/product"}],"version-history":[{"count":0,"href":"https:\/\/pwinecastes.com\/en\/wp-json\/wp\/v2\/product\/8163\/revisions"}],"wp:featuredmedia":[{"embeddable":true,"href":"https:\/\/pwinecastes.com\/en\/wp-json\/wp\/v2\/media\/11495"}],"wp:attachment":[{"href":"https:\/\/pwinecastes.com\/en\/wp-json\/wp\/v2\/media?parent=8163"}],"wp:term":[{"taxonomy":"product_brand","embeddable":true,"href":"https:\/\/pwinecastes.com\/en\/wp-json\/wp\/v2\/product_brand?post=8163"},{"taxonomy":"product_cat","embeddable":true,"href":"https:\/\/pwinecastes.com\/en\/wp-json\/wp\/v2\/product_cat?post=8163"},{"taxonomy":"product_tag","embeddable":true,"href":"https:\/\/pwinecastes.com\/en\/wp-json\/wp\/v2\/product_tag?post=8163"}],"curies":[{"name":"wp","href":"https:\/\/api.w.org\/{rel}","templated":true}]}}