{"id":8181,"date":"2024-05-03T14:17:45","date_gmt":"2024-05-03T14:17:45","guid":{"rendered":"https:\/\/luxuryinportugal.com\/pwinecastes\/product\/champagne-moet-chandon-imperial-brut\/"},"modified":"2024-06-14T16:34:47","modified_gmt":"2024-06-14T16:34:47","slug":"champagne-moet-chandon-imperial-brut","status":"publish","type":"product","link":"https:\/\/pwinecastes.com\/en\/product\/champagne-moet-chandon-imperial-brut\/","title":{"rendered":"Champagne Mo\u00ebt &amp; Chandon Imp\u00e9rial Brut"},"content":{"rendered":"<p>Champagne Mo\u00ebt &amp; Chandon Imp\u00e9rial Brut<\/p>\n<ul>\n<li><strong>Region: <\/strong>Champagne, France.<\/li>\n<li><strong>Capacity:<\/strong> 75cL<\/li>\n<li><strong>Grape varieties:<\/strong> Pinot noir, Chardonnay, Pinot meunier.<\/li>\n<li><strong>Alcohol content: <\/strong>12% vol.<\/li>\n<li><strong>Tasting notes: <\/strong>Its color is yellow, adorned with green reflections. The nose reveals white fruit (apple, pear, white peach), citrus fruits (lemon), complemented by floral nuances and toasted notes (brioche and fresh walnuts). His mouth is delicious and melting.<\/li>\n<li><strong>Pairing:<\/strong> Mo\u00ebt Imp\u00e9rial is present from aperitif to dessert. We particularly recommend enjoying it with sushi or oysters, roast chicken or white chocolate.<\/li>\n<li><strong>Other information:<\/strong> Contains sulphites.<\/li>\n<\/ul>\n","protected":false},"excerpt":{"rendered":"<p>Champagne Mo\u00ebt &amp; Chandon Imp\u00e9rial Brut Region: Champagne, France. Capacity: 75cL Grape varieties: Pinot noir, Chardonnay, Pinot meunier. Alcohol content: 12% vol. Tasting notes: Its color is yellow, adorned with green reflections. The nose reveals white fruit (apple, pear, white peach), citrus fruits (lemon), complemented by floral nuances and toasted notes (brioche and fresh walnuts). [&hellip;]<\/p>\n","protected":false},"featured_media":11508,"template":"","meta":{"_monsterinsights_skip_tracking":false,"_monsterinsights_sitenote_active":false,"_monsterinsights_sitenote_note":"","_monsterinsights_sitenote_category":0},"product_brand":[],"product_cat":[150,143],"product_tag":[],"class_list":{"0":"post-8181","1":"product","2":"type-product","3":"status-publish","4":"has-post-thumbnail","6":"product_cat-france","7":"product_cat-sparkling-wine-champagnes","9":"first","10":"instock","11":"taxable","12":"shipping-taxable","13":"purchasable","14":"product-type-simple"},"aioseo_notices":[],"_links":{"self":[{"href":"https:\/\/pwinecastes.com\/en\/wp-json\/wp\/v2\/product\/8181","targetHints":{"allow":["GET"]}}],"collection":[{"href":"https:\/\/pwinecastes.com\/en\/wp-json\/wp\/v2\/product"}],"about":[{"href":"https:\/\/pwinecastes.com\/en\/wp-json\/wp\/v2\/types\/product"}],"version-history":[{"count":0,"href":"https:\/\/pwinecastes.com\/en\/wp-json\/wp\/v2\/product\/8181\/revisions"}],"wp:featuredmedia":[{"embeddable":true,"href":"https:\/\/pwinecastes.com\/en\/wp-json\/wp\/v2\/media\/11508"}],"wp:attachment":[{"href":"https:\/\/pwinecastes.com\/en\/wp-json\/wp\/v2\/media?parent=8181"}],"wp:term":[{"taxonomy":"product_brand","embeddable":true,"href":"https:\/\/pwinecastes.com\/en\/wp-json\/wp\/v2\/product_brand?post=8181"},{"taxonomy":"product_cat","embeddable":true,"href":"https:\/\/pwinecastes.com\/en\/wp-json\/wp\/v2\/product_cat?post=8181"},{"taxonomy":"product_tag","embeddable":true,"href":"https:\/\/pwinecastes.com\/en\/wp-json\/wp\/v2\/product_tag?post=8181"}],"curies":[{"name":"wp","href":"https:\/\/api.w.org\/{rel}","templated":true}]}}