{"id":8526,"date":"2024-05-06T17:46:47","date_gmt":"2024-05-06T17:46:47","guid":{"rendered":"https:\/\/luxuryinportugal.com\/pwinecastes\/product\/vasques-de-carvalho-tawny-30-anos\/"},"modified":"2024-11-15T11:22:59","modified_gmt":"2024-11-15T11:22:59","slug":"vasques-de-carvalho-tawny-30-anos","status":"publish","type":"product","link":"https:\/\/pwinecastes.com\/en\/product\/vasques-de-carvalho-tawny-30-anos\/","title":{"rendered":"Vasques de Carvalho Tawny 30 Anos"},"content":{"rendered":"<p>Vasques de Carvalho Tawny 30 Years Old<\/p>\n<ul>\n<li><strong>Region: <\/strong>Douro<\/li>\n<li><strong>Capacity:<\/strong> 75cL<\/li>\n<li><strong>Grape Varieties: <\/strong>Old Vines<\/li>\n<li><strong>Teor Alco\u00f3lico:<\/strong>20% Vol.<\/li>\n<li><strong>Tasting notes: <\/strong>Deep amber, very bright, with a nuttier nose than the 20 year old, not losing out on dried fruit, peaches, dried figs, dates, marmalade, honey cake, marzipan and notes of cloves and cassia bark. Na boca revela-se denso, camadas de um panforte concentrado com figo seco, nozes, especiarias e peles c\u00edtricas, bem como laranja de chocolate de leite e marmelada com peda\u00e7os. Notas de madeira atrativas (aquele carvalho apurado, aqui menos sabor a am\u00eandoa e mais a noz) que est\u00e3o bem integradas, tal como a sua aguardente v\u00ednica, que proporcionam um final longo, suave, intenso mas bem equilibrado.<\/li>\n<li><strong>Other information<\/strong> Contains sulphites<\/li>\n<\/ul>\n","protected":false},"excerpt":{"rendered":"<p>Vasques de Carvalho Tawny 30 Years Old Region: Douro Capacity: 75cL Grape Varieties: Old Vines Teor Alco\u00f3lico:20% Vol. Tasting notes: Deep amber, very bright, with a nuttier nose than the 20 year old, not losing out on dried fruit, peaches, dried figs, dates, marmalade, honey cake, marzipan and notes of cloves and cassia bark. Na [&hellip;]<\/p>\n","protected":false},"featured_media":9409,"template":"","meta":{"_monsterinsights_skip_tracking":false,"_monsterinsights_sitenote_active":false,"_monsterinsights_sitenote_note":"","_monsterinsights_sitenote_category":0},"product_brand":[],"product_cat":[148,178,165,357],"product_tag":[],"class_list":{"0":"post-8526","1":"product","2":"type-product","3":"status-publish","4":"has-post-thumbnail","6":"product_cat-country-en","7":"product_cat-port","8":"product_cat-portugal-en-2","9":"product_cat-tawny-en","11":"first","12":"instock","13":"taxable","14":"shipping-taxable","15":"purchasable","16":"product-type-simple"},"aioseo_notices":[],"_links":{"self":[{"href":"https:\/\/pwinecastes.com\/en\/wp-json\/wp\/v2\/product\/8526","targetHints":{"allow":["GET"]}}],"collection":[{"href":"https:\/\/pwinecastes.com\/en\/wp-json\/wp\/v2\/product"}],"about":[{"href":"https:\/\/pwinecastes.com\/en\/wp-json\/wp\/v2\/types\/product"}],"version-history":[{"count":0,"href":"https:\/\/pwinecastes.com\/en\/wp-json\/wp\/v2\/product\/8526\/revisions"}],"wp:featuredmedia":[{"embeddable":true,"href":"https:\/\/pwinecastes.com\/en\/wp-json\/wp\/v2\/media\/9409"}],"wp:attachment":[{"href":"https:\/\/pwinecastes.com\/en\/wp-json\/wp\/v2\/media?parent=8526"}],"wp:term":[{"taxonomy":"product_brand","embeddable":true,"href":"https:\/\/pwinecastes.com\/en\/wp-json\/wp\/v2\/product_brand?post=8526"},{"taxonomy":"product_cat","embeddable":true,"href":"https:\/\/pwinecastes.com\/en\/wp-json\/wp\/v2\/product_cat?post=8526"},{"taxonomy":"product_tag","embeddable":true,"href":"https:\/\/pwinecastes.com\/en\/wp-json\/wp\/v2\/product_tag?post=8526"}],"curies":[{"name":"wp","href":"https:\/\/api.w.org\/{rel}","templated":true}]}}