{"id":8694,"date":"2024-05-09T13:20:45","date_gmt":"2024-05-09T13:20:45","guid":{"rendered":"https:\/\/luxuryinportugal.com\/pwinecastes\/product\/aguardente-velhissima-avo\/"},"modified":"2024-05-21T15:02:34","modified_gmt":"2024-05-21T15:02:34","slug":"aguardente-velhissima-avo","status":"publish","type":"product","link":"https:\/\/pwinecastes.com\/en\/product\/aguardente-velhissima-avo\/","title":{"rendered":"Aguardente Velh\u00edssima Av\u00f4"},"content":{"rendered":"<p>Aguardente Velh\u00edssima Av\u00f4<\/p>\n<ul>\n<li><strong>Region: <\/strong>Portugal<\/li>\n<li><strong>Capacity: <\/strong>0.50 L<\/li>\n<li><strong><strong>Alcohol content: <\/strong><\/strong>38% Vol<strong><strong>.<\/strong><\/strong><\/li>\n<li><strong>Tasting notes:<\/strong> Complex, smooth and fruity spirit, with notes of flowers, fruits and vanilla, both on the nose and in the mouth.<\/li>\n<li><strong>Other information<\/strong> Contains sulphites<\/li>\n<\/ul>\n","protected":false},"excerpt":{"rendered":"<p>Aguardente Velh\u00edssima Av\u00f4 Region: Portugal Capacity: 0.50 L Alcohol content: 38% Vol. Tasting notes: Complex, smooth and fruity spirit, with notes of flowers, fruits and vanilla, both on the nose and in the mouth. Other information Contains sulphites<\/p>\n","protected":false},"featured_media":15049,"template":"","meta":{"_monsterinsights_skip_tracking":false,"_monsterinsights_sitenote_active":false,"_monsterinsights_sitenote_note":"","_monsterinsights_sitenote_category":0},"product_brand":[],"product_cat":[144,208,152],"product_tag":[],"class_list":{"0":"post-8694","1":"product","2":"type-product","3":"status-publish","4":"has-post-thumbnail","6":"product_cat-spirits","7":"product_cat-spirits-en","8":"product_cat-type-en","10":"first","11":"instock","12":"taxable","13":"shipping-taxable","14":"purchasable","15":"product-type-simple"},"aioseo_notices":[],"_links":{"self":[{"href":"https:\/\/pwinecastes.com\/en\/wp-json\/wp\/v2\/product\/8694","targetHints":{"allow":["GET"]}}],"collection":[{"href":"https:\/\/pwinecastes.com\/en\/wp-json\/wp\/v2\/product"}],"about":[{"href":"https:\/\/pwinecastes.com\/en\/wp-json\/wp\/v2\/types\/product"}],"version-history":[{"count":0,"href":"https:\/\/pwinecastes.com\/en\/wp-json\/wp\/v2\/product\/8694\/revisions"}],"wp:featuredmedia":[{"embeddable":true,"href":"https:\/\/pwinecastes.com\/en\/wp-json\/wp\/v2\/media\/15049"}],"wp:attachment":[{"href":"https:\/\/pwinecastes.com\/en\/wp-json\/wp\/v2\/media?parent=8694"}],"wp:term":[{"taxonomy":"product_brand","embeddable":true,"href":"https:\/\/pwinecastes.com\/en\/wp-json\/wp\/v2\/product_brand?post=8694"},{"taxonomy":"product_cat","embeddable":true,"href":"https:\/\/pwinecastes.com\/en\/wp-json\/wp\/v2\/product_cat?post=8694"},{"taxonomy":"product_tag","embeddable":true,"href":"https:\/\/pwinecastes.com\/en\/wp-json\/wp\/v2\/product_tag?post=8694"}],"curies":[{"name":"wp","href":"https:\/\/api.w.org\/{rel}","templated":true}]}}