{"id":8709,"date":"2024-05-09T14:14:53","date_gmt":"2024-05-09T14:14:53","guid":{"rendered":"https:\/\/luxuryinportugal.com\/pwinecastes\/product\/aguardente-prestigio-sao-domingos\/"},"modified":"2024-05-09T14:14:53","modified_gmt":"2024-05-09T14:14:53","slug":"aguardente-prestigio-sao-domingos","status":"publish","type":"product","link":"https:\/\/pwinecastes.com\/en\/product\/aguardente-prestigio-sao-domingos\/","title":{"rendered":"Aguardente Prest\u00edgio S\u00e3o Domingos"},"content":{"rendered":"<p>Prest\u00edgio S\u00e3o Domingos brandy<\/p>\n<ul>\n<li><strong>Region: <\/strong>Portugal<\/li>\n<li><strong><strong>Capacity: <\/strong><\/strong>0.70L<\/li>\n<li><strong><strong>Alcohol content: <\/strong><\/strong>40% Vol<strong><strong>. <\/strong><\/strong> <\/li>\n<li><strong>Tasting notes: <\/strong>Amber color with hints of gold, notes of fruit and flowers. Soft, velvety aroma, exceptional finesse and luminosity.<\/li>\n<li><strong>Other information<\/strong> Contains sulphites<\/li>\n<\/ul>\n<p>&nbsp;<\/p>\n","protected":false},"excerpt":{"rendered":"<p>Prest\u00edgio S\u00e3o Domingos brandy Region: Portugal Capacity: 0.70L Alcohol content: 40% Vol. Tasting notes: Amber color with hints of gold, notes of fruit and flowers. Soft, velvety aroma, exceptional finesse and luminosity. Other information Contains sulphites &nbsp;<\/p>\n","protected":false},"featured_media":10765,"template":"","meta":{"_monsterinsights_skip_tracking":false,"_monsterinsights_sitenote_active":false,"_monsterinsights_sitenote_note":"","_monsterinsights_sitenote_category":0},"product_brand":[],"product_cat":[144,208,152],"product_tag":[],"class_list":{"0":"post-8709","1":"product","2":"type-product","3":"status-publish","4":"has-post-thumbnail","6":"product_cat-spirits","7":"product_cat-spirits-en","8":"product_cat-type-en","10":"first","11":"instock","12":"taxable","13":"shipping-taxable","14":"purchasable","15":"product-type-simple"},"aioseo_notices":[],"_links":{"self":[{"href":"https:\/\/pwinecastes.com\/en\/wp-json\/wp\/v2\/product\/8709","targetHints":{"allow":["GET"]}}],"collection":[{"href":"https:\/\/pwinecastes.com\/en\/wp-json\/wp\/v2\/product"}],"about":[{"href":"https:\/\/pwinecastes.com\/en\/wp-json\/wp\/v2\/types\/product"}],"version-history":[{"count":0,"href":"https:\/\/pwinecastes.com\/en\/wp-json\/wp\/v2\/product\/8709\/revisions"}],"wp:featuredmedia":[{"embeddable":true,"href":"https:\/\/pwinecastes.com\/en\/wp-json\/wp\/v2\/media\/10765"}],"wp:attachment":[{"href":"https:\/\/pwinecastes.com\/en\/wp-json\/wp\/v2\/media?parent=8709"}],"wp:term":[{"taxonomy":"product_brand","embeddable":true,"href":"https:\/\/pwinecastes.com\/en\/wp-json\/wp\/v2\/product_brand?post=8709"},{"taxonomy":"product_cat","embeddable":true,"href":"https:\/\/pwinecastes.com\/en\/wp-json\/wp\/v2\/product_cat?post=8709"},{"taxonomy":"product_tag","embeddable":true,"href":"https:\/\/pwinecastes.com\/en\/wp-json\/wp\/v2\/product_tag?post=8709"}],"curies":[{"name":"wp","href":"https:\/\/api.w.org\/{rel}","templated":true}]}}