{"id":8737,"date":"2024-05-10T14:16:37","date_gmt":"2024-05-10T14:16:37","guid":{"rendered":"https:\/\/luxuryinportugal.com\/pwinecastes\/product\/aguardente-vinica-velhissima-caves-s-joao-colheita-1966\/"},"modified":"2024-05-10T14:16:37","modified_gmt":"2024-05-10T14:16:37","slug":"aguardente-vinica-velhissima-caves-s-joao-colheita-1966","status":"publish","type":"product","link":"https:\/\/pwinecastes.com\/en\/product\/aguardente-vinica-velhissima-caves-s-joao-colheita-1966\/","title":{"rendered":"Aguardente V\u00ednica Velh\u00edssima Caves S. Jo\u00e3o Colheita 1966"},"content":{"rendered":"<p>Aguardente V\u00ednica Velh\u00edssima Caves S. Jo\u00e3o Harvest 1966<\/p>\n<ul>\n<li><strong>Region: <\/strong>Portugal<\/li>\n<li><strong><strong>Capacity:<\/strong><\/strong> 0.75L<\/li>\n<li><strong>Alcohol content: <\/strong>40%<\/li>\n<li><strong>Tasting notes:<\/strong> Clear in appearance, it has an intense topaz color and a rich, intense and complex aroma.<\/li>\n<li><strong>Other information<\/strong> Contains sulphites<\/li>\n<\/ul>\n","protected":false},"excerpt":{"rendered":"<p>Aguardente V\u00ednica Velh\u00edssima Caves S. Jo\u00e3o Harvest 1966 Region: Portugal Capacity: 0.75L Alcohol content: 40% Tasting notes: Clear in appearance, it has an intense topaz color and a rich, intense and complex aroma. Other information Contains sulphites<\/p>\n","protected":false},"featured_media":10853,"template":"","meta":{"_monsterinsights_skip_tracking":false,"_monsterinsights_sitenote_active":false,"_monsterinsights_sitenote_note":"","_monsterinsights_sitenote_category":0},"product_brand":[],"product_cat":[208,144,152],"product_tag":[],"class_list":{"0":"post-8737","1":"product","2":"type-product","3":"status-publish","4":"has-post-thumbnail","6":"product_cat-spirits-en","7":"product_cat-spirits","8":"product_cat-type-en","10":"first","11":"instock","12":"taxable","13":"shipping-taxable","14":"purchasable","15":"product-type-simple"},"aioseo_notices":[],"_links":{"self":[{"href":"https:\/\/pwinecastes.com\/en\/wp-json\/wp\/v2\/product\/8737","targetHints":{"allow":["GET"]}}],"collection":[{"href":"https:\/\/pwinecastes.com\/en\/wp-json\/wp\/v2\/product"}],"about":[{"href":"https:\/\/pwinecastes.com\/en\/wp-json\/wp\/v2\/types\/product"}],"version-history":[{"count":0,"href":"https:\/\/pwinecastes.com\/en\/wp-json\/wp\/v2\/product\/8737\/revisions"}],"wp:featuredmedia":[{"embeddable":true,"href":"https:\/\/pwinecastes.com\/en\/wp-json\/wp\/v2\/media\/10853"}],"wp:attachment":[{"href":"https:\/\/pwinecastes.com\/en\/wp-json\/wp\/v2\/media?parent=8737"}],"wp:term":[{"taxonomy":"product_brand","embeddable":true,"href":"https:\/\/pwinecastes.com\/en\/wp-json\/wp\/v2\/product_brand?post=8737"},{"taxonomy":"product_cat","embeddable":true,"href":"https:\/\/pwinecastes.com\/en\/wp-json\/wp\/v2\/product_cat?post=8737"},{"taxonomy":"product_tag","embeddable":true,"href":"https:\/\/pwinecastes.com\/en\/wp-json\/wp\/v2\/product_tag?post=8737"}],"curies":[{"name":"wp","href":"https:\/\/api.w.org\/{rel}","templated":true}]}}