{"id":8827,"date":"2024-05-11T13:57:23","date_gmt":"2024-05-11T13:57:23","guid":{"rendered":"https:\/\/luxuryinportugal.com\/pwinecastes\/product\/wine-spirit-velhissima-sao-domingos\/"},"modified":"2024-05-11T13:57:23","modified_gmt":"2024-05-11T13:57:23","slug":"wine-spirit-velhissima-sao-domingos","status":"publish","type":"product","link":"https:\/\/pwinecastes.com\/en\/product\/wine-spirit-velhissima-sao-domingos\/","title":{"rendered":"Wine Spirit Velh\u00edssima S\u00e3o Domingos"},"content":{"rendered":"<p>Wine Spirit Velh\u00edssima S\u00e3o Domingos<\/p>\n<ul>\n<li><strong>Region: <\/strong>Bairrada<\/li>\n<li><strong>Capacity:<\/strong> 70cL<\/li>\n<li><strong>Alcohol content: <\/strong>40%<\/li>\n<li><strong>Tasting notes:<\/strong> Aroma with toasted notes, dried fruit on a balsamic background, with resinous notes. The palate is austere with a sweet finish. <\/li>\n<li><strong>Harmonization:<\/strong> After a meal as a digestif or served in a long drink glass with mineral water (sparkling or not), ginger ale or tonic water, it&#8217;s delicious, full of personality and very refreshing.<\/li>\n<li><strong>Other information:<\/strong> Contains sulphites.<\/li>\n<\/ul>\n","protected":false},"excerpt":{"rendered":"<p>Wine Spirit Velh\u00edssima S\u00e3o Domingos Region: Bairrada Capacity: 70cL Alcohol content: 40% Tasting notes: Aroma with toasted notes, dried fruit on a balsamic background, with resinous notes. The palate is austere with a sweet finish. Harmonization: After a meal as a digestif or served in a long drink glass with mineral water (sparkling or not), [&hellip;]<\/p>\n","protected":false},"featured_media":10885,"template":"","meta":{"_monsterinsights_skip_tracking":false,"_monsterinsights_sitenote_active":false,"_monsterinsights_sitenote_note":"","_monsterinsights_sitenote_category":0},"product_brand":[],"product_cat":[208,144,152],"product_tag":[],"class_list":{"0":"post-8827","1":"product","2":"type-product","3":"status-publish","4":"has-post-thumbnail","6":"product_cat-spirits-en","7":"product_cat-spirits","8":"product_cat-type-en","10":"first","11":"instock","12":"taxable","13":"shipping-taxable","14":"purchasable","15":"product-type-simple"},"aioseo_notices":[],"_links":{"self":[{"href":"https:\/\/pwinecastes.com\/en\/wp-json\/wp\/v2\/product\/8827","targetHints":{"allow":["GET"]}}],"collection":[{"href":"https:\/\/pwinecastes.com\/en\/wp-json\/wp\/v2\/product"}],"about":[{"href":"https:\/\/pwinecastes.com\/en\/wp-json\/wp\/v2\/types\/product"}],"version-history":[{"count":0,"href":"https:\/\/pwinecastes.com\/en\/wp-json\/wp\/v2\/product\/8827\/revisions"}],"wp:featuredmedia":[{"embeddable":true,"href":"https:\/\/pwinecastes.com\/en\/wp-json\/wp\/v2\/media\/10885"}],"wp:attachment":[{"href":"https:\/\/pwinecastes.com\/en\/wp-json\/wp\/v2\/media?parent=8827"}],"wp:term":[{"taxonomy":"product_brand","embeddable":true,"href":"https:\/\/pwinecastes.com\/en\/wp-json\/wp\/v2\/product_brand?post=8827"},{"taxonomy":"product_cat","embeddable":true,"href":"https:\/\/pwinecastes.com\/en\/wp-json\/wp\/v2\/product_cat?post=8827"},{"taxonomy":"product_tag","embeddable":true,"href":"https:\/\/pwinecastes.com\/en\/wp-json\/wp\/v2\/product_tag?post=8827"}],"curies":[{"name":"wp","href":"https:\/\/api.w.org\/{rel}","templated":true}]}}