{"id":8911,"date":"2024-05-14T10:03:23","date_gmt":"2024-05-14T10:03:23","guid":{"rendered":"https:\/\/luxuryinportugal.com\/pwinecastes\/product\/barros-harvest-1996\/"},"modified":"2024-05-14T10:03:23","modified_gmt":"2024-05-14T10:03:23","slug":"barros-harvest-1996","status":"publish","type":"product","link":"https:\/\/pwinecastes.com\/en\/product\/barros-harvest-1996\/","title":{"rendered":"Barros Harvest 1996"},"content":{"rendered":"<p>Vinho do Porto Barros Colheita 1996<\/p>\n<ul>\n<li><strong>Region: <\/strong>Portugal<\/li>\n<li><strong>Capacity:<\/strong> 75cL<\/li>\n<li><strong>Teor Alco\u00f3lico: <\/strong>20%Vol.<\/li>\n<li><strong>Notas de prova:<\/strong> Considerados os grandes n\u00e9ctares da casa Barros, os Colheitas distinguem-se pela exuber\u00e2ncia arom\u00e1tica marcada pela for\u00e7a dos frutos secos e especiarias. In the mouth, the silky texture and elegance stand out.<\/li>\n<li><strong>Pairing: <\/strong>desserts.<\/li>\n<li><strong>Other information:<\/strong> Contains sulphites.<\/li>\n<\/ul>\n","protected":false},"excerpt":{"rendered":"<p>Vinho do Porto Barros Colheita 1996 Region: Portugal Capacity: 75cL Teor Alco\u00f3lico: 20%Vol. Notas de prova: Considerados os grandes n\u00e9ctares da casa Barros, os Colheitas distinguem-se pela exuber\u00e2ncia arom\u00e1tica marcada pela for\u00e7a dos frutos secos e especiarias. In the mouth, the silky texture and elegance stand out. Pairing: desserts. Other information: Contains sulphites.<\/p>\n","protected":false},"featured_media":11091,"template":"","meta":{"_monsterinsights_skip_tracking":false,"_monsterinsights_sitenote_active":false,"_monsterinsights_sitenote_note":"","_monsterinsights_sitenote_category":0},"product_brand":[],"product_cat":[148,353,178,165],"product_tag":[],"class_list":{"0":"post-8911","1":"product","2":"type-product","3":"status-publish","4":"has-post-thumbnail","6":"product_cat-country-en","7":"product_cat-dated","8":"product_cat-port","9":"product_cat-portugal-en-2","11":"first","12":"outofstock","13":"taxable","14":"shipping-taxable","15":"purchasable","16":"product-type-simple"},"aioseo_notices":[],"_links":{"self":[{"href":"https:\/\/pwinecastes.com\/en\/wp-json\/wp\/v2\/product\/8911","targetHints":{"allow":["GET"]}}],"collection":[{"href":"https:\/\/pwinecastes.com\/en\/wp-json\/wp\/v2\/product"}],"about":[{"href":"https:\/\/pwinecastes.com\/en\/wp-json\/wp\/v2\/types\/product"}],"version-history":[{"count":0,"href":"https:\/\/pwinecastes.com\/en\/wp-json\/wp\/v2\/product\/8911\/revisions"}],"wp:featuredmedia":[{"embeddable":true,"href":"https:\/\/pwinecastes.com\/en\/wp-json\/wp\/v2\/media\/11091"}],"wp:attachment":[{"href":"https:\/\/pwinecastes.com\/en\/wp-json\/wp\/v2\/media?parent=8911"}],"wp:term":[{"taxonomy":"product_brand","embeddable":true,"href":"https:\/\/pwinecastes.com\/en\/wp-json\/wp\/v2\/product_brand?post=8911"},{"taxonomy":"product_cat","embeddable":true,"href":"https:\/\/pwinecastes.com\/en\/wp-json\/wp\/v2\/product_cat?post=8911"},{"taxonomy":"product_tag","embeddable":true,"href":"https:\/\/pwinecastes.com\/en\/wp-json\/wp\/v2\/product_tag?post=8911"}],"curies":[{"name":"wp","href":"https:\/\/api.w.org\/{rel}","templated":true}]}}