{"id":9005,"date":"2024-05-15T17:09:09","date_gmt":"2024-05-15T17:09:09","guid":{"rendered":"https:\/\/luxuryinportugal.com\/pwinecastes\/product\/conceito-by-barbeito\/"},"modified":"2024-05-20T09:45:18","modified_gmt":"2024-05-20T09:45:18","slug":"conceito-by-barbeito","status":"publish","type":"product","link":"https:\/\/pwinecastes.com\/en\/product\/conceito-by-barbeito\/","title":{"rendered":"Conceito by Barbeito"},"content":{"rendered":"<p>Conceito Port Wine by Barbeito White<\/p>\n<ul>\n<li><strong>Region: <\/strong>Douro<\/li>\n<li><strong>Capacity:<\/strong> 50cl.<\/li>\n<li><strong>Grape varieties: <\/strong>Rabigato, C\u00f3dega, C\u00f3dega do Larinho, Gouveio, Donzelinho Branco, Arinto, Folgaz\u00e3o, Boal.<\/li>\n<li><strong>Alcohol content: <\/strong>19% Vol.<\/li>\n<li><strong>Tasting notes: <\/strong>It is fragrant, opulent, rich, seductive and so fresh. It&#8217;s full of fresh fruit and has a lot of concentration balanced by wonderful acidity.<\/li>\n<li><strong>Other information:<\/strong> Contains sulphites.<\/li>\n<\/ul>\n","protected":false},"excerpt":{"rendered":"<p>Conceito Port Wine by Barbeito White Region: Douro Capacity: 50cl. Grape varieties: Rabigato, C\u00f3dega, C\u00f3dega do Larinho, Gouveio, Donzelinho Branco, Arinto, Folgaz\u00e3o, Boal. Alcohol content: 19% Vol. Tasting notes: It is fragrant, opulent, rich, seductive and so fresh. It&#8217;s full of fresh fruit and has a lot of concentration balanced by wonderful acidity. Other information: [&hellip;]<\/p>\n","protected":false},"featured_media":11358,"template":"","meta":{"_monsterinsights_skip_tracking":false,"_monsterinsights_sitenote_active":false,"_monsterinsights_sitenote_note":"","_monsterinsights_sitenote_category":0},"product_brand":[],"product_cat":[148,178,165,358],"product_tag":[],"class_list":{"0":"post-9005","1":"product","2":"type-product","3":"status-publish","4":"has-post-thumbnail","6":"product_cat-country-en","7":"product_cat-port","8":"product_cat-portugal-en-2","9":"product_cat-white-en-8","11":"first","12":"instock","13":"taxable","14":"shipping-taxable","15":"purchasable","16":"product-type-simple"},"aioseo_notices":[],"_links":{"self":[{"href":"https:\/\/pwinecastes.com\/en\/wp-json\/wp\/v2\/product\/9005","targetHints":{"allow":["GET"]}}],"collection":[{"href":"https:\/\/pwinecastes.com\/en\/wp-json\/wp\/v2\/product"}],"about":[{"href":"https:\/\/pwinecastes.com\/en\/wp-json\/wp\/v2\/types\/product"}],"version-history":[{"count":0,"href":"https:\/\/pwinecastes.com\/en\/wp-json\/wp\/v2\/product\/9005\/revisions"}],"wp:featuredmedia":[{"embeddable":true,"href":"https:\/\/pwinecastes.com\/en\/wp-json\/wp\/v2\/media\/11358"}],"wp:attachment":[{"href":"https:\/\/pwinecastes.com\/en\/wp-json\/wp\/v2\/media?parent=9005"}],"wp:term":[{"taxonomy":"product_brand","embeddable":true,"href":"https:\/\/pwinecastes.com\/en\/wp-json\/wp\/v2\/product_brand?post=9005"},{"taxonomy":"product_cat","embeddable":true,"href":"https:\/\/pwinecastes.com\/en\/wp-json\/wp\/v2\/product_cat?post=9005"},{"taxonomy":"product_tag","embeddable":true,"href":"https:\/\/pwinecastes.com\/en\/wp-json\/wp\/v2\/product_tag?post=9005"}],"curies":[{"name":"wp","href":"https:\/\/api.w.org\/{rel}","templated":true}]}}