{"id":6760,"date":"2024-03-20T11:44:42","date_gmt":"2024-03-20T11:44:42","guid":{"rendered":"https:\/\/luxuryinportugal.com\/pwinecastes\/devuelve\/"},"modified":"2024-04-23T13:35:27","modified_gmt":"2024-04-23T13:35:27","slug":"devuelve","status":"publish","type":"page","link":"https:\/\/pwinecastes.com\/es\/devuelve\/","title":{"rendered":"Devuelve"},"content":{"rendered":"\n<p>1. Devoluci\u00f3n de productos defectuosos:<\/p>\n\n<p>El cliente tiene derecho a un reembolso si los productos suministrados resultan defectuosos o no se ajustan a los art\u00edculos pedidos. Las devoluciones pueden realizarse en un plazo de 30 d\u00edas a partir de la notificaci\u00f3n del defecto u otra no conformidad de los productos pedidos. Analizaremos el producto devuelto y te informaremos de tu derecho al reembolso (si procede). Por regla general, efectuamos los reembolsos en un plazo de 30 d\u00edas a partir de la fecha de confirmaci\u00f3n por correo electr\u00f3nico del derecho al reembolso.<\/p>\n\n<p>Si se confirma que el defecto o la falta de conformidad es el motivo de la devoluci\u00f3n, se reembolsar\u00e1 el importe \u00edntegro abonado.<\/p>\n\n<p>El importe pagado se reembolsar\u00e1 utilizando el mismo m\u00e9todo de pago utilizado para la compra.<\/p>\n\n<p>2. Devoluci\u00f3n por anulaci\u00f3n:<\/p>\n\n<p>Si el cliente no est\u00e1 satisfecho con los productos suministrados, puede devolverlos en un plazo de 30 d\u00edas naturales a partir de su recepci\u00f3n. Sin embargo, el derecho a devoluci\u00f3n s\u00f3lo se aplica si los productos..:<\/p>\n\n<p>&#8211; Conservan sus caracter\u00edsticas originales y el embalaje no est\u00e1 da\u00f1ado (no se considerar\u00e1 da\u00f1ado un embalaje cuidadosamente abierto);<\/p>\n\n<p>&#8211; S\u00e9 completo;<\/p>\n\n<p>&#8211; No han sido manipulados;<\/p>\n\n<p>&#8211; Un defecto de fabricaci\u00f3n justificado.<\/p>\n\n<p>3. Devoluci\u00f3n de regalos:<\/p>\n\n<p>La devoluci\u00f3n de un producto ofrecido debe hacerla la persona que lo ofreci\u00f3\/compr\u00f3. En este caso, debes ponerte en contacto con la persona que lo compr\u00f3 para que te lo devuelva, de acuerdo con las condiciones de devoluci\u00f3n, por defectos, no conformidad o desistimiento.<\/p>\n","protected":false},"excerpt":{"rendered":"<p>1. Devoluci\u00f3n de productos defectuosos: El cliente tiene derecho a un reembolso si los productos suministrados resultan defectuosos o no se ajustan a los art\u00edculos pedidos. Las devoluciones pueden realizarse en un plazo de 30 d\u00edas a partir de la notificaci\u00f3n del defecto u otra no conformidad de los productos pedidos. Analizaremos el producto devuelto [&hellip;]<\/p>\n","protected":false},"author":597,"featured_media":0,"parent":0,"menu_order":0,"comment_status":"closed","ping_status":"open","template":"","meta":{"_monsterinsights_skip_tracking":false,"_monsterinsights_sitenote_active":false,"_monsterinsights_sitenote_note":"","_monsterinsights_sitenote_category":0,"footnotes":""},"class_list":["post-6760","page","type-page","status-publish","hentry"],"aioseo_notices":[],"_links":{"self":[{"href":"https:\/\/pwinecastes.com\/es\/wp-json\/wp\/v2\/pages\/6760","targetHints":{"allow":["GET"]}}],"collection":[{"href":"https:\/\/pwinecastes.com\/es\/wp-json\/wp\/v2\/pages"}],"about":[{"href":"https:\/\/pwinecastes.com\/es\/wp-json\/wp\/v2\/types\/page"}],"author":[{"embeddable":true,"href":"https:\/\/pwinecastes.com\/es\/wp-json\/wp\/v2\/users\/597"}],"replies":[{"embeddable":true,"href":"https:\/\/pwinecastes.com\/es\/wp-json\/wp\/v2\/comments?post=6760"}],"version-history":[{"count":0,"href":"https:\/\/pwinecastes.com\/es\/wp-json\/wp\/v2\/pages\/6760\/revisions"}],"wp:attachment":[{"href":"https:\/\/pwinecastes.com\/es\/wp-json\/wp\/v2\/media?parent=6760"}],"curies":[{"name":"wp","href":"https:\/\/api.w.org\/{rel}","templated":true}]}}