{"id":10421,"date":"2024-05-21T15:31:10","date_gmt":"2024-05-21T15:31:10","guid":{"rendered":"https:\/\/luxuryinportugal.com\/pwinecastes\/product\/champagne-ruinart-blanc-de-blancs\/"},"modified":"2024-05-25T14:13:22","modified_gmt":"2024-05-25T14:13:22","slug":"champagne-ruinart-blanc-de-blancs","status":"publish","type":"product","link":"https:\/\/pwinecastes.com\/es\/product\/champagne-ruinart-blanc-de-blancs\/","title":{"rendered":"Champagne Ruinart Blanc de Blancs"},"content":{"rendered":"<p>Champagne Ruinart Blanc de Blancs<\/p>\n<ul>\n<li><strong>Regi\u00f3n:<\/strong> Champa\u00f1a, Francia.<\/li>\n<li><strong>Capacidad:<\/strong> 75 cL<\/li>\n<li><strong>Cepas: <\/strong>100% Chardonnay.<\/li>\n<li><strong>Graduaci\u00f3n alcoh\u00f3lica: <\/strong>12,5% vol.<\/li>\n<li><strong>Notas de cata:<\/strong> Color amarillo dorado p\u00e1lido con suaves reflejos verdosos, un color vibrante y luminoso. Efervescencia activa y liberaci\u00f3n persistente. Un segundo aroma muy fino y floral, con notas de flores blancas y frutas blancas (melocot\u00f3n blanco, pi\u00f1a). Entrada suave, armoniosa y muy redonda.<\/li>\n<li><strong>Armonizaci\u00f3n:<\/strong> Marida con mariscos, crust\u00e1ceos y moluscos, la dorada es perfecta.<\/li>\n<li><strong>Otros datos:<\/strong> Contiene sulfitos.<\/li>\n<\/ul>\n","protected":false},"excerpt":{"rendered":"<p>Champagne Ruinart Blanc de Blancs Regi\u00f3n: Champa\u00f1a, Francia. Capacidad: 75 cL Cepas: 100% Chardonnay. Graduaci\u00f3n alcoh\u00f3lica: 12,5% vol. Notas de cata: Color amarillo dorado p\u00e1lido con suaves reflejos verdosos, un color vibrante y luminoso. Efervescencia activa y liberaci\u00f3n persistente. Un segundo aroma muy fino y floral, con notas de flores blancas y frutas blancas (melocot\u00f3n [&hellip;]<\/p>\n","protected":false},"featured_media":10410,"template":"","meta":{"_monsterinsights_skip_tracking":false,"_monsterinsights_sitenote_active":false,"_monsterinsights_sitenote_note":"","_monsterinsights_sitenote_category":0},"product_brand":[],"product_cat":[182,185],"product_tag":[],"class_list":{"0":"post-10421","1":"product","2":"type-product","3":"status-publish","4":"has-post-thumbnail","6":"product_cat-champagne-espumoso","7":"product_cat-francia","9":"first","10":"instock","11":"taxable","12":"shipping-taxable","13":"purchasable","14":"product-type-simple"},"aioseo_notices":[],"_links":{"self":[{"href":"https:\/\/pwinecastes.com\/es\/wp-json\/wp\/v2\/product\/10421","targetHints":{"allow":["GET"]}}],"collection":[{"href":"https:\/\/pwinecastes.com\/es\/wp-json\/wp\/v2\/product"}],"about":[{"href":"https:\/\/pwinecastes.com\/es\/wp-json\/wp\/v2\/types\/product"}],"version-history":[{"count":0,"href":"https:\/\/pwinecastes.com\/es\/wp-json\/wp\/v2\/product\/10421\/revisions"}],"wp:featuredmedia":[{"embeddable":true,"href":"https:\/\/pwinecastes.com\/es\/wp-json\/wp\/v2\/media\/10410"}],"wp:attachment":[{"href":"https:\/\/pwinecastes.com\/es\/wp-json\/wp\/v2\/media?parent=10421"}],"wp:term":[{"taxonomy":"product_brand","embeddable":true,"href":"https:\/\/pwinecastes.com\/es\/wp-json\/wp\/v2\/product_brand?post=10421"},{"taxonomy":"product_cat","embeddable":true,"href":"https:\/\/pwinecastes.com\/es\/wp-json\/wp\/v2\/product_cat?post=10421"},{"taxonomy":"product_tag","embeddable":true,"href":"https:\/\/pwinecastes.com\/es\/wp-json\/wp\/v2\/product_tag?post=10421"}],"curies":[{"name":"wp","href":"https:\/\/api.w.org\/{rel}","templated":true}]}}