{"id":11378,"date":"2024-05-23T16:47:38","date_gmt":"2024-05-23T16:47:38","guid":{"rendered":"https:\/\/luxuryinportugal.com\/pwinecastes\/product\/dows-vintage-2011\/"},"modified":"2024-05-25T14:12:27","modified_gmt":"2024-05-25T14:12:27","slug":"dows-vintage-2011","status":"publish","type":"product","link":"https:\/\/pwinecastes.com\/es\/product\/dows-vintage-2011\/","title":{"rendered":"Dow&#8217;s Vintage 2011"},"content":{"rendered":"<p>Vino de Oporto Dow&#8217;s Vintage 2011<\/p>\n<ul>\n<li><strong>Regi\u00f3n:<\/strong> Douro, Portugal.<\/li>\n<li><strong>Capacidad:<\/strong> 75 cL<\/li>\n<li><strong>Graduaci\u00f3n alcoh\u00f3lica: <\/strong>20%Vol.<\/li>\n<li><strong>Nota de cata:<\/strong> Un Oporto extremadamente potente y refinado, con sabores combinados de ciruela y cereza que le confieren un cuerpo extremadamente denso.<\/li>\n<li><strong>Armonizaci\u00f3n: <\/strong>Perfecto con postres.<\/li>\n<li><strong>Otros datos:<\/strong> Contiene sulfitos.<\/li>\n<\/ul>\n","protected":false},"excerpt":{"rendered":"<p>Vino de Oporto Dow&#8217;s Vintage 2011 Regi\u00f3n: Douro, Portugal. Capacidad: 75 cL Graduaci\u00f3n alcoh\u00f3lica: 20%Vol. Nota de cata: Un Oporto extremadamente potente y refinado, con sabores combinados de ciruela y cereza que le confieren un cuerpo extremadamente denso. Armonizaci\u00f3n: Perfecto con postres. Otros datos: Contiene sulfitos.<\/p>\n","protected":false},"featured_media":11442,"template":"","meta":{"_monsterinsights_skip_tracking":false,"_monsterinsights_sitenote_active":false,"_monsterinsights_sitenote_note":"","_monsterinsights_sitenote_category":0},"product_brand":[],"product_cat":[225,209,212,360],"product_tag":[],"class_list":{"0":"post-11378","1":"product","2":"type-product","3":"status-publish","4":"has-post-thumbnail","6":"product_cat-oporto","7":"product_cat-pais-es-2","8":"product_cat-portugal-es-2","9":"product_cat-vintage-es","11":"first","12":"instock","13":"taxable","14":"shipping-taxable","15":"purchasable","16":"product-type-simple"},"aioseo_notices":[],"_links":{"self":[{"href":"https:\/\/pwinecastes.com\/es\/wp-json\/wp\/v2\/product\/11378","targetHints":{"allow":["GET"]}}],"collection":[{"href":"https:\/\/pwinecastes.com\/es\/wp-json\/wp\/v2\/product"}],"about":[{"href":"https:\/\/pwinecastes.com\/es\/wp-json\/wp\/v2\/types\/product"}],"version-history":[{"count":0,"href":"https:\/\/pwinecastes.com\/es\/wp-json\/wp\/v2\/product\/11378\/revisions"}],"wp:featuredmedia":[{"embeddable":true,"href":"https:\/\/pwinecastes.com\/es\/wp-json\/wp\/v2\/media\/11442"}],"wp:attachment":[{"href":"https:\/\/pwinecastes.com\/es\/wp-json\/wp\/v2\/media?parent=11378"}],"wp:term":[{"taxonomy":"product_brand","embeddable":true,"href":"https:\/\/pwinecastes.com\/es\/wp-json\/wp\/v2\/product_brand?post=11378"},{"taxonomy":"product_cat","embeddable":true,"href":"https:\/\/pwinecastes.com\/es\/wp-json\/wp\/v2\/product_cat?post=11378"},{"taxonomy":"product_tag","embeddable":true,"href":"https:\/\/pwinecastes.com\/es\/wp-json\/wp\/v2\/product_tag?post=11378"}],"curies":[{"name":"wp","href":"https:\/\/api.w.org\/{rel}","templated":true}]}}