{"id":11387,"date":"2024-05-24T09:40:07","date_gmt":"2024-05-24T09:40:07","guid":{"rendered":"https:\/\/luxuryinportugal.com\/pwinecastes\/product\/cosecha-de-dow-2016\/"},"modified":"2024-05-27T15:28:59","modified_gmt":"2024-05-27T15:28:59","slug":"cosecha-de-dow-2016","status":"publish","type":"product","link":"https:\/\/pwinecastes.com\/es\/product\/cosecha-de-dow-2016\/","title":{"rendered":"Cosecha de Dow 2016"},"content":{"rendered":"<p>Oporto Vintage Dow&#8217;s 2016<\/p>\n<ul>\n<li><strong>Regi\u00f3n: <\/strong>Douro, Portugal<\/li>\n<li><strong>Capacidad:<\/strong> 75 cL<\/li>\n<li><strong>Graduaci\u00f3n alcoh\u00f3lica: <\/strong>20%Vol.<\/li>\n<li><strong>Nota de cata:<\/strong> T\u00edpicamente Dow&#8217;s en profundidad arom\u00e1tica, con un toque de ciruela negra y polvo de esquisto con toques de romero y violetas. Voluminoso en el paladar. Un vino bien entonado con una estructura impresionante.<\/li>\n<li><strong>Armonizaci\u00f3n: <\/strong>Postres.<\/li>\n<li><strong>Otros datos:<\/strong> Contiene sulfitos.<\/li>\n<\/ul>\n","protected":false},"excerpt":{"rendered":"<p>Oporto Vintage Dow&#8217;s 2016 Regi\u00f3n: Douro, Portugal Capacidad: 75 cL Graduaci\u00f3n alcoh\u00f3lica: 20%Vol. Nota de cata: T\u00edpicamente Dow&#8217;s en profundidad arom\u00e1tica, con un toque de ciruela negra y polvo de esquisto con toques de romero y violetas. Voluminoso en el paladar. Un vino bien entonado con una estructura impresionante. Armonizaci\u00f3n: Postres. Otros datos: Contiene sulfitos.<\/p>\n","protected":false},"featured_media":11458,"template":"","meta":{"_monsterinsights_skip_tracking":false,"_monsterinsights_sitenote_active":false,"_monsterinsights_sitenote_note":"","_monsterinsights_sitenote_category":0},"product_brand":[],"product_cat":[397,225,209,212,360],"product_tag":[],"class_list":{"0":"post-11387","1":"product","2":"type-product","3":"status-publish","4":"has-post-thumbnail","6":"product_cat-destaque-es","7":"product_cat-oporto","8":"product_cat-pais-es-2","9":"product_cat-portugal-es-2","10":"product_cat-vintage-es","12":"first","13":"instock","14":"taxable","15":"shipping-taxable","16":"purchasable","17":"product-type-simple"},"aioseo_notices":[],"_links":{"self":[{"href":"https:\/\/pwinecastes.com\/es\/wp-json\/wp\/v2\/product\/11387","targetHints":{"allow":["GET"]}}],"collection":[{"href":"https:\/\/pwinecastes.com\/es\/wp-json\/wp\/v2\/product"}],"about":[{"href":"https:\/\/pwinecastes.com\/es\/wp-json\/wp\/v2\/types\/product"}],"version-history":[{"count":0,"href":"https:\/\/pwinecastes.com\/es\/wp-json\/wp\/v2\/product\/11387\/revisions"}],"wp:featuredmedia":[{"embeddable":true,"href":"https:\/\/pwinecastes.com\/es\/wp-json\/wp\/v2\/media\/11458"}],"wp:attachment":[{"href":"https:\/\/pwinecastes.com\/es\/wp-json\/wp\/v2\/media?parent=11387"}],"wp:term":[{"taxonomy":"product_brand","embeddable":true,"href":"https:\/\/pwinecastes.com\/es\/wp-json\/wp\/v2\/product_brand?post=11387"},{"taxonomy":"product_cat","embeddable":true,"href":"https:\/\/pwinecastes.com\/es\/wp-json\/wp\/v2\/product_cat?post=11387"},{"taxonomy":"product_tag","embeddable":true,"href":"https:\/\/pwinecastes.com\/es\/wp-json\/wp\/v2\/product_tag?post=11387"}],"curies":[{"name":"wp","href":"https:\/\/api.w.org\/{rel}","templated":true}]}}