{"id":11392,"date":"2024-05-24T10:26:02","date_gmt":"2024-05-24T10:26:02","guid":{"rendered":"https:\/\/luxuryinportugal.com\/pwinecastes\/product\/fonseca-guimaraens-vintage-2015\/"},"modified":"2024-05-25T14:04:50","modified_gmt":"2024-05-25T14:04:50","slug":"fonseca-guimaraens-vintage-2015","status":"publish","type":"product","link":"https:\/\/pwinecastes.com\/es\/product\/fonseca-guimaraens-vintage-2015\/","title":{"rendered":"Fonseca Guimaraens Vintage 2015"},"content":{"rendered":"<p>Oporto Fonseca Guimaraens Vintage 2015<\/p>\n<ul>\n<li><strong>Regi\u00f3n: <\/strong>Douro, Portugal.<\/li>\n<li><strong>Capacidad:<\/strong> 75 cL<\/li>\n<li><strong>Graduaci\u00f3n alcoh\u00f3lica: <\/strong>20% vol.<\/li>\n<li><strong>Nota de cata: <\/strong>Color p\u00farpura opaco, casi negro, con un halo p\u00farpura muy estrecho. Nariz cl\u00e1sica de Fonseca, con un aroma intenso, casi embriagador, de bayas silvestres. El afrutado es potente, pero al mismo tiempo muy fino y complejo. Los aromas densos de la mora y el cassis son las notas de fondo de los perfumes mentolados y bals\u00e1micos de las hierbas arom\u00e1ticas y el car\u00e1cter resinoso del cistus. Las discretas notas de madera ex\u00f3tica, regaliz y pimienta negra a\u00f1aden una dimensi\u00f3n extra de complejidad. El paladar se construye en torno a un n\u00facleo denso de fruta negra y los taninos, con su tejido denso y apretado, aportan estructura y volumen. Los aromas de frambuesa y ciruela aportan frescor y ligereza al final largo y exuberante. La a\u00f1ada 2015, a\u00f1o del bicentenario de Fonseca, produjo un Guimaraens Vintage excepcional, expresivo y accesible, pero con el vigor necesario para garantizar una larga vida en bodega.<\/li>\n<li><strong>Otros datos:<\/strong> Contiene sulfitos.<\/li>\n<\/ul>\n<p>&nbsp;<\/p>\n","protected":false},"excerpt":{"rendered":"<p>Oporto Fonseca Guimaraens Vintage 2015 Regi\u00f3n: Douro, Portugal. Capacidad: 75 cL Graduaci\u00f3n alcoh\u00f3lica: 20% vol. Nota de cata: Color p\u00farpura opaco, casi negro, con un halo p\u00farpura muy estrecho. Nariz cl\u00e1sica de Fonseca, con un aroma intenso, casi embriagador, de bayas silvestres. El afrutado es potente, pero al mismo tiempo muy fino y complejo. Los [&hellip;]<\/p>\n","protected":false},"featured_media":11617,"template":"","meta":{"_monsterinsights_skip_tracking":false,"_monsterinsights_sitenote_active":false,"_monsterinsights_sitenote_note":"","_monsterinsights_sitenote_category":0},"product_brand":[],"product_cat":[225,209,212,360],"product_tag":[],"class_list":{"0":"post-11392","1":"product","2":"type-product","3":"status-publish","4":"has-post-thumbnail","6":"product_cat-oporto","7":"product_cat-pais-es-2","8":"product_cat-portugal-es-2","9":"product_cat-vintage-es","11":"first","12":"instock","13":"taxable","14":"shipping-taxable","15":"purchasable","16":"product-type-simple"},"aioseo_notices":[],"_links":{"self":[{"href":"https:\/\/pwinecastes.com\/es\/wp-json\/wp\/v2\/product\/11392","targetHints":{"allow":["GET"]}}],"collection":[{"href":"https:\/\/pwinecastes.com\/es\/wp-json\/wp\/v2\/product"}],"about":[{"href":"https:\/\/pwinecastes.com\/es\/wp-json\/wp\/v2\/types\/product"}],"version-history":[{"count":0,"href":"https:\/\/pwinecastes.com\/es\/wp-json\/wp\/v2\/product\/11392\/revisions"}],"wp:featuredmedia":[{"embeddable":true,"href":"https:\/\/pwinecastes.com\/es\/wp-json\/wp\/v2\/media\/11617"}],"wp:attachment":[{"href":"https:\/\/pwinecastes.com\/es\/wp-json\/wp\/v2\/media?parent=11392"}],"wp:term":[{"taxonomy":"product_brand","embeddable":true,"href":"https:\/\/pwinecastes.com\/es\/wp-json\/wp\/v2\/product_brand?post=11392"},{"taxonomy":"product_cat","embeddable":true,"href":"https:\/\/pwinecastes.com\/es\/wp-json\/wp\/v2\/product_cat?post=11392"},{"taxonomy":"product_tag","embeddable":true,"href":"https:\/\/pwinecastes.com\/es\/wp-json\/wp\/v2\/product_tag?post=11392"}],"curies":[{"name":"wp","href":"https:\/\/api.w.org\/{rel}","templated":true}]}}