{"id":12254,"date":"2024-05-27T16:24:27","date_gmt":"2024-05-27T16:24:27","guid":{"rendered":"https:\/\/luxuryinportugal.com\/pwinecastes\/product\/beefeater-burrough-reserve\/"},"modified":"2024-05-27T16:24:27","modified_gmt":"2024-05-27T16:24:27","slug":"beefeater-burrough-reserve","status":"publish","type":"product","link":"https:\/\/pwinecastes.com\/es\/product\/beefeater-burrough-reserve\/","title":{"rendered":"Beefeater Burrough Reserve"},"content":{"rendered":"<p>Ginebra Beefeater Burrough Reserve<\/p>\n<ul>\n<li><strong>Regi\u00f3n:<\/strong> Londres<\/li>\n<li><strong>Capacidad:<\/strong> 70 cL<\/li>\n<li><strong>Graduaci\u00f3n alcoh\u00f3lica: <\/strong>43% vol.<\/li>\n<li><strong>Nota de cata: <\/strong>Aroma de roble suave y especiado, equilibrado por sabores dulces y frescos de enebro y c\u00edtricos. Las ricas especias de plomo y enebro se desarrollan en las notas m\u00e1s suaves del roble y muestran un toque de frutos secos y regaliz al final.<\/li>\n<li><strong>Otros datos:<\/strong> Contiene sulfitos.<\/li>\n<\/ul>\n","protected":false},"excerpt":{"rendered":"<p>Ginebra Beefeater Burrough Reserve Regi\u00f3n: Londres Capacidad: 70 cL Graduaci\u00f3n alcoh\u00f3lica: 43% vol. Nota de cata: Aroma de roble suave y especiado, equilibrado por sabores dulces y frescos de enebro y c\u00edtricos. Las ricas especias de plomo y enebro se desarrollan en las notas m\u00e1s suaves del roble y muestran un toque de frutos secos [&hellip;]<\/p>\n","protected":false},"featured_media":12274,"template":"","meta":{"_monsterinsights_skip_tracking":false,"_monsterinsights_sitenote_active":false,"_monsterinsights_sitenote_note":"","_monsterinsights_sitenote_category":0},"product_brand":[],"product_cat":[187,190,188],"product_tag":[],"class_list":{"0":"post-12254","1":"product","2":"type-product","3":"status-publish","4":"has-post-thumbnail","6":"product_cat-destilados","7":"product_cat-gin-es","8":"product_cat-tipo-es","10":"first","11":"instock","12":"taxable","13":"shipping-taxable","14":"purchasable","15":"product-type-simple"},"aioseo_notices":[],"_links":{"self":[{"href":"https:\/\/pwinecastes.com\/es\/wp-json\/wp\/v2\/product\/12254","targetHints":{"allow":["GET"]}}],"collection":[{"href":"https:\/\/pwinecastes.com\/es\/wp-json\/wp\/v2\/product"}],"about":[{"href":"https:\/\/pwinecastes.com\/es\/wp-json\/wp\/v2\/types\/product"}],"version-history":[{"count":0,"href":"https:\/\/pwinecastes.com\/es\/wp-json\/wp\/v2\/product\/12254\/revisions"}],"wp:featuredmedia":[{"embeddable":true,"href":"https:\/\/pwinecastes.com\/es\/wp-json\/wp\/v2\/media\/12274"}],"wp:attachment":[{"href":"https:\/\/pwinecastes.com\/es\/wp-json\/wp\/v2\/media?parent=12254"}],"wp:term":[{"taxonomy":"product_brand","embeddable":true,"href":"https:\/\/pwinecastes.com\/es\/wp-json\/wp\/v2\/product_brand?post=12254"},{"taxonomy":"product_cat","embeddable":true,"href":"https:\/\/pwinecastes.com\/es\/wp-json\/wp\/v2\/product_cat?post=12254"},{"taxonomy":"product_tag","embeddable":true,"href":"https:\/\/pwinecastes.com\/es\/wp-json\/wp\/v2\/product_tag?post=12254"}],"curies":[{"name":"wp","href":"https:\/\/api.w.org\/{rel}","templated":true}]}}