{"id":12396,"date":"2024-05-28T17:25:16","date_gmt":"2024-05-28T17:25:16","guid":{"rendered":"https:\/\/luxuryinportugal.com\/pwinecastes\/product\/mombasa\/"},"modified":"2024-05-28T17:25:16","modified_gmt":"2024-05-28T17:25:16","slug":"mombasa","status":"publish","type":"product","link":"https:\/\/pwinecastes.com\/es\/product\/mombasa\/","title":{"rendered":"Mombasa"},"content":{"rendered":"<p>Ginebra Mombasa<\/p>\n<ul>\n<li><strong>Regi\u00f3n: <\/strong>Inglaterra<\/li>\n<li><strong>Capacidad:<\/strong> 70 cL<\/li>\n<li><strong>Graduaci\u00f3n alcoh\u00f3lica: <\/strong>41,5% vol.<\/li>\n<li><strong>Notas de cata: <\/strong>La ginebra Mombasa es limpia y brillante. Tambi\u00e9n hay notas bot\u00e1nicas como: ang\u00e9lica, corteza de casia, semilla de cilantro, aromas de clavo, comino y enebro de fondo. Esta mezcla de notas bot\u00e1nicas en boca produce un sabor elegante y fresco. Sabores notables a hierbas y c\u00edtricos.<\/li>\n<li><strong>Otros datos:<\/strong> Contiene sulfitos.<\/li>\n<\/ul>\n","protected":false},"excerpt":{"rendered":"<p>Ginebra Mombasa Regi\u00f3n: Inglaterra Capacidad: 70 cL Graduaci\u00f3n alcoh\u00f3lica: 41,5% vol. Notas de cata: La ginebra Mombasa es limpia y brillante. Tambi\u00e9n hay notas bot\u00e1nicas como: ang\u00e9lica, corteza de casia, semilla de cilantro, aromas de clavo, comino y enebro de fondo. Esta mezcla de notas bot\u00e1nicas en boca produce un sabor elegante y fresco. Sabores [&hellip;]<\/p>\n","protected":false},"featured_media":12486,"template":"","meta":{"_monsterinsights_skip_tracking":false,"_monsterinsights_sitenote_active":false,"_monsterinsights_sitenote_note":"","_monsterinsights_sitenote_category":0},"product_brand":[],"product_cat":[187,190,188],"product_tag":[],"class_list":{"0":"post-12396","1":"product","2":"type-product","3":"status-publish","4":"has-post-thumbnail","6":"product_cat-destilados","7":"product_cat-gin-es","8":"product_cat-tipo-es","10":"first","11":"instock","12":"taxable","13":"shipping-taxable","14":"purchasable","15":"product-type-simple"},"aioseo_notices":[],"_links":{"self":[{"href":"https:\/\/pwinecastes.com\/es\/wp-json\/wp\/v2\/product\/12396","targetHints":{"allow":["GET"]}}],"collection":[{"href":"https:\/\/pwinecastes.com\/es\/wp-json\/wp\/v2\/product"}],"about":[{"href":"https:\/\/pwinecastes.com\/es\/wp-json\/wp\/v2\/types\/product"}],"version-history":[{"count":0,"href":"https:\/\/pwinecastes.com\/es\/wp-json\/wp\/v2\/product\/12396\/revisions"}],"wp:featuredmedia":[{"embeddable":true,"href":"https:\/\/pwinecastes.com\/es\/wp-json\/wp\/v2\/media\/12486"}],"wp:attachment":[{"href":"https:\/\/pwinecastes.com\/es\/wp-json\/wp\/v2\/media?parent=12396"}],"wp:term":[{"taxonomy":"product_brand","embeddable":true,"href":"https:\/\/pwinecastes.com\/es\/wp-json\/wp\/v2\/product_brand?post=12396"},{"taxonomy":"product_cat","embeddable":true,"href":"https:\/\/pwinecastes.com\/es\/wp-json\/wp\/v2\/product_cat?post=12396"},{"taxonomy":"product_tag","embeddable":true,"href":"https:\/\/pwinecastes.com\/es\/wp-json\/wp\/v2\/product_tag?post=12396"}],"curies":[{"name":"wp","href":"https:\/\/api.w.org\/{rel}","templated":true}]}}