{"id":12507,"date":"2024-05-29T11:01:54","date_gmt":"2024-05-29T11:01:54","guid":{"rendered":"https:\/\/luxuryinportugal.com\/pwinecastes\/product\/bombones-de-chocolate-con-leche-emperador-avianense\/"},"modified":"2025-09-10T10:31:02","modified_gmt":"2025-09-10T10:31:02","slug":"bombones-de-chocolate-con-leche-emperador-avianense","status":"publish","type":"product","link":"https:\/\/pwinecastes.com\/es\/product\/bombones-de-chocolate-con-leche-emperador-avianense\/","title":{"rendered":"Bombones de chocolate con leche Emperador Aviar"},"content":{"rendered":"<p>Bombones de chocolate con leche Emperador Aviar<\/p>\n<p><strong>Cantidad neta:<\/strong> 40 g<br \/>\n<strong>Ingredientes:<\/strong> Az\u00facar, leche, manteca de cacao, pasta de cacao, suero de leche, emulgente (lecitina de soja), aroma natural de vainilla; Relleno: almendras enteras tostadas. Cacao: 30% m\u00edn.<\/p>\n<p><strong>Al\u00e9rgenos:<\/strong> Puede contener trazas de frutos de c\u00e1scara.<\/p>\n<p><strong>Informaci\u00f3n nutricional<\/strong> <strong>por 100 g:<\/strong> Energ\u00eda: 2410 kJ \/ 577 kcal; L\u00edpidos: 38 g, de los cuales saturados: 17 g; Hidratos de carbono: 46 g, de los cuales az\u00facares: 43 g; Fibra: 4 g; Prote\u00ednas: 9 g; Sal: 0,2 g.<\/p>\n<p><strong>Conservaci\u00f3n:<\/strong> Gu\u00e1rdalo en un lugar fresco y seco.<\/p>\n<p><strong>Origen:<\/strong> Portugal<\/p>\n<p>Los productos alimenticios est\u00e1n sujetos a cambios constantes, de los que el consumidor debe ser siempre consciente, y Garrafeira e Mercearia Gourmet Portugal Wine Castes no se responsabiliza de las discrepancias y\/o cambios relacionados con la informaci\u00f3n de estos productos.<\/p>\n<div class=\"adn ads\" data-message-id=\"#msg-f:1800379337020756538\" data-legacy-message-id=\"18fc3b77dc13523a\">\n<div class=\"gs\">\n<div class=\"\">\n<div id=\":1zc\" class=\"ii gt\">\n<div id=\":1zd\" class=\"a3s aiL \">\n<div dir=\"ltr\">\n<p>A tal fin, te recomendamos que leas atentamente la informaci\u00f3n que figura en las etiquetas de los productos, es decir, la informaci\u00f3n nutricional, la lista de ingredientes, las recomendaciones de uso, preparaci\u00f3n y\/o conservaci\u00f3n, antes de utilizarlos o consumirlos.<\/p>\n<\/div>\n<\/div>\n<\/div>\n<\/div>\n<\/div>\n<\/div>\n","protected":false},"excerpt":{"rendered":"<p>Bombones de chocolate con leche Emperador Aviar Cantidad neta: 40 g Ingredientes: Az\u00facar, leche, manteca de cacao, pasta de cacao, suero de leche, emulgente (lecitina de soja), aroma natural de vainilla; Relleno: almendras enteras tostadas. Cacao: 30% m\u00edn. Al\u00e9rgenos: Puede contener trazas de frutos de c\u00e1scara. Informaci\u00f3n nutricional por 100 g: Energ\u00eda: 2410 kJ \/ [&hellip;]<\/p>\n","protected":false},"featured_media":18419,"template":"","meta":{"_monsterinsights_skip_tracking":false,"_monsterinsights_sitenote_active":false,"_monsterinsights_sitenote_note":"","_monsterinsights_sitenote_category":0},"product_brand":[],"product_cat":[420,415,409],"product_tag":[],"class_list":{"0":"post-12507","1":"product","2":"type-product","3":"status-publish","4":"has-post-thumbnail","6":"product_cat-chocolates-es-2","7":"product_cat-gourmet-es-2","8":"product_cat-otros","10":"first","11":"instock","12":"taxable","13":"shipping-taxable","14":"purchasable","15":"product-type-simple"},"aioseo_notices":[],"_links":{"self":[{"href":"https:\/\/pwinecastes.com\/es\/wp-json\/wp\/v2\/product\/12507","targetHints":{"allow":["GET"]}}],"collection":[{"href":"https:\/\/pwinecastes.com\/es\/wp-json\/wp\/v2\/product"}],"about":[{"href":"https:\/\/pwinecastes.com\/es\/wp-json\/wp\/v2\/types\/product"}],"version-history":[{"count":0,"href":"https:\/\/pwinecastes.com\/es\/wp-json\/wp\/v2\/product\/12507\/revisions"}],"wp:featuredmedia":[{"embeddable":true,"href":"https:\/\/pwinecastes.com\/es\/wp-json\/wp\/v2\/media\/18419"}],"wp:attachment":[{"href":"https:\/\/pwinecastes.com\/es\/wp-json\/wp\/v2\/media?parent=12507"}],"wp:term":[{"taxonomy":"product_brand","embeddable":true,"href":"https:\/\/pwinecastes.com\/es\/wp-json\/wp\/v2\/product_brand?post=12507"},{"taxonomy":"product_cat","embeddable":true,"href":"https:\/\/pwinecastes.com\/es\/wp-json\/wp\/v2\/product_cat?post=12507"},{"taxonomy":"product_tag","embeddable":true,"href":"https:\/\/pwinecastes.com\/es\/wp-json\/wp\/v2\/product_tag?post=12507"}],"curies":[{"name":"wp","href":"https:\/\/api.w.org\/{rel}","templated":true}]}}