{"id":12557,"date":"2024-05-29T13:55:12","date_gmt":"2024-05-29T13:55:12","guid":{"rendered":"https:\/\/luxuryinportugal.com\/pwinecastes\/product\/bombones-mi-dulce-corazon-chocolate-con-leche-y-almendras-regina\/"},"modified":"2024-05-29T14:02:55","modified_gmt":"2024-05-29T14:02:55","slug":"bombones-mi-dulce-corazon-chocolate-con-leche-y-almendras-regina","status":"publish","type":"product","link":"https:\/\/pwinecastes.com\/es\/product\/bombones-mi-dulce-corazon-chocolate-con-leche-y-almendras-regina\/","title":{"rendered":"Bombones Mi Dulce Coraz\u00f3n Chocolate con leche y almendras Regina"},"content":{"rendered":"<p>Bombones Mi Dulce Coraz\u00f3n Chocolate con leche y almendras Regina<\/p>\n<div class=\"bl-block ceeFvddc5ulS7df8\" data-bl-name=\"Ingredientes\" data-bl-id=\"csZOnp0lBWtn7S2N\" data-bl-index=\"0\" data-content-id=\"sm87Z8BXuCQ4hg2a\">\n<div class=\"bl-text cg7QVUrOmuianXl0 visible\" data-bl-name=\"Text\" data-bl-id=\"cGAAkMMvZhluPvyc\" data-bl-index=\"0\" data-content-id=\"sm87Z8BXuCQ4hg2a\">\n<p><strong>Peso neto:<\/strong> 50 g<\/p>\n<p><strong>Ingredientes: <\/strong>Az\u00facar, manteca de cacao, leche en polvo, pasta de cacao, almendras (7%), emulgente (lecitina de soja) y aroma. Cacao: 35% m\u00ednimo en el chocolate con leche. Pode conter vest\u00edgios de amendoins, outros frutos de casca rija e cereais que cont\u00eam gl\u00faten.<\/p>\n<\/div>\n<\/div>\n<div class=\"bl-block cBUkQFcfzJm9qjyu\" data-bl-name=\"Dec. Nutricional\" data-bl-id=\"cLLmaN11K7jND0FC\" data-bl-index=\"0\" data-content-id=\"sm87Z8BXuCQ4hg2a\">\n<div class=\"bl-block cMA68teAmZPNu4OV\" data-bl-name=\"Col\" data-bl-id=\"cUsRFetsu1h3kOKO\" data-bl-index=\"0\" data-content-id=\"sm87Z8BXuCQ4hg2a\">\n<div class=\"bl-text cg7QVUrOmuianXl0 visible\" data-bl-name=\"Text\" data-bl-id=\"c5u2nbyGirBLt8k1\" data-bl-index=\"0\" data-content-id=\"sm87Z8BXuCQ4hg2a\">\n<p><strong>Al\u00e9rgenos:<\/strong> Puede contener trazas de frutos de c\u00e1scara.<\/p>\n<p><strong>Informaci\u00f3n nutricional<\/strong> <strong>por 100 g:<\/strong> Energ\u00eda:<\/p>\n<p><strong>Informaci\u00f3n nutricional<\/strong> <strong>por 100 g:<\/strong> Energ\u00eda: 2249 kJ \/ 538 kcal; L\u00edpidos: 30 g, de los cuales saturados: 19 g; Hidratos de carbono: 60 g, de los cuales az\u00facares: 59 g; Fibra: 3,2 g; Prote\u00ednas: 5,6 g; Sal: 0,12 g.<\/p>\n<p><strong>Conservaci\u00f3n:<\/strong> Gu\u00e1rdalo en un lugar fresco y seco.<\/p>\n<p><strong>Origen:<\/strong> Portugal<\/p>\n<p>Los productos alimenticios est\u00e1n sujetos a cambios constantes, de los que el consumidor debe ser siempre consciente, y Garrafeira e Mercearia Gourmet Portugal Wine Castes no se responsabiliza de las discrepancias y\/o cambios relacionados con la informaci\u00f3n de estos productos.<\/p>\n<div class=\"adn ads\" data-message-id=\"#msg-f:1800379337020756538\" data-legacy-message-id=\"18fc3b77dc13523a\">\n<div class=\"gs\">\n<div class=\"\">\n<div id=\":1zc\" class=\"ii gt\">\n<div id=\":1zd\" class=\"a3s aiL \">\n<div dir=\"ltr\">\n<p>A tal fin, te recomendamos que leas atentamente la informaci\u00f3n que figura en las etiquetas de los productos, es decir, la informaci\u00f3n nutricional, la lista de ingredientes, las recomendaciones de uso, preparaci\u00f3n y\/o conservaci\u00f3n, antes de utilizarlos o consumirlos.<\/p>\n<\/div>\n<\/div>\n<\/div>\n<\/div>\n<\/div>\n<\/div>\n<\/div>\n<\/div>\n<\/div>\n","protected":false},"excerpt":{"rendered":"<p>Bombones Mi Dulce Coraz\u00f3n Chocolate con leche y almendras Regina Peso neto: 50 g Ingredientes: Az\u00facar, manteca de cacao, leche en polvo, pasta de cacao, almendras (7%), emulgente (lecitina de soja) y aroma. Cacao: 35% m\u00ednimo en el chocolate con leche. Pode conter vest\u00edgios de amendoins, outros frutos de casca rija e cereais que cont\u00eam [&hellip;]<\/p>\n","protected":false},"featured_media":12600,"template":"","meta":{"_monsterinsights_skip_tracking":false,"_monsterinsights_sitenote_active":false,"_monsterinsights_sitenote_note":"","_monsterinsights_sitenote_category":0},"product_brand":[],"product_cat":[420,415,409],"product_tag":[],"class_list":{"0":"post-12557","1":"product","2":"type-product","3":"status-publish","4":"has-post-thumbnail","6":"product_cat-chocolates-es-2","7":"product_cat-gourmet-es-2","8":"product_cat-otros","10":"first","11":"outofstock","12":"taxable","13":"shipping-taxable","14":"purchasable","15":"product-type-simple"},"aioseo_notices":[],"_links":{"self":[{"href":"https:\/\/pwinecastes.com\/es\/wp-json\/wp\/v2\/product\/12557","targetHints":{"allow":["GET"]}}],"collection":[{"href":"https:\/\/pwinecastes.com\/es\/wp-json\/wp\/v2\/product"}],"about":[{"href":"https:\/\/pwinecastes.com\/es\/wp-json\/wp\/v2\/types\/product"}],"version-history":[{"count":0,"href":"https:\/\/pwinecastes.com\/es\/wp-json\/wp\/v2\/product\/12557\/revisions"}],"wp:featuredmedia":[{"embeddable":true,"href":"https:\/\/pwinecastes.com\/es\/wp-json\/wp\/v2\/media\/12600"}],"wp:attachment":[{"href":"https:\/\/pwinecastes.com\/es\/wp-json\/wp\/v2\/media?parent=12557"}],"wp:term":[{"taxonomy":"product_brand","embeddable":true,"href":"https:\/\/pwinecastes.com\/es\/wp-json\/wp\/v2\/product_brand?post=12557"},{"taxonomy":"product_cat","embeddable":true,"href":"https:\/\/pwinecastes.com\/es\/wp-json\/wp\/v2\/product_cat?post=12557"},{"taxonomy":"product_tag","embeddable":true,"href":"https:\/\/pwinecastes.com\/es\/wp-json\/wp\/v2\/product_tag?post=12557"}],"curies":[{"name":"wp","href":"https:\/\/api.w.org\/{rel}","templated":true}]}}