{"id":12568,"date":"2024-05-29T14:18:07","date_gmt":"2024-05-29T14:18:07","guid":{"rendered":"https:\/\/luxuryinportugal.com\/pwinecastes\/product\/aceite-de-oliva-virgen-extra-ecologico-valle-da-fonte\/"},"modified":"2024-05-29T14:18:07","modified_gmt":"2024-05-29T14:18:07","slug":"aceite-de-oliva-virgen-extra-ecologico-valle-da-fonte","status":"publish","type":"product","link":"https:\/\/pwinecastes.com\/es\/product\/aceite-de-oliva-virgen-extra-ecologico-valle-da-fonte\/","title":{"rendered":"Aceite de Oliva Virgen Extra Ecol\u00f3gico Valle da Fonte"},"content":{"rendered":"<p>Aceite de Oliva Virgen Extra Ecol\u00f3gico Valle da Fonte<\/p>\n<p><strong>Regi\u00f3n: <\/strong>Tr\u00e1s-os-montes<\/p>\n<p><strong>Variedades:<\/strong> Cobran\u00e7osa (60%), Madural (20%), Verdeal Transmontana (20%).<\/p>\n<p><strong>Capacidad:<\/strong> 500 ml<\/p>\n<p><strong>Par\u00e1metros anal\u00edticos:<\/strong> Acidez (% \u00e1cido oleico): M\u00e1x. 0,2%; \u00cdndice de per\u00f3xido (meq O2\/Kg): M\u00e1x. 10; Contenido de cera: m\u00e1x. 150 mg\/kg; Absorbencia: K232\u20131,61\/K268-0,13\/ Delta K &#8211; 0,01; Rico en antioxidantes.<\/p>\n<p><strong>Informaci\u00f3n nutricional<\/strong> <strong>por 15ml:<\/strong> Energ\u00eda: 120 kcal; Grasas totales: 14 g, de las cuales grasas saturadas: 2 g; Poliinsaturados: 1g; Monoinsaturados: 10 g; Grasas trans: 0 g; Sodio: 0 mg; Carbohidratos: 0g; Prote\u00ednas: 0g.<\/p>\n<p><strong>Conservaci\u00f3n:<\/strong> Gu\u00e1rdalo en un lugar fresco y seco.<\/p>\n<p><strong>Origen:<\/strong> Portugal<\/p>\n<p>Los productos alimenticios est\u00e1n sujetos a cambios constantes, de los que el consumidor debe ser siempre consciente, y Garrafeira e Mercearia Gourmet Portugal Wine Castes no se responsabiliza de las discrepancias y\/o cambios relacionados con la informaci\u00f3n de estos productos.<\/p>\n<div class=\"adn ads\" data-message-id=\"#msg-f:1800379337020756538\" data-legacy-message-id=\"18fc3b77dc13523a\">\n<div class=\"gs\">\n<div class=\"\">\n<div id=\":1zc\" class=\"ii gt\">\n<div id=\":1zd\" class=\"a3s aiL \">\n<div dir=\"ltr\">\n<p>A tal fin, te recomendamos que leas atentamente la informaci\u00f3n que figura en las etiquetas de los productos, es decir, la informaci\u00f3n nutricional, la lista de ingredientes, las recomendaciones de uso, preparaci\u00f3n y\/o conservaci\u00f3n, antes de utilizarlos o consumirlos.<\/p>\n<\/div>\n<\/div>\n<\/div>\n<\/div>\n<\/div>\n<\/div>\n","protected":false},"excerpt":{"rendered":"<p>Aceite de Oliva Virgen Extra Ecol\u00f3gico Valle da Fonte Regi\u00f3n: Tr\u00e1s-os-montes Variedades: Cobran\u00e7osa (60%), Madural (20%), Verdeal Transmontana (20%). Capacidad: 500 ml Par\u00e1metros anal\u00edticos: Acidez (% \u00e1cido oleico): M\u00e1x. 0,2%; \u00cdndice de per\u00f3xido (meq O2\/Kg): M\u00e1x. 10; Contenido de cera: m\u00e1x. 150 mg\/kg; Absorbencia: K232\u20131,61\/K268-0,13\/ Delta K &#8211; 0,01; Rico en antioxidantes. Informaci\u00f3n nutricional por [&hellip;]<\/p>\n","protected":false},"featured_media":12565,"template":"","meta":{"_monsterinsights_skip_tracking":false,"_monsterinsights_sitenote_active":false,"_monsterinsights_sitenote_note":"","_monsterinsights_sitenote_category":0},"product_brand":[],"product_cat":[422,415,409],"product_tag":[],"class_list":{"0":"post-12568","1":"product","2":"type-product","3":"status-publish","4":"has-post-thumbnail","6":"product_cat-aceites-vinagres","7":"product_cat-gourmet-es-2","8":"product_cat-otros","10":"first","11":"outofstock","12":"taxable","13":"shipping-taxable","14":"purchasable","15":"product-type-simple"},"aioseo_notices":[],"_links":{"self":[{"href":"https:\/\/pwinecastes.com\/es\/wp-json\/wp\/v2\/product\/12568","targetHints":{"allow":["GET"]}}],"collection":[{"href":"https:\/\/pwinecastes.com\/es\/wp-json\/wp\/v2\/product"}],"about":[{"href":"https:\/\/pwinecastes.com\/es\/wp-json\/wp\/v2\/types\/product"}],"version-history":[{"count":0,"href":"https:\/\/pwinecastes.com\/es\/wp-json\/wp\/v2\/product\/12568\/revisions"}],"wp:featuredmedia":[{"embeddable":true,"href":"https:\/\/pwinecastes.com\/es\/wp-json\/wp\/v2\/media\/12565"}],"wp:attachment":[{"href":"https:\/\/pwinecastes.com\/es\/wp-json\/wp\/v2\/media?parent=12568"}],"wp:term":[{"taxonomy":"product_brand","embeddable":true,"href":"https:\/\/pwinecastes.com\/es\/wp-json\/wp\/v2\/product_brand?post=12568"},{"taxonomy":"product_cat","embeddable":true,"href":"https:\/\/pwinecastes.com\/es\/wp-json\/wp\/v2\/product_cat?post=12568"},{"taxonomy":"product_tag","embeddable":true,"href":"https:\/\/pwinecastes.com\/es\/wp-json\/wp\/v2\/product_tag?post=12568"}],"curies":[{"name":"wp","href":"https:\/\/api.w.org\/{rel}","templated":true}]}}