{"id":12585,"date":"2024-05-29T14:56:23","date_gmt":"2024-05-29T14:56:23","guid":{"rendered":"https:\/\/luxuryinportugal.com\/pwinecastes\/product\/vinagre-de-vino-blanco-jose-gourmet\/"},"modified":"2024-05-29T14:56:23","modified_gmt":"2024-05-29T14:56:23","slug":"vinagre-de-vino-blanco-jose-gourmet","status":"publish","type":"product","link":"https:\/\/pwinecastes.com\/es\/product\/vinagre-de-vino-blanco-jose-gourmet\/","title":{"rendered":"Vinagre de Vino Blanco Jos\u00e9 Gourmet"},"content":{"rendered":"<p>Vinagre de Vino Blanco Jos\u00e9 Gourmet<\/p>\n<p><strong> Cantidad:<\/strong> 250 ml<\/p>\n<p><strong>Ingredientes:<\/strong> Vinagre de vino y conservante (E220). Cont\u00e9m sulfitos. Contiene sulfitos.<\/p>\n<p><strong>Acidez:<\/strong> 8%<\/p>\n<p><strong>Origen:<\/strong> Portugal<\/p>\n<p>Los productos alimenticios est\u00e1n sujetos a cambios constantes, de los que el consumidor debe ser siempre consciente, y Garrafeira e Mercearia Gourmet Portugal Wine Castes no se responsabiliza de las discrepancias y\/o cambios relacionados con la informaci\u00f3n de estos productos.<\/p>\n<div class=\"adn ads\" data-message-id=\"#msg-f:1800379337020756538\" data-legacy-message-id=\"18fc3b77dc13523a\">\n<div class=\"gs\">\n<div class=\"\">\n<div id=\":1zc\" class=\"ii gt\">\n<div id=\":1zd\" class=\"a3s aiL \">\n<div dir=\"ltr\">\n<p>A tal fin, te recomendamos que leas atentamente la informaci\u00f3n que figura en las etiquetas de los productos, es decir, la informaci\u00f3n nutricional, la lista de ingredientes, las recomendaciones de uso, preparaci\u00f3n y\/o conservaci\u00f3n, antes de utilizarlos o consumirlos.<\/p>\n<\/div>\n<\/div>\n<\/div>\n<\/div>\n<\/div>\n<\/div>\n","protected":false},"excerpt":{"rendered":"<p>Vinagre de Vino Blanco Jos\u00e9 Gourmet Cantidad: 250 ml Ingredientes: Vinagre de vino y conservante (E220). Cont\u00e9m sulfitos. Contiene sulfitos. Acidez: 8% Origen: Portugal Los productos alimenticios est\u00e1n sujetos a cambios constantes, de los que el consumidor debe ser siempre consciente, y Garrafeira e Mercearia Gourmet Portugal Wine Castes no se responsabiliza de las discrepancias [&hellip;]<\/p>\n","protected":false},"featured_media":12575,"template":"","meta":{"_monsterinsights_skip_tracking":false,"_monsterinsights_sitenote_active":false,"_monsterinsights_sitenote_note":"","_monsterinsights_sitenote_category":0},"product_brand":[],"product_cat":[181,422,415,204],"product_tag":[],"class_list":{"0":"post-12585","1":"product","2":"type-product","3":"status-publish","4":"has-post-thumbnail","6":"product_cat-aceite-de-oliva-vinagres","7":"product_cat-aceites-vinagres","8":"product_cat-gourmet-es-2","9":"product_cat-vinagres-es","11":"first","12":"instock","13":"taxable","14":"shipping-taxable","15":"purchasable","16":"product-type-simple"},"aioseo_notices":[],"_links":{"self":[{"href":"https:\/\/pwinecastes.com\/es\/wp-json\/wp\/v2\/product\/12585","targetHints":{"allow":["GET"]}}],"collection":[{"href":"https:\/\/pwinecastes.com\/es\/wp-json\/wp\/v2\/product"}],"about":[{"href":"https:\/\/pwinecastes.com\/es\/wp-json\/wp\/v2\/types\/product"}],"version-history":[{"count":0,"href":"https:\/\/pwinecastes.com\/es\/wp-json\/wp\/v2\/product\/12585\/revisions"}],"wp:featuredmedia":[{"embeddable":true,"href":"https:\/\/pwinecastes.com\/es\/wp-json\/wp\/v2\/media\/12575"}],"wp:attachment":[{"href":"https:\/\/pwinecastes.com\/es\/wp-json\/wp\/v2\/media?parent=12585"}],"wp:term":[{"taxonomy":"product_brand","embeddable":true,"href":"https:\/\/pwinecastes.com\/es\/wp-json\/wp\/v2\/product_brand?post=12585"},{"taxonomy":"product_cat","embeddable":true,"href":"https:\/\/pwinecastes.com\/es\/wp-json\/wp\/v2\/product_cat?post=12585"},{"taxonomy":"product_tag","embeddable":true,"href":"https:\/\/pwinecastes.com\/es\/wp-json\/wp\/v2\/product_tag?post=12585"}],"curies":[{"name":"wp","href":"https:\/\/api.w.org\/{rel}","templated":true}]}}