{"id":12627,"date":"2024-05-29T15:36:01","date_gmt":"2024-05-29T15:36:01","guid":{"rendered":"https:\/\/luxuryinportugal.com\/pwinecastes\/product\/mermelada-de-pauperio\/"},"modified":"2024-06-05T11:08:54","modified_gmt":"2024-06-05T11:08:54","slug":"mermelada-de-pauperio","status":"publish","type":"product","link":"https:\/\/pwinecastes.com\/es\/product\/mermelada-de-pauperio\/","title":{"rendered":"Mermelada de pauperio"},"content":{"rendered":"<p>Mermelada de pauperio<\/p>\n<p><strong>Peso neto:<\/strong> 450 g<br \/>\n<strong>Ingredientes:<\/strong> Pulpa de membrillo (membrillo, sorbato pot\u00e1sico y metabisulfito s\u00f3dico*) y az\u00facar.<br \/>\n*De la conservaci\u00f3n de la pulpa de membrillo.<\/p>\n<p><strong>Al\u00e9rgenos:<\/strong> Puede contener trazas de sulfitos procedentes de la conservaci\u00f3n de la pulpa de membrillo.<\/p>\n<p>&lt;I<strong>nformaci\u00f3n nutricional<\/strong> <strong>por 100 g:<\/strong> Energ\u00eda: 1217,5 kJ \/ 291 kcal; L\u00edpidos: 0,3 g, de los cuales saturados: 0,1 g; Hidratos de carbono: 71 g, de los cuales az\u00facares: 54,1 g; Fibra: 2,3 g; Prote\u00ednas: 0,02 g; Sal: 0,1 g.<\/p>\n<p><strong>Conservaci\u00f3n:<\/strong> Gu\u00e1rdalo en un lugar fresco y seco. Protege del calor y la humedad.<\/p>\n<p><strong>Origen:<\/strong> Portugal<\/p>\n<p>Los productos alimenticios est\u00e1n sujetos a cambios constantes, de los que el consumidor debe ser siempre consciente, y Garrafeira e Mercearia Gourmet Portugal Wine Castes no se responsabiliza de las discrepancias y\/o cambios relacionados con la informaci\u00f3n de estos productos.<\/p>\n<div class=\"adn ads\" data-message-id=\"#msg-f:1800379337020756538\" data-legacy-message-id=\"18fc3b77dc13523a\">\n<div class=\"gs\">\n<div class=\"\">\n<div id=\":1zc\" class=\"ii gt\">\n<div id=\":1zd\" class=\"a3s aiL \">\n<div dir=\"ltr\">\n<p>A tal fin, te recomendamos que leas atentamente la informaci\u00f3n que figura en las etiquetas de los productos, es decir, la informaci\u00f3n nutricional, la lista de ingredientes, las recomendaciones de uso, preparaci\u00f3n y\/o conservaci\u00f3n, antes de utilizarlos o consumirlos.<\/p>\n<\/div>\n<\/div>\n<\/div>\n<\/div>\n<\/div>\n<\/div>\n","protected":false},"excerpt":{"rendered":"<p>Mermelada de pauperio Peso neto: 450 g Ingredientes: Pulpa de membrillo (membrillo, sorbato pot\u00e1sico y metabisulfito s\u00f3dico*) y az\u00facar. *De la conservaci\u00f3n de la pulpa de membrillo. Al\u00e9rgenos: Puede contener trazas de sulfitos procedentes de la conservaci\u00f3n de la pulpa de membrillo. &lt;Informaci\u00f3n nutricional por 100 g: Energ\u00eda: 1217,5 kJ \/ 291 kcal; L\u00edpidos: 0,3 [&hellip;]<\/p>\n","protected":false},"featured_media":12604,"template":"","meta":{"_monsterinsights_skip_tracking":false,"_monsterinsights_sitenote_active":false,"_monsterinsights_sitenote_note":"","_monsterinsights_sitenote_category":0},"product_brand":[],"product_cat":[424,415,409],"product_tag":[],"class_list":{"0":"post-12627","1":"product","2":"type-product","3":"status-publish","4":"has-post-thumbnail","6":"product_cat-dulces-compotas","7":"product_cat-gourmet-es-2","8":"product_cat-otros","10":"first","11":"outofstock","12":"taxable","13":"shipping-taxable","14":"purchasable","15":"product-type-simple"},"aioseo_notices":[],"_links":{"self":[{"href":"https:\/\/pwinecastes.com\/es\/wp-json\/wp\/v2\/product\/12627","targetHints":{"allow":["GET"]}}],"collection":[{"href":"https:\/\/pwinecastes.com\/es\/wp-json\/wp\/v2\/product"}],"about":[{"href":"https:\/\/pwinecastes.com\/es\/wp-json\/wp\/v2\/types\/product"}],"version-history":[{"count":0,"href":"https:\/\/pwinecastes.com\/es\/wp-json\/wp\/v2\/product\/12627\/revisions"}],"wp:featuredmedia":[{"embeddable":true,"href":"https:\/\/pwinecastes.com\/es\/wp-json\/wp\/v2\/media\/12604"}],"wp:attachment":[{"href":"https:\/\/pwinecastes.com\/es\/wp-json\/wp\/v2\/media?parent=12627"}],"wp:term":[{"taxonomy":"product_brand","embeddable":true,"href":"https:\/\/pwinecastes.com\/es\/wp-json\/wp\/v2\/product_brand?post=12627"},{"taxonomy":"product_cat","embeddable":true,"href":"https:\/\/pwinecastes.com\/es\/wp-json\/wp\/v2\/product_cat?post=12627"},{"taxonomy":"product_tag","embeddable":true,"href":"https:\/\/pwinecastes.com\/es\/wp-json\/wp\/v2\/product_tag?post=12627"}],"curies":[{"name":"wp","href":"https:\/\/api.w.org\/{rel}","templated":true}]}}