{"id":12758,"date":"2024-06-06T14:42:57","date_gmt":"2024-06-06T14:42:57","guid":{"rendered":"https:\/\/pwinecastes.com\/product\/glenfiddich-26-anos\/"},"modified":"2024-06-06T14:42:57","modified_gmt":"2024-06-06T14:42:57","slug":"glenfiddich-26-anos","status":"publish","type":"product","link":"https:\/\/pwinecastes.com\/es\/product\/glenfiddich-26-anos\/","title":{"rendered":"Glenfiddich 26 a\u00f1os"},"content":{"rendered":"<p>Whisky Glenfiddich 26 a\u00f1os<\/p>\n<ul>\n<li><strong>Regi\u00f3n: <\/strong>Escocia<\/li>\n<li><strong>Capacidad:<\/strong> 0,70 l<\/li>\n<li><strong>Graduaci\u00f3n alcoh\u00f3lica:<\/strong> 43% Vol<\/li>\n<li><strong>Nota de cata: <\/strong>Aroma suave y delicado, con un hermoso car\u00e1cter floral. Flores primaverales, violetas, guisantes y sutil follaje verde. Sabor vibrante, con un atractivo equilibrio de taninos secos y suave dulzor de vainilla y az\u00facar moreno. Se desarrolla gradualmente un profundo sabor a roble, con toques de especias. Color dorado intenso.<\/li>\n<li><strong>Informaci\u00f3n adicional:<\/strong> Contiene sulfitos<\/li>\n<\/ul>\n","protected":false},"excerpt":{"rendered":"<p>Whisky Glenfiddich 26 a\u00f1os Regi\u00f3n: Escocia Capacidad: 0,70 l Graduaci\u00f3n alcoh\u00f3lica: 43% Vol Nota de cata: Aroma suave y delicado, con un hermoso car\u00e1cter floral. Flores primaverales, violetas, guisantes y sutil follaje verde. Sabor vibrante, con un atractivo equilibrio de taninos secos y suave dulzor de vainilla y az\u00facar moreno. Se desarrolla gradualmente un profundo [&hellip;]<\/p>\n","protected":false},"featured_media":12771,"template":"","meta":{"_monsterinsights_skip_tracking":false,"_monsterinsights_sitenote_active":false,"_monsterinsights_sitenote_note":"","_monsterinsights_sitenote_category":0},"product_brand":[],"product_cat":[187,188,192],"product_tag":[],"class_list":{"0":"post-12758","1":"product","2":"type-product","3":"status-publish","4":"has-post-thumbnail","6":"product_cat-destilados","7":"product_cat-tipo-es","8":"product_cat-whisky-es","10":"first","11":"instock","12":"taxable","13":"shipping-taxable","14":"purchasable","15":"product-type-simple"},"aioseo_notices":[],"_links":{"self":[{"href":"https:\/\/pwinecastes.com\/es\/wp-json\/wp\/v2\/product\/12758","targetHints":{"allow":["GET"]}}],"collection":[{"href":"https:\/\/pwinecastes.com\/es\/wp-json\/wp\/v2\/product"}],"about":[{"href":"https:\/\/pwinecastes.com\/es\/wp-json\/wp\/v2\/types\/product"}],"version-history":[{"count":0,"href":"https:\/\/pwinecastes.com\/es\/wp-json\/wp\/v2\/product\/12758\/revisions"}],"wp:featuredmedia":[{"embeddable":true,"href":"https:\/\/pwinecastes.com\/es\/wp-json\/wp\/v2\/media\/12771"}],"wp:attachment":[{"href":"https:\/\/pwinecastes.com\/es\/wp-json\/wp\/v2\/media?parent=12758"}],"wp:term":[{"taxonomy":"product_brand","embeddable":true,"href":"https:\/\/pwinecastes.com\/es\/wp-json\/wp\/v2\/product_brand?post=12758"},{"taxonomy":"product_cat","embeddable":true,"href":"https:\/\/pwinecastes.com\/es\/wp-json\/wp\/v2\/product_cat?post=12758"},{"taxonomy":"product_tag","embeddable":true,"href":"https:\/\/pwinecastes.com\/es\/wp-json\/wp\/v2\/product_tag?post=12758"}],"curies":[{"name":"wp","href":"https:\/\/api.w.org\/{rel}","templated":true}]}}