{"id":12782,"date":"2024-06-06T15:06:23","date_gmt":"2024-06-06T15:06:23","guid":{"rendered":"https:\/\/pwinecastes.com\/product\/hendricks\/"},"modified":"2024-06-06T15:06:23","modified_gmt":"2024-06-06T15:06:23","slug":"hendricks","status":"publish","type":"product","link":"https:\/\/pwinecastes.com\/es\/product\/hendricks\/","title":{"rendered":"Hendrick&#8217;s"},"content":{"rendered":"<p>Ginebra Hendrick&#8217;s<\/p>\n<ul>\n<li><strong>Capacidad:<\/strong> 70 cl<\/li>\n<li><strong>Graduaci\u00f3n alcoh\u00f3lica<\/strong><strong>: <\/strong>44% Vol.<\/li>\n<li><strong>Nota de cata:<\/strong> <i>HENDRICK&#8217;S<\/i> es una ginebra inusual creada a partir de once exquisitos ingredientes bot\u00e1nicos. Las curiosas pero extraordinarias infusiones de rosa y pepino impregnan nuestro aguardiente con su sabor singularmente equilibrado, dando como resultado una ginebra distintiva e impecablemente suave.<\/li>\n<li><strong>Otros datos:<\/strong> Contiene sulfitos.<\/li>\n<\/ul>\n","protected":false},"excerpt":{"rendered":"<p>Ginebra Hendrick&#8217;s Capacidad: 70 cl Graduaci\u00f3n alcoh\u00f3lica: 44% Vol. Nota de cata: HENDRICK&#8217;S es una ginebra inusual creada a partir de once exquisitos ingredientes bot\u00e1nicos. Las curiosas pero extraordinarias infusiones de rosa y pepino impregnan nuestro aguardiente con su sabor singularmente equilibrado, dando como resultado una ginebra distintiva e impecablemente suave. Otros datos: Contiene sulfitos.<\/p>\n","protected":false},"featured_media":12805,"template":"","meta":{"_monsterinsights_skip_tracking":false,"_monsterinsights_sitenote_active":false,"_monsterinsights_sitenote_note":"","_monsterinsights_sitenote_category":0},"product_brand":[],"product_cat":[187,190,188],"product_tag":[],"class_list":{"0":"post-12782","1":"product","2":"type-product","3":"status-publish","4":"has-post-thumbnail","6":"product_cat-destilados","7":"product_cat-gin-es","8":"product_cat-tipo-es","10":"first","11":"instock","12":"taxable","13":"shipping-taxable","14":"purchasable","15":"product-type-simple"},"aioseo_notices":[],"_links":{"self":[{"href":"https:\/\/pwinecastes.com\/es\/wp-json\/wp\/v2\/product\/12782","targetHints":{"allow":["GET"]}}],"collection":[{"href":"https:\/\/pwinecastes.com\/es\/wp-json\/wp\/v2\/product"}],"about":[{"href":"https:\/\/pwinecastes.com\/es\/wp-json\/wp\/v2\/types\/product"}],"version-history":[{"count":0,"href":"https:\/\/pwinecastes.com\/es\/wp-json\/wp\/v2\/product\/12782\/revisions"}],"wp:featuredmedia":[{"embeddable":true,"href":"https:\/\/pwinecastes.com\/es\/wp-json\/wp\/v2\/media\/12805"}],"wp:attachment":[{"href":"https:\/\/pwinecastes.com\/es\/wp-json\/wp\/v2\/media?parent=12782"}],"wp:term":[{"taxonomy":"product_brand","embeddable":true,"href":"https:\/\/pwinecastes.com\/es\/wp-json\/wp\/v2\/product_brand?post=12782"},{"taxonomy":"product_cat","embeddable":true,"href":"https:\/\/pwinecastes.com\/es\/wp-json\/wp\/v2\/product_cat?post=12782"},{"taxonomy":"product_tag","embeddable":true,"href":"https:\/\/pwinecastes.com\/es\/wp-json\/wp\/v2\/product_tag?post=12782"}],"curies":[{"name":"wp","href":"https:\/\/api.w.org\/{rel}","templated":true}]}}