{"id":12787,"date":"2024-06-06T16:16:14","date_gmt":"2024-06-06T16:16:14","guid":{"rendered":"https:\/\/pwinecastes.com\/product\/hendricks-flora-adora\/"},"modified":"2024-06-06T16:16:14","modified_gmt":"2024-06-06T16:16:14","slug":"hendricks-flora-adora","status":"publish","type":"product","link":"https:\/\/pwinecastes.com\/es\/product\/hendricks-flora-adora\/","title":{"rendered":"Hendrick&#8217;s Flora Adora"},"content":{"rendered":"<p>Gin Hendrick&#8217;s Flora Adora<\/p>\n<ul>\n<li><strong>Capacidad:<\/strong> 70 cl<\/li>\n<li><strong>Graduaci\u00f3n alcoh\u00f3lica<\/strong><strong>: <\/strong>43,4% Vol.<\/li>\n<li><strong>Nota de cata:<\/strong> Preciosos aromas florales y un car\u00e1cter fresco y natural. A base de zimbro e coentros \u00e9 alongada por caracter\u00edsticas florais exuberantes e maravilhosamente doces, criando um gin equilibrado de forma magn\u00edfica.<\/li>\n<li><strong>Otros datos:<\/strong> Contiene sulfitos.<\/li>\n<\/ul>\n","protected":false},"excerpt":{"rendered":"<p>Gin Hendrick&#8217;s Flora Adora Capacidad: 70 cl Graduaci\u00f3n alcoh\u00f3lica: 43,4% Vol. Nota de cata: Preciosos aromas florales y un car\u00e1cter fresco y natural. A base de zimbro e coentros \u00e9 alongada por caracter\u00edsticas florais exuberantes e maravilhosamente doces, criando um gin equilibrado de forma magn\u00edfica. Otros datos: Contiene sulfitos.<\/p>\n","protected":false},"featured_media":12811,"template":"","meta":{"_monsterinsights_skip_tracking":false,"_monsterinsights_sitenote_active":false,"_monsterinsights_sitenote_note":"","_monsterinsights_sitenote_category":0},"product_brand":[],"product_cat":[187,190,188],"product_tag":[],"class_list":{"0":"post-12787","1":"product","2":"type-product","3":"status-publish","4":"has-post-thumbnail","6":"product_cat-destilados","7":"product_cat-gin-es","8":"product_cat-tipo-es","10":"first","11":"instock","12":"taxable","13":"shipping-taxable","14":"purchasable","15":"product-type-simple"},"aioseo_notices":[],"_links":{"self":[{"href":"https:\/\/pwinecastes.com\/es\/wp-json\/wp\/v2\/product\/12787","targetHints":{"allow":["GET"]}}],"collection":[{"href":"https:\/\/pwinecastes.com\/es\/wp-json\/wp\/v2\/product"}],"about":[{"href":"https:\/\/pwinecastes.com\/es\/wp-json\/wp\/v2\/types\/product"}],"version-history":[{"count":0,"href":"https:\/\/pwinecastes.com\/es\/wp-json\/wp\/v2\/product\/12787\/revisions"}],"wp:featuredmedia":[{"embeddable":true,"href":"https:\/\/pwinecastes.com\/es\/wp-json\/wp\/v2\/media\/12811"}],"wp:attachment":[{"href":"https:\/\/pwinecastes.com\/es\/wp-json\/wp\/v2\/media?parent=12787"}],"wp:term":[{"taxonomy":"product_brand","embeddable":true,"href":"https:\/\/pwinecastes.com\/es\/wp-json\/wp\/v2\/product_brand?post=12787"},{"taxonomy":"product_cat","embeddable":true,"href":"https:\/\/pwinecastes.com\/es\/wp-json\/wp\/v2\/product_cat?post=12787"},{"taxonomy":"product_tag","embeddable":true,"href":"https:\/\/pwinecastes.com\/es\/wp-json\/wp\/v2\/product_tag?post=12787"}],"curies":[{"name":"wp","href":"https:\/\/api.w.org\/{rel}","templated":true}]}}