{"id":12801,"date":"2024-06-06T17:12:54","date_gmt":"2024-06-06T17:12:54","guid":{"rendered":"https:\/\/pwinecastes.com\/product\/james-martins-32-anos\/"},"modified":"2024-06-15T09:38:10","modified_gmt":"2024-06-15T09:38:10","slug":"james-martins-32-anos","status":"publish","type":"product","link":"https:\/\/pwinecastes.com\/es\/product\/james-martins-32-anos\/","title":{"rendered":"James Martins 32 a\u00f1os"},"content":{"rendered":"<p>Whisky James Martins 32 a\u00f1os<\/p>\n<ul>\n<li><strong>Regi\u00f3n: <\/strong>Escocia<\/li>\n<li><strong>Capacidad:<\/strong> 0,70 L<\/li>\n<li><strong>Graduaci\u00f3n alcoh\u00f3lica:<\/strong> 43% Vol<\/li>\n<li><strong>Nota de cata: <\/strong>Cremoso y afrutado, con sutiles especias, est\u00e1 compuesto por una selecci\u00f3n de los mejores whiskies h\u00e1bilmente mezclados para conseguir el complejo equilibrio de riqueza y suavidad de las mezclas de James Martin, e intensificado a\u00fan m\u00e1s por 32 a\u00f1os de envejecimiento en barrica.<\/li>\n<li><strong>Informaci\u00f3n adicional:<\/strong> Contiene sulfitos.<\/li>\n<\/ul>\n","protected":false},"excerpt":{"rendered":"<p>Whisky James Martins 32 a\u00f1os Regi\u00f3n: Escocia Capacidad: 0,70 L Graduaci\u00f3n alcoh\u00f3lica: 43% Vol Nota de cata: Cremoso y afrutado, con sutiles especias, est\u00e1 compuesto por una selecci\u00f3n de los mejores whiskies h\u00e1bilmente mezclados para conseguir el complejo equilibrio de riqueza y suavidad de las mezclas de James Martin, e intensificado a\u00fan m\u00e1s por 32 [&hellip;]<\/p>\n","protected":false},"featured_media":12839,"template":"","meta":{"_monsterinsights_skip_tracking":false,"_monsterinsights_sitenote_active":false,"_monsterinsights_sitenote_note":"","_monsterinsights_sitenote_category":0},"product_brand":[],"product_cat":[187,188,192],"product_tag":[],"class_list":{"0":"post-12801","1":"product","2":"type-product","3":"status-publish","4":"has-post-thumbnail","6":"product_cat-destilados","7":"product_cat-tipo-es","8":"product_cat-whisky-es","10":"first","11":"instock","12":"taxable","13":"shipping-taxable","14":"purchasable","15":"product-type-simple"},"aioseo_notices":[],"_links":{"self":[{"href":"https:\/\/pwinecastes.com\/es\/wp-json\/wp\/v2\/product\/12801","targetHints":{"allow":["GET"]}}],"collection":[{"href":"https:\/\/pwinecastes.com\/es\/wp-json\/wp\/v2\/product"}],"about":[{"href":"https:\/\/pwinecastes.com\/es\/wp-json\/wp\/v2\/types\/product"}],"version-history":[{"count":0,"href":"https:\/\/pwinecastes.com\/es\/wp-json\/wp\/v2\/product\/12801\/revisions"}],"wp:featuredmedia":[{"embeddable":true,"href":"https:\/\/pwinecastes.com\/es\/wp-json\/wp\/v2\/media\/12839"}],"wp:attachment":[{"href":"https:\/\/pwinecastes.com\/es\/wp-json\/wp\/v2\/media?parent=12801"}],"wp:term":[{"taxonomy":"product_brand","embeddable":true,"href":"https:\/\/pwinecastes.com\/es\/wp-json\/wp\/v2\/product_brand?post=12801"},{"taxonomy":"product_cat","embeddable":true,"href":"https:\/\/pwinecastes.com\/es\/wp-json\/wp\/v2\/product_cat?post=12801"},{"taxonomy":"product_tag","embeddable":true,"href":"https:\/\/pwinecastes.com\/es\/wp-json\/wp\/v2\/product_tag?post=12801"}],"curies":[{"name":"wp","href":"https:\/\/api.w.org\/{rel}","templated":true}]}}