{"id":12853,"date":"2024-06-07T09:03:56","date_gmt":"2024-06-07T09:03:56","guid":{"rendered":"https:\/\/pwinecastes.com\/product\/johnnie-walker-etiqueta-azul\/"},"modified":"2024-06-07T09:03:56","modified_gmt":"2024-06-07T09:03:56","slug":"johnnie-walker-etiqueta-azul","status":"publish","type":"product","link":"https:\/\/pwinecastes.com\/es\/product\/johnnie-walker-etiqueta-azul\/","title":{"rendered":"Johnnie Walker Etiqueta Azul"},"content":{"rendered":"<p>Whisky Johnnie Walker Etiqueta Azul<\/p>\n<ul>\n<li><strong>Regi\u00f3n: <\/strong>Escocia<\/li>\n<li><strong>Capacidad:<\/strong> 0,70 l<\/li>\n<li><strong>Graduaci\u00f3n alcoh\u00f3lica:<\/strong> 40% Vol.<\/li>\n<li><strong>Nota de cata:<\/strong> Aroma de dulzura de sultana, combinaci\u00f3n aterciopelada de vainilla, miel y p\u00e9talos de rosa, antes de ampliarse para incluir un sabor de naranja picante con toques de avellana, jerez y chocolate negro.<\/li>\n<li><strong>Otros datos:<\/strong> Contiene sulfitos. El whisky Johnnie Walker Blue Label se crea utilizando una selecci\u00f3n de barricas poco comunes de las destiler\u00edas de Speyside y Highland, como las delicadas Cardhu y Clynelish, las c\u00e1lidas y redondas Benrinnes, as\u00ed como las maltas de Islay.<\/li>\n<\/ul>\n","protected":false},"excerpt":{"rendered":"<p>Whisky Johnnie Walker Etiqueta Azul Regi\u00f3n: Escocia Capacidad: 0,70 l Graduaci\u00f3n alcoh\u00f3lica: 40% Vol. Nota de cata: Aroma de dulzura de sultana, combinaci\u00f3n aterciopelada de vainilla, miel y p\u00e9talos de rosa, antes de ampliarse para incluir un sabor de naranja picante con toques de avellana, jerez y chocolate negro. Otros datos: Contiene sulfitos. El whisky [&hellip;]<\/p>\n","protected":false},"featured_media":13210,"template":"","meta":{"_monsterinsights_skip_tracking":false,"_monsterinsights_sitenote_active":false,"_monsterinsights_sitenote_note":"","_monsterinsights_sitenote_category":0},"product_brand":[],"product_cat":[187,188,192],"product_tag":[],"class_list":{"0":"post-12853","1":"product","2":"type-product","3":"status-publish","4":"has-post-thumbnail","6":"product_cat-destilados","7":"product_cat-tipo-es","8":"product_cat-whisky-es","10":"first","11":"instock","12":"taxable","13":"shipping-taxable","14":"purchasable","15":"product-type-simple"},"aioseo_notices":[],"_links":{"self":[{"href":"https:\/\/pwinecastes.com\/es\/wp-json\/wp\/v2\/product\/12853","targetHints":{"allow":["GET"]}}],"collection":[{"href":"https:\/\/pwinecastes.com\/es\/wp-json\/wp\/v2\/product"}],"about":[{"href":"https:\/\/pwinecastes.com\/es\/wp-json\/wp\/v2\/types\/product"}],"version-history":[{"count":0,"href":"https:\/\/pwinecastes.com\/es\/wp-json\/wp\/v2\/product\/12853\/revisions"}],"wp:featuredmedia":[{"embeddable":true,"href":"https:\/\/pwinecastes.com\/es\/wp-json\/wp\/v2\/media\/13210"}],"wp:attachment":[{"href":"https:\/\/pwinecastes.com\/es\/wp-json\/wp\/v2\/media?parent=12853"}],"wp:term":[{"taxonomy":"product_brand","embeddable":true,"href":"https:\/\/pwinecastes.com\/es\/wp-json\/wp\/v2\/product_brand?post=12853"},{"taxonomy":"product_cat","embeddable":true,"href":"https:\/\/pwinecastes.com\/es\/wp-json\/wp\/v2\/product_cat?post=12853"},{"taxonomy":"product_tag","embeddable":true,"href":"https:\/\/pwinecastes.com\/es\/wp-json\/wp\/v2\/product_tag?post=12853"}],"curies":[{"name":"wp","href":"https:\/\/api.w.org\/{rel}","templated":true}]}}