{"id":12860,"date":"2024-06-07T13:19:14","date_gmt":"2024-06-07T13:19:14","guid":{"rendered":"https:\/\/pwinecastes.com\/product\/johnnie-walker-gold-label-reserve\/"},"modified":"2024-06-07T15:05:49","modified_gmt":"2024-06-07T15:05:49","slug":"johnnie-walker-gold-label-reserve","status":"publish","type":"product","link":"https:\/\/pwinecastes.com\/es\/product\/johnnie-walker-gold-label-reserve\/","title":{"rendered":"Johnnie Walker Gold Label Reserve"},"content":{"rendered":"<p>Whisky Johnnie Walker Gold Label Reserve<\/p>\n<ul>\n<li><strong>Regi\u00f3n: <\/strong>Escocia<\/li>\n<li><strong>Capacidad:<\/strong> 0,70 l<\/li>\n<li><strong>Graduaci\u00f3n alcoh\u00f3lica:<\/strong> 40% Vol.<\/li>\n<li><strong>Notas de cata: <\/strong>Aroma que se abre con el dulce y seductor aroma de la miel, caracterizado por sutiles toques de notas m\u00e1s amaderadas. Un sabor de vibrantes capas de frutas tropicales con un distintivo sabor a vainilla cremosa.<\/li>\n<li><strong>Informaci\u00f3n adicional:<\/strong> Contiene sulfitos<\/li>\n<\/ul>\n","protected":false},"excerpt":{"rendered":"<p>Whisky Johnnie Walker Gold Label Reserve Regi\u00f3n: Escocia Capacidad: 0,70 l Graduaci\u00f3n alcoh\u00f3lica: 40% Vol. Notas de cata: Aroma que se abre con el dulce y seductor aroma de la miel, caracterizado por sutiles toques de notas m\u00e1s amaderadas. Un sabor de vibrantes capas de frutas tropicales con un distintivo sabor a vainilla cremosa. Informaci\u00f3n [&hellip;]<\/p>\n","protected":false},"featured_media":13214,"template":"","meta":{"_monsterinsights_skip_tracking":false,"_monsterinsights_sitenote_active":false,"_monsterinsights_sitenote_note":"","_monsterinsights_sitenote_category":0},"product_brand":[],"product_cat":[187,188,192],"product_tag":[],"class_list":{"0":"post-12860","1":"product","2":"type-product","3":"status-publish","4":"has-post-thumbnail","6":"product_cat-destilados","7":"product_cat-tipo-es","8":"product_cat-whisky-es","10":"first","11":"instock","12":"taxable","13":"shipping-taxable","14":"purchasable","15":"product-type-simple"},"aioseo_notices":[],"_links":{"self":[{"href":"https:\/\/pwinecastes.com\/es\/wp-json\/wp\/v2\/product\/12860","targetHints":{"allow":["GET"]}}],"collection":[{"href":"https:\/\/pwinecastes.com\/es\/wp-json\/wp\/v2\/product"}],"about":[{"href":"https:\/\/pwinecastes.com\/es\/wp-json\/wp\/v2\/types\/product"}],"version-history":[{"count":0,"href":"https:\/\/pwinecastes.com\/es\/wp-json\/wp\/v2\/product\/12860\/revisions"}],"wp:featuredmedia":[{"embeddable":true,"href":"https:\/\/pwinecastes.com\/es\/wp-json\/wp\/v2\/media\/13214"}],"wp:attachment":[{"href":"https:\/\/pwinecastes.com\/es\/wp-json\/wp\/v2\/media?parent=12860"}],"wp:term":[{"taxonomy":"product_brand","embeddable":true,"href":"https:\/\/pwinecastes.com\/es\/wp-json\/wp\/v2\/product_brand?post=12860"},{"taxonomy":"product_cat","embeddable":true,"href":"https:\/\/pwinecastes.com\/es\/wp-json\/wp\/v2\/product_cat?post=12860"},{"taxonomy":"product_tag","embeddable":true,"href":"https:\/\/pwinecastes.com\/es\/wp-json\/wp\/v2\/product_tag?post=12860"}],"curies":[{"name":"wp","href":"https:\/\/api.w.org\/{rel}","templated":true}]}}