{"id":12878,"date":"2024-06-07T16:05:01","date_gmt":"2024-06-07T16:05:01","guid":{"rendered":"https:\/\/pwinecastes.com\/product\/jose-gourmet-fine-white\/"},"modified":"2024-06-07T16:05:01","modified_gmt":"2024-06-07T16:05:01","slug":"jose-gourmet-fine-white","status":"publish","type":"product","link":"https:\/\/pwinecastes.com\/es\/product\/jose-gourmet-fine-white\/","title":{"rendered":"Jos\u00e9 Gourmet Fine White"},"content":{"rendered":"<p>Jos\u00e9 Gourmet Oporto Blanco Fino<\/p>\n<ul>\n<li><strong>Regi\u00f3n:<\/strong> Portugal<\/li>\n<li><strong>Capacidad:<\/strong> 50 cL<\/li>\n<li><strong>Graduaci\u00f3n alcoh\u00f3lico: <\/strong>19,5% vol.<\/li>\n<li><strong>Nota de cata:<\/strong> El Blanco Fino es el resultado de una mezcla de diversas variedades de uva aut\u00f3ctonas, la mayor\u00eda procedentes de vi\u00f1as viejas. Los distintos vinos que componen la mezcla envejecen unos tres a\u00f1os en barrica, lo que les confiere una suavidad y un car\u00e1cter propios. Es un vino rico pero fresco, lo que lo convierte tanto en un excelente aperitivo como en un apreciado digestivo. De color c\u00edtrico, este Oporto tiene una agradable fragancia afrutada y almendrada. Muy equilibrado en su fracci\u00f3n dulce y \u00e1cida, con un final largo y afrutado.<\/li>\n<li><strong>Otros datos:<\/strong> Contiene sulfitos.<\/li>\n<\/ul>\n<p>&nbsp;<\/p>\n","protected":false},"excerpt":{"rendered":"<p>Jos\u00e9 Gourmet Oporto Blanco Fino Regi\u00f3n: Portugal Capacidad: 50 cL Graduaci\u00f3n alcoh\u00f3lico: 19,5% vol. Nota de cata: El Blanco Fino es el resultado de una mezcla de diversas variedades de uva aut\u00f3ctonas, la mayor\u00eda procedentes de vi\u00f1as viejas. Los distintos vinos que componen la mezcla envejecen unos tres a\u00f1os en barrica, lo que les confiere [&hellip;]<\/p>\n","protected":false},"featured_media":13286,"template":"","meta":{"_monsterinsights_skip_tracking":false,"_monsterinsights_sitenote_active":false,"_monsterinsights_sitenote_note":"","_monsterinsights_sitenote_category":0},"product_brand":[],"product_cat":[362,225,209,212],"product_tag":[],"class_list":{"0":"post-12878","1":"product","2":"type-product","3":"status-publish","4":"has-post-thumbnail","6":"product_cat-blanco-es-8","7":"product_cat-oporto","8":"product_cat-pais-es-2","9":"product_cat-portugal-es-2","11":"first","12":"instock","13":"taxable","14":"shipping-taxable","15":"purchasable","16":"product-type-simple"},"aioseo_notices":[],"_links":{"self":[{"href":"https:\/\/pwinecastes.com\/es\/wp-json\/wp\/v2\/product\/12878","targetHints":{"allow":["GET"]}}],"collection":[{"href":"https:\/\/pwinecastes.com\/es\/wp-json\/wp\/v2\/product"}],"about":[{"href":"https:\/\/pwinecastes.com\/es\/wp-json\/wp\/v2\/types\/product"}],"version-history":[{"count":0,"href":"https:\/\/pwinecastes.com\/es\/wp-json\/wp\/v2\/product\/12878\/revisions"}],"wp:featuredmedia":[{"embeddable":true,"href":"https:\/\/pwinecastes.com\/es\/wp-json\/wp\/v2\/media\/13286"}],"wp:attachment":[{"href":"https:\/\/pwinecastes.com\/es\/wp-json\/wp\/v2\/media?parent=12878"}],"wp:term":[{"taxonomy":"product_brand","embeddable":true,"href":"https:\/\/pwinecastes.com\/es\/wp-json\/wp\/v2\/product_brand?post=12878"},{"taxonomy":"product_cat","embeddable":true,"href":"https:\/\/pwinecastes.com\/es\/wp-json\/wp\/v2\/product_cat?post=12878"},{"taxonomy":"product_tag","embeddable":true,"href":"https:\/\/pwinecastes.com\/es\/wp-json\/wp\/v2\/product_tag?post=12878"}],"curies":[{"name":"wp","href":"https:\/\/api.w.org\/{rel}","templated":true}]}}