{"id":12985,"date":"2024-06-08T14:53:44","date_gmt":"2024-06-08T14:53:44","guid":{"rendered":"https:\/\/pwinecastes.com\/product\/henriques-henriques-5-anos-medio-seco\/"},"modified":"2024-06-08T14:53:44","modified_gmt":"2024-06-08T14:53:44","slug":"henriques-henriques-5-anos-medio-seco","status":"publish","type":"product","link":"https:\/\/pwinecastes.com\/es\/product\/henriques-henriques-5-anos-medio-seco\/","title":{"rendered":"Henriques &amp; Henriques 5 A\u00f1os Medio Seco"},"content":{"rendered":"<p>Vino de Madeira Henriques &amp; Henriques 5 A\u00f1os Medio Seco<\/p>\n<ul>\n<li><strong>Regi\u00f3n: <\/strong>Douro<\/li>\n<li><strong>Capacidad:<\/strong> 75 cL<\/li>\n<li><strong>Graduaci\u00f3n alcoh\u00f3lica: <\/strong>19<\/li>\n<li><strong>Nota de cata:<\/strong> El efecto suavizante del envejecimiento en barricas de roble ha creado este Madeira de color dorado claro. Un vino armonioso con un aroma afrutado duradero. En boca es medio seco, suave y elegante, con mucha frescura para hacerlo realmente delicioso.  <\/li>\n<li><strong>Armonizaci\u00f3n:<\/strong> lo ideal es servirlo despu\u00e9s de una comida.<\/li>\n<li><strong>Informaci\u00f3n adicional:<\/strong> Contiene sulfitos.<\/li>\n<\/ul>\n","protected":false},"excerpt":{"rendered":"<p>Vino de Madeira Henriques &amp; Henriques 5 A\u00f1os Medio Seco Regi\u00f3n: Douro Capacidad: 75 cL Graduaci\u00f3n alcoh\u00f3lica: 19 Nota de cata: El efecto suavizante del envejecimiento en barricas de roble ha creado este Madeira de color dorado claro. Un vino armonioso con un aroma afrutado duradero. En boca es medio seco, suave y elegante, con [&hellip;]<\/p>\n","protected":false},"featured_media":13333,"template":"","meta":{"_monsterinsights_skip_tracking":false,"_monsterinsights_sitenote_active":false,"_monsterinsights_sitenote_note":"","_monsterinsights_sitenote_category":0},"product_brand":[],"product_cat":[227,209,212,221,102],"product_tag":[],"class_list":{"0":"post-12985","1":"product","2":"type-product","3":"status-publish","4":"has-post-thumbnail","6":"product_cat-madeira-es","7":"product_cat-pais-es-2","8":"product_cat-portugal-es-2","9":"product_cat-tipo-es-4","10":"product_cat-vinos","12":"first","13":"instock","14":"taxable","15":"shipping-taxable","16":"purchasable","17":"product-type-simple"},"aioseo_notices":[],"_links":{"self":[{"href":"https:\/\/pwinecastes.com\/es\/wp-json\/wp\/v2\/product\/12985","targetHints":{"allow":["GET"]}}],"collection":[{"href":"https:\/\/pwinecastes.com\/es\/wp-json\/wp\/v2\/product"}],"about":[{"href":"https:\/\/pwinecastes.com\/es\/wp-json\/wp\/v2\/types\/product"}],"version-history":[{"count":0,"href":"https:\/\/pwinecastes.com\/es\/wp-json\/wp\/v2\/product\/12985\/revisions"}],"wp:featuredmedia":[{"embeddable":true,"href":"https:\/\/pwinecastes.com\/es\/wp-json\/wp\/v2\/media\/13333"}],"wp:attachment":[{"href":"https:\/\/pwinecastes.com\/es\/wp-json\/wp\/v2\/media?parent=12985"}],"wp:term":[{"taxonomy":"product_brand","embeddable":true,"href":"https:\/\/pwinecastes.com\/es\/wp-json\/wp\/v2\/product_brand?post=12985"},{"taxonomy":"product_cat","embeddable":true,"href":"https:\/\/pwinecastes.com\/es\/wp-json\/wp\/v2\/product_cat?post=12985"},{"taxonomy":"product_tag","embeddable":true,"href":"https:\/\/pwinecastes.com\/es\/wp-json\/wp\/v2\/product_tag?post=12985"}],"curies":[{"name":"wp","href":"https:\/\/api.w.org\/{rel}","templated":true}]}}