{"id":13032,"date":"2024-06-11T13:27:32","date_gmt":"2024-06-11T13:27:32","guid":{"rendered":"https:\/\/pwinecastes.com\/product\/mamore-aguardente-velhissima-50-anos\/"},"modified":"2024-06-11T13:32:35","modified_gmt":"2024-06-11T13:32:35","slug":"mamore-aguardente-velhissima-50-anos","status":"publish","type":"product","link":"https:\/\/pwinecastes.com\/es\/product\/mamore-aguardente-velhissima-50-anos\/","title":{"rendered":"Mamor\u00e9 Aguardente Velh\u00edssima 50 A\u00f1os"},"content":{"rendered":"<p>Mamor\u00e9 Aguardente V\u00ednica Velh\u00edssima Edici\u00f3n Conmemorativa 50 A\u00f1os<\/p>\n<ul>\n<li><strong>Regi\u00f3n: <\/strong>Alentejo<\/li>\n<li><strong>Capacidad:<\/strong> 50cl<\/li>\n<li><strong>Graduaci\u00f3n alcoh\u00f3lica:<\/strong> 37,5% Vol.<\/li>\n<li><strong>Notas de cata:<\/strong> La cata te permite apreciar un brandy de color cobrizo, con intensos aromas especiados y una sensaci\u00f3n en boca compleja pero elegante, que te permite percibir un producto de una calidad superior casi inigualable. Ha envejecido en barricas de roble nacional durante unos 50 a\u00f1os.<\/li>\n<li><strong>Informaci\u00f3n adicional:<\/strong> Contiene sulfitos<\/li>\n<\/ul>\n","protected":false},"excerpt":{"rendered":"<p>Mamor\u00e9 Aguardente V\u00ednica Velh\u00edssima Edici\u00f3n Conmemorativa 50 A\u00f1os Regi\u00f3n: Alentejo Capacidad: 50cl Graduaci\u00f3n alcoh\u00f3lica: 37,5% Vol. Notas de cata: La cata te permite apreciar un brandy de color cobrizo, con intensos aromas especiados y una sensaci\u00f3n en boca compleja pero elegante, que te permite percibir un producto de una calidad superior casi inigualable. Ha envejecido [&hellip;]<\/p>\n","protected":false},"featured_media":13357,"template":"","meta":{"_monsterinsights_skip_tracking":false,"_monsterinsights_sitenote_active":false,"_monsterinsights_sitenote_note":"","_monsterinsights_sitenote_category":0},"product_brand":[],"product_cat":[189,187,188],"product_tag":[],"class_list":{"0":"post-13032","1":"product","2":"type-product","3":"status-publish","4":"has-post-thumbnail","6":"product_cat-aguardiente","7":"product_cat-destilados","8":"product_cat-tipo-es","10":"first","11":"instock","12":"taxable","13":"shipping-taxable","14":"purchasable","15":"product-type-simple"},"aioseo_notices":[],"_links":{"self":[{"href":"https:\/\/pwinecastes.com\/es\/wp-json\/wp\/v2\/product\/13032","targetHints":{"allow":["GET"]}}],"collection":[{"href":"https:\/\/pwinecastes.com\/es\/wp-json\/wp\/v2\/product"}],"about":[{"href":"https:\/\/pwinecastes.com\/es\/wp-json\/wp\/v2\/types\/product"}],"version-history":[{"count":0,"href":"https:\/\/pwinecastes.com\/es\/wp-json\/wp\/v2\/product\/13032\/revisions"}],"wp:featuredmedia":[{"embeddable":true,"href":"https:\/\/pwinecastes.com\/es\/wp-json\/wp\/v2\/media\/13357"}],"wp:attachment":[{"href":"https:\/\/pwinecastes.com\/es\/wp-json\/wp\/v2\/media?parent=13032"}],"wp:term":[{"taxonomy":"product_brand","embeddable":true,"href":"https:\/\/pwinecastes.com\/es\/wp-json\/wp\/v2\/product_brand?post=13032"},{"taxonomy":"product_cat","embeddable":true,"href":"https:\/\/pwinecastes.com\/es\/wp-json\/wp\/v2\/product_cat?post=13032"},{"taxonomy":"product_tag","embeddable":true,"href":"https:\/\/pwinecastes.com\/es\/wp-json\/wp\/v2\/product_tag?post=13032"}],"curies":[{"name":"wp","href":"https:\/\/api.w.org\/{rel}","templated":true}]}}