{"id":13061,"date":"2024-06-13T10:56:22","date_gmt":"2024-06-13T10:56:22","guid":{"rendered":"https:\/\/pwinecastes.com\/product\/pedro-ines-blanco-2022\/"},"modified":"2024-09-11T17:46:20","modified_gmt":"2024-09-11T17:46:20","slug":"pedro-ines-blanco-2022","status":"publish","type":"product","link":"https:\/\/pwinecastes.com\/es\/product\/pedro-ines-blanco-2022\/","title":{"rendered":"Pedro &amp; In\u00e9s Blanco 2022"},"content":{"rendered":"<p>Pedro &amp; In\u00eas Vino Blanco 2022<\/p>\n<ul>\n<li><strong>Regi\u00f3n: <\/strong>D\u00e3o<\/li>\n<li><strong>Capacidad:<\/strong> 75 cL<\/li>\n<li><strong>Variedades de uva: <\/strong>Encruzado, Malvasia Fina<\/li>\n<li><strong>Graduaci\u00f3n alcoh\u00f3lica: <\/strong>13% Vol.<\/li>\n<li><strong>Nota de cata:<\/strong> Color cristalino con aroma a frutos secos. Es delicado y con cuerpo al mismo tiempo, con notas de pera, almendra y un claro tostado. La entrada en boca muestra elegancia y la explosi\u00f3n de sabor del final es persistente y envolvente.<\/li>\n<li><strong>Armonizaci\u00f3n: <\/strong>Combina bien con salm\u00f3n, bacalao, risotto de gambas, ostras y sushi.<\/li>\n<li><strong>Otros datos:<\/strong> Contiene sulfitos.<\/li>\n<\/ul>\n","protected":false},"excerpt":{"rendered":"<p>Pedro &amp; In\u00eas Vino Blanco 2022 Regi\u00f3n: D\u00e3o Capacidad: 75 cL Variedades de uva: Encruzado, Malvasia Fina Graduaci\u00f3n alcoh\u00f3lica: 13% Vol. Nota de cata: Color cristalino con aroma a frutos secos. Es delicado y con cuerpo al mismo tiempo, con notas de pera, almendra y un claro tostado. La entrada en boca muestra elegancia y [&hellip;]<\/p>\n","protected":false},"featured_media":13387,"template":"","meta":{"_monsterinsights_skip_tracking":false,"_monsterinsights_sitenote_active":false,"_monsterinsights_sitenote_note":"","_monsterinsights_sitenote_category":0},"product_brand":[],"product_cat":[250,216,209,212,213,102],"product_tag":[],"class_list":{"0":"post-13061","1":"product","2":"type-product","3":"status-publish","4":"has-post-thumbnail","6":"product_cat-blanco-es-3","7":"product_cat-dao-es","8":"product_cat-pais-es-2","9":"product_cat-portugal-es-2","10":"product_cat-region-es","11":"product_cat-vinos","13":"first","14":"outofstock","15":"taxable","16":"shipping-taxable","17":"purchasable","18":"product-type-simple"},"aioseo_notices":[],"_links":{"self":[{"href":"https:\/\/pwinecastes.com\/es\/wp-json\/wp\/v2\/product\/13061","targetHints":{"allow":["GET"]}}],"collection":[{"href":"https:\/\/pwinecastes.com\/es\/wp-json\/wp\/v2\/product"}],"about":[{"href":"https:\/\/pwinecastes.com\/es\/wp-json\/wp\/v2\/types\/product"}],"version-history":[{"count":0,"href":"https:\/\/pwinecastes.com\/es\/wp-json\/wp\/v2\/product\/13061\/revisions"}],"wp:featuredmedia":[{"embeddable":true,"href":"https:\/\/pwinecastes.com\/es\/wp-json\/wp\/v2\/media\/13387"}],"wp:attachment":[{"href":"https:\/\/pwinecastes.com\/es\/wp-json\/wp\/v2\/media?parent=13061"}],"wp:term":[{"taxonomy":"product_brand","embeddable":true,"href":"https:\/\/pwinecastes.com\/es\/wp-json\/wp\/v2\/product_brand?post=13061"},{"taxonomy":"product_cat","embeddable":true,"href":"https:\/\/pwinecastes.com\/es\/wp-json\/wp\/v2\/product_cat?post=13061"},{"taxonomy":"product_tag","embeddable":true,"href":"https:\/\/pwinecastes.com\/es\/wp-json\/wp\/v2\/product_tag?post=13061"}],"curies":[{"name":"wp","href":"https:\/\/api.w.org\/{rel}","templated":true}]}}